{"id":37165,"date":"2022-08-25T10:29:45","date_gmt":"2022-08-25T08:29:45","guid":{"rendered":"https:\/\/milin.pl\/?post_type=product&#038;p=37165"},"modified":"2023-06-03T20:21:43","modified_gmt":"2023-06-03T18:21:43","slug":"zestaw-edukacyjny","status":"publish","type":"product","link":"https:\/\/milin.pl\/de\/produkt\/zestaw-edukacyjny\/","title":{"rendered":"Zestaw edukacyjny"},"content":{"rendered":"<p>Zestaw zawiera nasze Bestsellery zabawek edukacyjnych :<\/p>\n<ul>\n<li>2 x kolorowe abecad\u0142o<\/li>\n<li>2 x kolorowa matematyka<\/li>\n<li>2 x cyfry z kulkami do nauki liczenia<\/li>\n<li>4 x du\u017ca przeplotka Piesek Oskar<\/li>\n<li>3 x du\u017ca przeplotka Dinozaur Maks<\/li>\n<li>2 x ma\u0142a przeplotka Owieczka Mania<\/li>\n<li>2 x ma\u0142a przeplotka S\u0142o\u0144 Ludwik<\/li>\n<li>7 x sznurowad\u0142o d\u0142ugie w r\u00f3\u017cnych kolorach<\/li>\n<li>4 x sznurowad\u0142o kr\u00f3tkie w r\u00f3\u017cnych kolorach<\/li>\n<li>tekturowy ekspozytor<\/li>\n<\/ul>\n<p>Wymiar: szeroko\u015b\u0107 45,5 cm x wysoko\u015b\u0107 34 cm\u00a0 x d\u0142ugo\u015b\u0107 33 cm<\/p>\n","protected":false},"excerpt":{"rendered":"<p>Zestaw zawiera nasze Bestsellery zabawek edukacyjnych :<\/p>\n<ul>\n<li>2 x kolorowe abecad\u0142o<\/li>\n<li>2 x kolorowa matematyka<\/li>\n<li>2 x klocki kontrastowe<\/li>\n<li>2 x cyfry z kulkami do nauki liczenia<\/li>\n<li>5 x du\u017ca przeplotka Piesek Oskar<\/li>\n<li>3 x du\u017ca przeplotka Dinozaur Maks<\/li>\n<li>2 x ma\u0142a przeplotka Owieczka Mania<\/li>\n<li>2 x ma\u0142a przeplotka S\u0142o\u0144 Ludwik<\/li>\n<li>7 x sznurowad\u0142o d\u0142ugie w r\u00f3\u017cnych kolorach<\/li>\n<li>4 x sznurowad\u0142o kr\u00f3tkie w r\u00f3\u017cnych kolorach<\/li>\n<li>tekturowy ekspozytor<\/li>\n<\/ul>\n<p>Wymiar: szeroko\u015b\u0107 45,5 cm x wysoko\u015b\u0107 34 cm\u00a0 x d\u0142ugo\u015b\u0107 33 cm<\/p>\n","protected":false},"featured_media":37168,"template":"","meta":{"_acf_changed":false},"product_brand":[],"product_cat":[110],"product_tag":[],"class_list":{"0":"post-37165","1":"product","2":"type-product","3":"status-publish","4":"has-post-thumbnail","6":"product_cat-ekspozycja","7":"product_shipping_class-paczkomat-wylaczony","9":"first","10":"instock","11":"taxable","12":"shipping-taxable","13":"purchasable","14":"product-type-simple"},"acf":[],"_links":{"self":[{"href":"https:\/\/milin.pl\/de\/wp-json\/wp\/v2\/product\/37165","targetHints":{"allow":["GET"]}}],"collection":[{"href":"https:\/\/milin.pl\/de\/wp-json\/wp\/v2\/product"}],"about":[{"href":"https:\/\/milin.pl\/de\/wp-json\/wp\/v2\/types\/product"}],"wp:featuredmedia":[{"embeddable":true,"href":"https:\/\/milin.pl\/de\/wp-json\/wp\/v2\/media\/37168"}],"wp:attachment":[{"href":"https:\/\/milin.pl\/de\/wp-json\/wp\/v2\/media?parent=37165"}],"wp:term":[{"taxonomy":"product_brand","embeddable":true,"href":"https:\/\/milin.pl\/de\/wp-json\/wp\/v2\/product_brand?post=37165"},{"taxonomy":"product_cat","embeddable":true,"href":"https:\/\/milin.pl\/de\/wp-json\/wp\/v2\/product_cat?post=37165"},{"taxonomy":"product_tag","embeddable":true,"href":"https:\/\/milin.pl\/de\/wp-json\/wp\/v2\/product_tag?post=37165"}],"curies":[{"name":"wp","href":"https:\/\/api.w.org\/{rel}","templated":true}]}}