{"id":41197,"date":"2022-02-20T11:53:20","date_gmt":"2022-02-20T10:53:20","guid":{"rendered":"https:\/\/milin.pl\/?post_type=product&#038;p=41197"},"modified":"2025-03-20T14:42:15","modified_gmt":"2025-03-20T13:42:15","slug":"jonas-der-igel-hoelzernes-schnuerspielzeug-montessori","status":"publish","type":"product","link":"https:\/\/milin.pl\/de\/produkt\/jonas-der-igel-hoelzernes-schnuerspielzeug-montessori\/","title":{"rendered":"Jonas der Igel &#8211; h\u00f6lzernes Schn\u00fcrspielzeug Montessori"},"content":{"rendered":"","protected":false},"excerpt":{"rendered":"<p>H\u00f6lzernes Montessori \u2013 Spielzeug entwickelt Kreativit\u00e4t, Vorstellungskraft und feinmotorische F\u00e4higkeiten.<br \/>\nBeim Einf\u00e4deln der Tiere auf einen Schn\u00fcrsenkel lernt das Kind auf eine fr\u00f6hliche, spielerische Weise die Namen der Tiere und Farben kennen.<\/p>\n<p><strong><span style=\"color: #aec8bd;\">Das F\u00e4delspiel hat einen Einfluss auf die Entwicklung Ihres Kindes! Welchen?<\/span><\/strong><\/p>\n<p>\u2022 Beim Spiel \u00fcbt das Kind die Augenmuskeln \u2013 empfohlen von dem Augenarzt.<\/p>\n<p>\u2022 Es entwickelt manuelle F\u00e4higkeiten und Feinmotorik, die als Basis zur Schrift- und Sprachentwicklung dienen.<\/p>\n<p>\u2022 Es unterst\u00fctzt die Entstehung neuer Neuron-Verbindungen im Gehirn durch \u00dcbung der Koordination Auge-Hand-Bewegung.<\/p>\n<p>\u2022 Es entwickelt Kreativit\u00e4t und Selbstst\u00e4ndigkeit.<\/p>\n<p>\u2022 Es f\u00f6rdert die Entwicklung des Denkprozesses und der Strategie des Probleml\u00f6sens, Konzentration und Ged\u00e4chtnis.<\/p>\n<p><strong><span style=\"color: #aec8bd;\">Warum ist das Spielzeug ein Must Have? Sieben Gr\u00fcnde, warum Sie es haben m\u00fcssen:<\/span><\/strong><\/p>\n<p>\u2022 Entwicklung der Feinmotorik.<br \/>\n\u2022 Leises Spiel.<br \/>\n\u2022 Kompaktheit.<br \/>\n\u2022 Geduld\u00fcbung<br \/>\n\u2022 Haltbarkeit und Sicherheit.<br \/>\n\u2022 Vorstellungskraft.<br \/>\n\u2022 \u00c4sthetik.<\/p>\n<p><strong><span style=\"color: #aec8bd;\">Wichtiges \u00fcber das Schn\u00fcrspielzeug:<\/span><\/strong><\/p>\n<p>\u2022 Ausgezeichnet im Wettbewerb \u201eSpielzeug des Jahres 2020\u201d in der Kategorie: \u201eKindergartenspielzeug\u201c.<\/p>\n<p>\u2022 Empfohlen f\u00fcr Kinder ab 3 Jahren.<\/p>\n<p>\u2022 Zum Set ist ein Schn\u00fcrsenkel in einer zuf\u00e4llig ausgew\u00e4hlten Farbe hinzugef\u00fcgt.<\/p>\n<p>\u2022 Hergestellt in Polen, in einer Familienmanufaktur.<\/p>\n<p>\u2022 100% sichere, zertifizierte Materialien.<\/p>\n<p>\u2022 Biologisch abbaubare Rohstoffe, von \u00f6ko-bewussten Herstellern.<\/p>\n<p>\u2022 Handveredelt.<\/p>\n<p>\u2022 Abmessungen: 11 x 15 x 0,7 cm.<\/p>\n","protected":false},"featured_media":42968,"template":"","meta":{"_acf_changed":false},"product_brand":[85],"product_cat":[185,183],"product_tag":[],"class_list":{"0":"post-41197","1":"product","2":"type-product","3":"status-publish","4":"has-post-thumbnail","6":"product_brand-milin-toys","7":"product_cat-alles-spielzeug","8":"product_cat-schnuerspielzeug","10":"first","11":"instock","12":"taxable","13":"shipping-taxable","14":"purchasable","15":"product-type-simple"},"acf":[],"_links":{"self":[{"href":"https:\/\/milin.pl\/de\/wp-json\/wp\/v2\/product\/41197","targetHints":{"allow":["GET"]}}],"collection":[{"href":"https:\/\/milin.pl\/de\/wp-json\/wp\/v2\/product"}],"about":[{"href":"https:\/\/milin.pl\/de\/wp-json\/wp\/v2\/types\/product"}],"wp:featuredmedia":[{"embeddable":true,"href":"https:\/\/milin.pl\/de\/wp-json\/wp\/v2\/media\/42968"}],"wp:attachment":[{"href":"https:\/\/milin.pl\/de\/wp-json\/wp\/v2\/media?parent=41197"}],"wp:term":[{"taxonomy":"product_brand","embeddable":true,"href":"https:\/\/milin.pl\/de\/wp-json\/wp\/v2\/product_brand?post=41197"},{"taxonomy":"product_cat","embeddable":true,"href":"https:\/\/milin.pl\/de\/wp-json\/wp\/v2\/product_cat?post=41197"},{"taxonomy":"product_tag","embeddable":true,"href":"https:\/\/milin.pl\/de\/wp-json\/wp\/v2\/product_tag?post=41197"}],"curies":[{"name":"wp","href":"https:\/\/api.w.org\/{rel}","templated":true}]}}