{"id":41448,"date":"2022-02-20T11:53:25","date_gmt":"2022-02-20T10:53:25","guid":{"rendered":"https:\/\/milin.pl\/?post_type=product&#038;p=41448"},"modified":"2025-04-02T13:07:45","modified_gmt":"2025-04-02T11:07:45","slug":"der-hund-hoelzernes-schnuerspielzeug-montessori","status":"publish","type":"product","link":"https:\/\/milin.pl\/de\/produkt\/der-hund-hoelzernes-schnuerspielzeug-montessori\/","title":{"rendered":"Der Hund -h\u00f6lzernes Schn\u00fcrspielzeug Montessori"},"content":{"rendered":"<p style=\"text-align: center;\">Die kleinen Spielzeuge empfehlen wir als Anfang des Abenteuers mit dem Auff\u00e4deln. Sie k\u00f6nnen pr\u00fcfen, auf welcher Etappe der Entwicklung der Feinmotorik ist Ihr Kind und dann nach einer gr\u00f6\u00dferen Version greifen.<br \/>\nPerfekt f\u00fcr kleine H\u00e4ndchen!<\/p>\n","protected":false},"excerpt":{"rendered":"<p lang=\"de-DE\"><span style=\"color: #666666;\"><span style=\"font-family: Capriola;\">H\u00f6lzernes Montessori &#8211; Spielzeug entwickelt Kreativit\u00e4t, Vorstellungskraft und feinmotorische F\u00e4higkeiten.<\/span><\/span><\/p>\n<p lang=\"de-DE\"><span style=\"color: #777777;\"><span style=\"font-family: Capriola;\">Beim Einf\u00e4deln der Tiere auf einen Schn\u00fcrsenkel lernt das Kind auf eine fr\u00f6hliche, spielerische Weise die Namen der Tiere und Farben kennen.<\/span><\/span><\/p>\n<p><strong><span style=\"color: #aec8bd;\"><span style=\"font-family: Capriola;\"><span lang=\"de-DE\">Das F\u00e4delspiel hat einen Einfluss auf die Entwicklung Ihres Kindes! Welchen?<\/span><\/span><\/span><\/strong><\/p>\n<ul>\n<li>\n<p lang=\"de-DE\"><span style=\"color: #666666;\"><span style=\"font-family: Capriola;\">Beim Spiel \u00fcbt das Kind die Augenmuskeln \u2013 empfohlen von dem Augenarzt.<\/span><\/span><\/p>\n<\/li>\n<li>\n<p lang=\"de-DE\"><span style=\"color: #666666;\"><span style=\"font-family: Capriola;\">Es entwickelt manuelle F\u00e4higkeiten und Feinmotorik, die als Basis zur Schrift- und Sprachentwicklung dienen.<\/span><\/span><\/p>\n<\/li>\n<li>\n<p lang=\"de-DE\"><span style=\"color: #666666;\"><span style=\"font-family: Capriola;\">Es unterst\u00fctzt die Entstehung neuer Neuron-Verbindungen im Gehirn durch \u00dcbung der Koordination Auge-Hand-Bewegung.<\/span><\/span><\/p>\n<\/li>\n<li>\n<p lang=\"de-DE\"><span style=\"color: #666666;\"><span style=\"font-family: Capriola;\">Es entwickelt Kreativit\u00e4t und Selbstst\u00e4ndigkeit.<\/span><\/span><\/p>\n<\/li>\n<li><span style=\"font-family: Capriola;\">Es f\u00f6rdert die Entwicklung des Denkprozesses und der Strategie des Probleml\u00f6sens, Konzentration und Ged\u00e4chtnis.<\/span><\/li>\n<\/ul>\n<p>&nbsp;<\/p>\n<p><strong><span style=\"color: #aec8bd;\"><span style=\"font-family: Capriola;\"><span lang=\"de-DE\">Warum ist das Spielzeug ein Must Have? Sieben Gr\u00fcnde, warum Sie es haben m\u00fcssen:<\/span><\/span><\/span><\/strong><\/p>\n<ul>\n<li>\n<p lang=\"de-DE\"><span style=\"color: #666666;\"><span style=\"font-family: Capriola;\">Entwicklung der Feinmotorik.<\/span><\/span><\/p>\n<\/li>\n<li>\n<p lang=\"de-DE\"><span style=\"color: #666666;\"><span style=\"font-family: Capriola;\">Leises Spiel.<\/span><\/span><\/p>\n<\/li>\n<li>\n<p lang=\"de-DE\"><span style=\"color: #666666;\"><span style=\"font-family: Capriola;\">Kompaktheit.<\/span><\/span><\/p>\n<\/li>\n<li>\n<p lang=\"de-DE\"><span style=\"color: #666666;\"><span style=\"font-family: Capriola;\">Geduld\u00fcbung<\/span><\/span><\/p>\n<\/li>\n<li>\n<p lang=\"de-DE\"><span style=\"color: #666666;\"><span style=\"font-family: Capriola;\">Haltbarkeit und Sicherheit.<\/span><\/span><\/p>\n<\/li>\n<li>\n<p lang=\"de-DE\"><span style=\"color: #666666;\"><span style=\"font-family: Capriola;\">Vorstellungskraft.<\/span><\/span><\/p>\n<\/li>\n<li>\n<p lang=\"de-DE\"><span style=\"color: #666666;\"><span style=\"font-family: Capriola;\">\u00c4sthetik.<\/span><\/span><\/p>\n<\/li>\n<\/ul>\n<p><strong><span style=\"color: #aec8bd;\"><span style=\"font-family: Capriola;\"><span lang=\"de-DE\">Wichtiges \u00fcber das Schn\u00fcrspielzeug:<\/span><\/span><\/span><\/strong><\/p>\n<ul>\n<li>\n<p lang=\"de-DE\"><span style=\"color: #666666;\"><span style=\"font-family: Capriola;\">Ausgezeichnet im Wettbewerb \u201eSpielzeug des Jahres 2020\u201d in der Kategorie: \u201eKindergartenspielzeug\u201c.<\/span><\/span><\/p>\n<\/li>\n<li>\n<p lang=\"de-DE\"><span style=\"color: #666666;\"><span style=\"font-family: Capriola;\">Empfohlen f\u00fcr Kinder ab 3 Jahren.<\/span><\/span><\/p>\n<\/li>\n<li>\n<p lang=\"de-DE\"><span style=\"color: #666666;\"><span style=\"font-family: Capriola;\">Zum Set ist ein Schn\u00fcrsenkel in einer zuf\u00e4llig ausgew\u00e4hlten Farbe hinzugef\u00fcgt.<\/span><\/span><\/p>\n<\/li>\n<li>\n<p lang=\"de-DE\"><span style=\"color: #666666;\"><span style=\"font-family: Capriola;\">Hergestellt in Polen, in einer Familienmanufaktur.<\/span><\/span><\/p>\n<\/li>\n<li>\n<p lang=\"de-DE\"><span style=\"color: #666666;\"><span style=\"font-family: Capriola;\">100% sichere, zertifizierte Materialien.<\/span><\/span><\/p>\n<\/li>\n<li>\n<p lang=\"de-DE\"><span style=\"color: #666666;\"><span style=\"font-family: Capriola;\">Biologisch abbaubare Rohstoffe, von \u00f6ko-bewussten Herstellern.<\/span><\/span><\/p>\n<\/li>\n<li>\n<p lang=\"de-DE\"><span style=\"color: #666666;\"><span style=\"font-family: Capriola;\">Handveredelt.<\/span><\/span><\/p>\n<\/li>\n<li>\n<p lang=\"de-DE\"><span style=\"color: #666666;\"><span style=\"font-family: Capriola;\">Abmessungen: 10 x 10 x 0,7 cm.<\/span><\/span><\/p>\n<\/li>\n<\/ul>\n","protected":false},"featured_media":43472,"template":"","meta":{"_acf_changed":false},"product_brand":[85],"product_cat":[181],"product_tag":[],"class_list":{"0":"post-41448","1":"product","2":"type-product","3":"status-publish","4":"has-post-thumbnail","6":"product_brand-milin-toys","7":"product_cat-kleines-schnuerspielzeug","9":"first","10":"instock","11":"taxable","12":"shipping-taxable","13":"purchasable","14":"product-type-simple"},"acf":[],"_links":{"self":[{"href":"https:\/\/milin.pl\/de\/wp-json\/wp\/v2\/product\/41448","targetHints":{"allow":["GET"]}}],"collection":[{"href":"https:\/\/milin.pl\/de\/wp-json\/wp\/v2\/product"}],"about":[{"href":"https:\/\/milin.pl\/de\/wp-json\/wp\/v2\/types\/product"}],"wp:featuredmedia":[{"embeddable":true,"href":"https:\/\/milin.pl\/de\/wp-json\/wp\/v2\/media\/43472"}],"wp:attachment":[{"href":"https:\/\/milin.pl\/de\/wp-json\/wp\/v2\/media?parent=41448"}],"wp:term":[{"taxonomy":"product_brand","embeddable":true,"href":"https:\/\/milin.pl\/de\/wp-json\/wp\/v2\/product_brand?post=41448"},{"taxonomy":"product_cat","embeddable":true,"href":"https:\/\/milin.pl\/de\/wp-json\/wp\/v2\/product_cat?post=41448"},{"taxonomy":"product_tag","embeddable":true,"href":"https:\/\/milin.pl\/de\/wp-json\/wp\/v2\/product_tag?post=41448"}],"curies":[{"name":"wp","href":"https:\/\/api.w.org\/{rel}","templated":true}]}}