{"id":41615,"date":"2022-11-18T16:57:51","date_gmt":"2022-11-18T15:57:51","guid":{"rendered":"https:\/\/milin.pl\/?post_type=product&#038;p=41615"},"modified":"2025-10-01T00:00:18","modified_gmt":"2025-09-30T22:00:18","slug":"mittelmaessiges-mietshaus-holz-kreidetafel","status":"publish","type":"product","link":"https:\/\/milin.pl\/de\/produkt\/mittelmaessiges-mietshaus-holz-kreidetafel\/","title":{"rendered":"Mittelm\u00e4\u00dfiges Mietshaus &#8211; Holz-Kreidetafel"},"content":{"rendered":"","protected":false},"excerpt":{"rendered":"<ul>\n<li>Das Malen auf einer Holzkreidetafel entwickelt graphomotorische F\u00e4higkeiten, Kreativit\u00e4t und Vorstellungskraft.<strong><span style=\"color: #aec8bd;\">Das Bemalen der H\u00e4user hat einen Einfluss auf die Entwicklung Ihres Kindes! Welchen?<\/span><\/strong>\u2022 Das Kind \u00fcbt w\u00e4hrend des Spiels graphomotorische F\u00e4higkeiten \u2013 zwischen dem 2.5. und 3. Lebensjahr beginnt es Linien, Zickzacke und Striche zu zeichnen. Dann beginnt es horizontal, vertikal und schr\u00e4g zu zeichnen. Dann zeichnet es Halbkreise und endlich Kreise.\u2022 Im Alter von 3 Jahren kann das Kind mit seiner Hand Kreisbewegungen machen, Kreuze, Kreise Vierecke zeichnen \u2013 was die Basis f\u00fcr sp\u00e4teres Zeichnen bildet.\n<p>\u2022 Das Kind entwickelt motorische F\u00e4higkeiten und Feinmotorik, die als Grundlage zur Schrift und Sprachentwicklung dienen. Der Griff des Kindes verst\u00e4rkt sich.<\/p>\n<p>\u2022 Das Malen auf einer Tafel unterst\u00fctzt die Entstehung neuer Neuron-Verbindungen im Gehirn durch \u00dcbung der Koordination Auge-Hand-Bewegung.<\/p>\n<p>\u2022 Es f\u00f6rdert die Entwicklung des Denkprozesses und der Strategie des Probleml\u00f6sens, Konzentration und Ged\u00e4chtnis.<\/p>\n<p>\u2022 Es entwickelt Kreativit\u00e4t und Selbstst\u00e4ndigkeit.<\/p>\n<p><strong><span style=\"color: #aec8bd;\">Warum sind die Spielzeuge ein Must Have? Sieben Gr\u00fcnde, warum Sie diese haben m\u00fcssen:<\/span><\/strong><\/p>\n<p>\u2022 Sch\u00f6ne Dekoration des Kinderzimmers.<br \/>\n\u2022 Entwicklung der Graphomotorik und Feinmotorik.<br \/>\n\u2022 Leises Spiel.<br \/>\n\u2022 Kompaktheit.<br \/>\n\u2022 Haltbarkeit und Sicherheit.<br \/>\n\u2022 Vorstellungskraft.<br \/>\n\u2022 \u00c4sthetik.<\/p>\n<p><strong><span style=\"color: #aec8bd;\">Wichtiges \u00fcber Kreidetafeln:<\/span><\/strong><\/p>\n<p>\u2022 Auf einer Seite ist die Tafel mit einer Tafelfarbe bedeckt und hat eingravierte Elemente, die Sie zum Abbilden von Objekten mit Hilfe einer Kreide benutzen k\u00f6nnen oder zum Verbinden z.B. von Punkten. Auf der anderen Seite dagegen ist sie\u00a0wei\u00df.<\/p>\n<p>\u2022 Empfohlen f\u00fcr Kinder ab 3 Jahren.<\/p>\n<p>\u2022 Zum Set ist die Kreide in vier Farben eingef\u00fcgt.<\/p>\n<p>\u2022 Hergestellt in Polen, in einer Familienmanufaktur.<\/p>\n<p>\u2022 100% sichere, zertifizierte Materialien.<\/p>\n<p>\u2022 Biologisch abbaubare Rohstoffe, von \u00f6ko-bewussten Herstellern.<\/p>\n<p>\u2022 Handveredelt.<\/p>\n<p>\u2022 Sie k\u00f6nnen die Tafel an die Wand h\u00e4ngen<\/p>\n<p>\u2022 Abmessungen 94 x 21 x 0,7 cm.<\/li>\n<\/ul>\n","protected":false},"featured_media":41814,"template":"","meta":{"_acf_changed":false},"product_brand":[],"product_cat":[184],"product_tag":[],"class_list":{"0":"post-41615","1":"product","2":"type-product","3":"status-publish","4":"has-post-thumbnail","6":"product_cat-kreidetafeln","8":"first","9":"instock","10":"taxable","11":"shipping-taxable","12":"purchasable","13":"product-type-simple"},"acf":[],"_links":{"self":[{"href":"https:\/\/milin.pl\/de\/wp-json\/wp\/v2\/product\/41615","targetHints":{"allow":["GET"]}}],"collection":[{"href":"https:\/\/milin.pl\/de\/wp-json\/wp\/v2\/product"}],"about":[{"href":"https:\/\/milin.pl\/de\/wp-json\/wp\/v2\/types\/product"}],"wp:featuredmedia":[{"embeddable":true,"href":"https:\/\/milin.pl\/de\/wp-json\/wp\/v2\/media\/41814"}],"wp:attachment":[{"href":"https:\/\/milin.pl\/de\/wp-json\/wp\/v2\/media?parent=41615"}],"wp:term":[{"taxonomy":"product_brand","embeddable":true,"href":"https:\/\/milin.pl\/de\/wp-json\/wp\/v2\/product_brand?post=41615"},{"taxonomy":"product_cat","embeddable":true,"href":"https:\/\/milin.pl\/de\/wp-json\/wp\/v2\/product_cat?post=41615"},{"taxonomy":"product_tag","embeddable":true,"href":"https:\/\/milin.pl\/de\/wp-json\/wp\/v2\/product_tag?post=41615"}],"curies":[{"name":"wp","href":"https:\/\/api.w.org\/{rel}","templated":true}]}}