{"id":41916,"date":"2022-02-20T11:56:34","date_gmt":"2022-02-20T10:56:34","guid":{"rendered":"https:\/\/milin.pl\/?post_type=product&#038;p=41916"},"modified":"2025-05-27T00:03:32","modified_gmt":"2025-05-26T22:03:32","slug":"das-alphabet-48-bausteine","status":"publish","type":"product","link":"https:\/\/milin.pl\/de\/produkt\/das-alphabet-48-bausteine\/","title":{"rendered":"Das Alphabet \u2013 48 Bausteine"},"content":{"rendered":"","protected":false},"excerpt":{"rendered":"<p><span style=\"font-family: Capriola;\"><span lang=\"de-DE\">Das Alphabet \u2013 ein Holz-Set erlaubt Ihrem Kind Buchstaben kennenzulernen, wodurch die Basis zum sp\u00e4teren Leselernen geschaffen wird.<\/span><\/span><\/p>\n<p><strong><span style=\"color: #aec8bd;\"><span style=\"font-family: Capriola;\"><span lang=\"de-DE\">Buchstabenlernen hat einen Einfluss auf die Entwicklung Ihres Kindes. Welchen? <\/span><\/span><\/span><\/strong><\/p>\n<ul>\n<li><span style=\"font-family: Capriola;\"><span style=\"color: #666666;\"><span lang=\"de-DE\">Es entwickelt das Geh\u00f6r und die H\u00f6rwahrnehmung.<\/span><\/span><\/span><\/li>\n<li><span style=\"font-family: Capriola;\"><span style=\"color: #666666;\"><span lang=\"de-DE\">Es entwickelt die F\u00e4higkeit des Empfangs, der Wahrnehmung und Identifizierung der H\u00f6rreize aus der Umgebung.<\/span><\/span><\/span><\/li>\n<li><span style=\"font-family: Capriola;\"><span style=\"color: #666666;\"><span lang=\"de-DE\">Die Gestaltung des Sprachgeh\u00f6rs, was den korrekten Sprachgebrauch der W\u00f6rter erm\u00f6glicht.<\/span><\/span><\/span><\/li>\n<li><span style=\"font-family: Capriola;\"><span style=\"color: #666666;\"><span lang=\"de-DE\">Es entwickelt die F\u00e4higkeit, sich auf einer T\u00e4tigkeit zu konzentrieren.<\/span><\/span><\/span><\/li>\n<li><span style=\"font-family: Capriola;\"><span style=\"color: #666666;\"><span lang=\"de-DE\">Es entwickelt manuelle F\u00e4higkeiten und Feinmotorik, die als Basis zur Schrift- und Sprachentwicklung dienen.<\/span><\/span><\/span><\/li>\n<li><span style=\"font-family: Capriola;\"><span style=\"color: #666666;\"><span lang=\"de-DE\">Es unterst\u00fctzt die Entstehung von neuen Neuron-Verbindungen im Gehirn.<\/span><\/span><\/span><\/li>\n<li><span style=\"font-family: Capriola;\"><span style=\"color: #666666;\"><span lang=\"de-DE\">Es unterst\u00fctzt die Entwicklung des Denkprozesses und der Strategie des Probleml\u00f6sens, Konzentration und Ged\u00e4chtnis.<\/span><\/span><\/span><\/li>\n<li><span style=\"font-family: Capriola;\"><span style=\"color: #666666;\"><span lang=\"de-DE\">Es entwickelt Kreativit\u00e4t und Selbstst\u00e4ndigkeit.<\/span><\/span><\/span><strong><span style=\"color: #aec8bd;\"><span style=\"font-family: Capriola;\"><span lang=\"de-DE\">Warum ist es ein Must Have? Sechs Gr\u00fcnde, um es zu haben! <\/span><\/span><\/span><\/strong><\/li>\n<li><span style=\"font-family: Capriola;\"><span style=\"color: #666666;\"><span lang=\"de-DE\">Spielerisches Lernen.<\/span><\/span><\/span><\/li>\n<li><span style=\"font-family: Capriola;\"><span style=\"color: #666666;\"><span lang=\"de-DE\">Kompaktheit.<\/span><\/span><\/span><\/li>\n<li><span style=\"font-family: Capriola;\"><span style=\"color: #666666;\"><span lang=\"de-DE\">Leises Spiel.<\/span><\/span><\/span><\/li>\n<li><span style=\"font-family: Capriola;\"><span style=\"color: #666666;\"><span lang=\"de-DE\">Haltbarkeit und Sicherheit.<\/span><\/span><\/span><\/li>\n<li><span style=\"font-family: Capriola;\"><span style=\"color: #666666;\"><span lang=\"de-DE\">Verbesserung analytischer F\u00e4higkeiten.<\/span><\/span><\/span><\/li>\n<li><span style=\"font-family: Capriola;\"><span style=\"color: #666666;\"><span lang=\"de-DE\">\u00c4sthetik.<\/span><\/span><\/span><\/li>\n<\/ul>\n<p><strong><span style=\"color: #aec8bd;\"><span style=\"font-family: Capriola;\"><span lang=\"de-DE\">Wichtiges \u00fcber das Alphabet: <\/span><\/span><\/span><\/strong><\/p>\n<ul>\n<li><span style=\"font-family: Capriola;\"><span style=\"color: #666666;\"><span lang=\"de-DE\">Empfohlen f\u00fcr Kinder im Alter von mehr als 3 Jahren.<\/span><\/span><\/span><\/li>\n<li><span style=\"font-family: Capriola;\"><span style=\"color: #666666;\"><span lang=\"de-DE\">Hergestellt in Polen, in einer Familienmanufaktur.<\/span><\/span><\/span><\/li>\n<li><span style=\"font-family: Capriola;\"><span style=\"color: #666666;\"><span lang=\"de-DE\">100% sichere, zertifizierte Materialien.<\/span><\/span><\/span><\/li>\n<li><span style=\"font-family: Capriola;\"><span style=\"color: #666666;\"><span lang=\"de-DE\">Biologisch abbaubare Rohstoffe, von \u00f6ko-bewussten Herstellern.<\/span><\/span><\/span><\/li>\n<li><span style=\"font-family: Capriola;\"><span style=\"color: #666666;\"><span lang=\"de-DE\">Handveredelt.<\/span><\/span><\/span><\/li>\n<li><span style=\"font-family: Capriola;\"><span style=\"color: #666666;\"><span lang=\"de-DE\">Abmessungen eines Bausteins sind 4\u00d74 cm, das Set enth\u00e4lt 48 St. + Leinbeutel zum Aufbewahren des Sets.<\/span><\/span><\/span><\/li>\n<\/ul>\n","protected":false},"featured_media":50052,"template":"","meta":{"_acf_changed":false},"product_brand":[],"product_cat":[182],"product_tag":[],"class_list":{"0":"post-41916","1":"product","2":"type-product","3":"status-publish","4":"has-post-thumbnail","6":"product_cat-lern-und-kreativspielzeug","8":"first","9":"instock","10":"taxable","11":"shipping-taxable","12":"purchasable","13":"product-type-simple"},"acf":[],"_links":{"self":[{"href":"https:\/\/milin.pl\/de\/wp-json\/wp\/v2\/product\/41916","targetHints":{"allow":["GET"]}}],"collection":[{"href":"https:\/\/milin.pl\/de\/wp-json\/wp\/v2\/product"}],"about":[{"href":"https:\/\/milin.pl\/de\/wp-json\/wp\/v2\/types\/product"}],"wp:featuredmedia":[{"embeddable":true,"href":"https:\/\/milin.pl\/de\/wp-json\/wp\/v2\/media\/50052"}],"wp:attachment":[{"href":"https:\/\/milin.pl\/de\/wp-json\/wp\/v2\/media?parent=41916"}],"wp:term":[{"taxonomy":"product_brand","embeddable":true,"href":"https:\/\/milin.pl\/de\/wp-json\/wp\/v2\/product_brand?post=41916"},{"taxonomy":"product_cat","embeddable":true,"href":"https:\/\/milin.pl\/de\/wp-json\/wp\/v2\/product_cat?post=41916"},{"taxonomy":"product_tag","embeddable":true,"href":"https:\/\/milin.pl\/de\/wp-json\/wp\/v2\/product_tag?post=41916"}],"curies":[{"name":"wp","href":"https:\/\/api.w.org\/{rel}","templated":true}]}}