{"id":41952,"date":"2022-02-20T11:56:33","date_gmt":"2022-02-20T10:56:33","guid":{"rendered":"https:\/\/milin.pl\/?post_type=product&#038;p=41952"},"modified":"2025-08-25T00:05:01","modified_gmt":"2025-08-24T22:05:01","slug":"jojo-roboter-geschicklichkeitsspielzeug","status":"publish","type":"product","link":"https:\/\/milin.pl\/de\/produkt\/jojo-roboter-geschicklichkeitsspielzeug\/","title":{"rendered":"Jojo Roboter \u2013 Geschicklichkeitsspielzeug"},"content":{"rendered":"","protected":false},"excerpt":{"rendered":"<p><span style=\"color: #666666;\"> <span style=\"font-family: Capriola;\"><span lang=\"de-DE\">Das Geschicklichkeitsspielzeug Jojo Roboter hat im Set 5 R\u00e4dchen, die man in entsprechende \u00d6ffnungen einsetzen soll, auf eine solche Weise, dass mehrere R\u00e4dchen zugleich t\u00e4tig sein k\u00f6nnen.<\/span><\/span><\/span><\/p>\n<p><span style=\"font-family: Capriola;\"><span style=\"color: #666666;\"><span lang=\"de-DE\">Das Spielzeug kann auch ein Schn\u00fcrspielzeug sein.<\/span><\/span><\/span><\/p>\n<p><strong><span style=\"color: #aec8bd;\"><span style=\"font-family: Capriola;\"><span lang=\"de-DE\">Das Spiel mit dem JOJO Roboter hat einen Einfluss auf die Entwicklung Ihres Kindes! Welchen? <\/span><\/span><\/span><\/strong><\/p>\n<ul>\n<li><span style=\"font-family: Capriola;\"><span style=\"color: #666666;\"><span lang=\"de-DE\">Es entwickelt die F\u00e4higkeit des logischen Denkens.<\/span><\/span><\/span><\/li>\n<li><span style=\"font-family: Capriola;\"><span style=\"color: #666666;\"><span lang=\"de-DE\">Es verbessert das Konzentrationsverm\u00f6gen.<\/span><\/span><\/span><\/li>\n<li><span style=\"font-family: Capriola;\"><span style=\"color: #666666;\"><span lang=\"de-DE\">Es \u00fcbt analytische F\u00e4higkeiten.<\/span><\/span><\/span><\/li>\n<li><span style=\"font-family: Capriola;\"><span style=\"color: #666666;\"><span lang=\"de-DE\">Es entwickelt manuelle F\u00e4higkeiten und Feinmotorik, die als Basis zur Schrift- und Sprachentwicklung dienen.<\/span><\/span><\/span><\/li>\n<li><span style=\"color: #666666;\"> <span style=\"font-family: Capriola;\"><span lang=\"de-DE\">Es unterst\u00fctzt die Entwicklung des Denkprozesses, der Strategie des Probleml\u00f6sens, Konzentration und Ged\u00e4chtnis.<\/span><\/span><\/span><\/li>\n<li><span style=\"font-family: Capriola;\"><span style=\"color: #666666;\"><span lang=\"de-DE\">Es entwickelt Selbstst\u00e4ndigkeit.<\/span><\/span><\/span><\/li>\n<\/ul>\n<p><strong><span style=\"color: #aec8bd;\"><span style=\"font-family: Capriola;\"><span lang=\"de-DE\">Warum ist es ein Must Have? Sechs Gr\u00fcnde, warum Sie es haben m\u00fcssen! <\/span><\/span><\/span><\/strong><\/p>\n<ul>\n<li><span style=\"font-family: Capriola;\"><span style=\"color: #666666;\"><span lang=\"de-DE\">Spielerisches Lernen.<\/span><\/span><\/span><\/li>\n<li><span style=\"font-family: Capriola;\"><span style=\"color: #666666;\"><span lang=\"de-DE\">Kompaktheit.<\/span><\/span><\/span><\/li>\n<li><span style=\"font-family: Capriola;\"><span style=\"color: #666666;\"><span lang=\"de-DE\">Leises Spiel.<\/span><\/span><\/span><\/li>\n<li><span style=\"font-family: Capriola;\"><span style=\"color: #666666;\"><span lang=\"de-DE\">Haltbarkeit und Sicherheit.<\/span><\/span><\/span><\/li>\n<li><span style=\"font-family: Capriola;\"><span style=\"color: #666666;\"><span lang=\"de-DE\">Verbesserung analytischer F\u00e4higkeiten.<\/span><\/span><\/span><\/li>\n<li><span style=\"font-family: Capriola;\"><span style=\"color: #666666;\"><span lang=\"de-DE\">\u00c4sthetik.<\/span><\/span><\/span><\/li>\n<\/ul>\n<p><strong><span style=\"color: #aec8bd;\"><span style=\"font-family: Capriola;\"><span lang=\"de-DE\">Wichtiges \u00fcber den JOJO Roboter: <\/span><\/span><\/span><\/strong><\/p>\n<ul>\n<li><span style=\"font-family: Capriola;\"><span style=\"color: #666666;\"><span lang=\"de-DE\">Empfohlen ab 3 Jahren.<\/span><\/span><\/span><\/li>\n<li><span style=\"font-family: Capriola;\"><span style=\"color: #666666;\"><span lang=\"de-DE\">Zum Set sind 5 R\u00e4dchen eingef\u00fcgt.<\/span><\/span><\/span><\/li>\n<li><span style=\"font-family: Capriola;\"><span style=\"color: #666666;\"><span lang=\"de-DE\">Hergestellt in Polen, in einer Familienmanufaktur.<\/span><\/span><\/span><\/li>\n<li><span style=\"font-family: Capriola;\"><span style=\"color: #666666;\"><span lang=\"de-DE\">100% sichere, zertifizierte Materialien.<\/span><\/span><\/span><\/li>\n<li><span style=\"font-family: Capriola;\"><span style=\"color: #666666;\"><span lang=\"de-DE\">Biologisch abbaubare Rohstoffe, von \u00f6ko-bewussten Herstellern.<\/span><\/span><\/span><\/li>\n<li><span style=\"font-family: Capriola;\"><span style=\"color: #666666;\"><span lang=\"de-DE\">Handveredelt<\/span><\/span><\/span><\/li>\n<li><span style=\"font-family: Capriola;\"><span style=\"color: #666666;\"><span lang=\"de-DE\">Abmessungen 25 x 23,5 cm+ 5 R\u00e4dchen.<\/span><\/span><\/span><\/li>\n<li><span style=\"font-family: Capriola;\"><span style=\"color: #666666;\"><span lang=\"de-DE\">Wenn Sie einen Schn\u00fcrsenkel haben z.B. von den #Schn\u00fcrspielzeugen, kann der Roboter zu einem von ihnen werden. Den Schn\u00fcrsenkel k\u00f6nnen Sie in der Karte \u201eSchn\u00fcrspielzeuge\u201d finden.<\/span><\/span><\/span><\/li>\n<\/ul>\n","protected":false},"featured_media":43316,"template":"","meta":{"_acf_changed":false},"product_brand":[85],"product_cat":[185,182],"product_tag":[],"class_list":{"0":"post-41952","1":"product","2":"type-product","3":"status-publish","4":"has-post-thumbnail","6":"product_brand-milin-toys","7":"product_cat-alles-spielzeug","8":"product_cat-lern-und-kreativspielzeug","10":"first","11":"instock","12":"taxable","13":"shipping-taxable","14":"purchasable","15":"product-type-simple"},"acf":[],"_links":{"self":[{"href":"https:\/\/milin.pl\/de\/wp-json\/wp\/v2\/product\/41952","targetHints":{"allow":["GET"]}}],"collection":[{"href":"https:\/\/milin.pl\/de\/wp-json\/wp\/v2\/product"}],"about":[{"href":"https:\/\/milin.pl\/de\/wp-json\/wp\/v2\/types\/product"}],"wp:featuredmedia":[{"embeddable":true,"href":"https:\/\/milin.pl\/de\/wp-json\/wp\/v2\/media\/43316"}],"wp:attachment":[{"href":"https:\/\/milin.pl\/de\/wp-json\/wp\/v2\/media?parent=41952"}],"wp:term":[{"taxonomy":"product_brand","embeddable":true,"href":"https:\/\/milin.pl\/de\/wp-json\/wp\/v2\/product_brand?post=41952"},{"taxonomy":"product_cat","embeddable":true,"href":"https:\/\/milin.pl\/de\/wp-json\/wp\/v2\/product_cat?post=41952"},{"taxonomy":"product_tag","embeddable":true,"href":"https:\/\/milin.pl\/de\/wp-json\/wp\/v2\/product_tag?post=41952"}],"curies":[{"name":"wp","href":"https:\/\/api.w.org\/{rel}","templated":true}]}}