{"id":41970,"date":"2022-02-20T11:56:32","date_gmt":"2022-02-20T10:56:32","guid":{"rendered":"https:\/\/milin.pl\/?post_type=product&#038;p=41970"},"modified":"2025-03-17T14:39:53","modified_gmt":"2025-03-17T13:39:53","slug":"holzkugeln-10-st","status":"publish","type":"product","link":"https:\/\/milin.pl\/de\/produkt\/holzkugeln-10-st\/","title":{"rendered":"Holzkugeln \u2013 10 St."},"content":{"rendered":"","protected":false},"excerpt":{"rendered":"<p><span style=\"font-family: Capriola;\"><span style=\"color: #666666;\"><span lang=\"de-DE\">Wenn Sie m\u00f6chten, dass Ihr Alphabet-Set oder Ziffern-Set zum Z\u00e4hlen Lernen an mehrere Holzkugeln reicher ist, k\u00f6nnen Sie diese eben hier hinzuf\u00fcgen.<\/span><\/span><\/span><\/p>\n<p><span style=\"font-family: Capriola;\"><span style=\"color: #ffcc00;\"><span lang=\"de-DE\">Das Set enth\u00e4lt 10 Kugeln.<\/span><\/span><\/span><\/p>\n<p><span style=\"font-family: Capriola;\"><span style=\"color: #666666;\"><span lang=\"de-DE\">Vorbereitungszeit: bis zu 3 Arbeitstagen.<\/span><\/span><\/span><\/p>\n","protected":false},"featured_media":43337,"template":"","meta":{"_acf_changed":false},"product_brand":[85],"product_cat":[182],"product_tag":[],"class_list":{"0":"post-41970","1":"product","2":"type-product","3":"status-publish","4":"has-post-thumbnail","6":"product_brand-milin-toys","7":"product_cat-lern-und-kreativspielzeug","9":"first","10":"instock","11":"taxable","12":"shipping-taxable","13":"purchasable","14":"product-type-simple"},"acf":[],"_links":{"self":[{"href":"https:\/\/milin.pl\/de\/wp-json\/wp\/v2\/product\/41970","targetHints":{"allow":["GET"]}}],"collection":[{"href":"https:\/\/milin.pl\/de\/wp-json\/wp\/v2\/product"}],"about":[{"href":"https:\/\/milin.pl\/de\/wp-json\/wp\/v2\/types\/product"}],"wp:featuredmedia":[{"embeddable":true,"href":"https:\/\/milin.pl\/de\/wp-json\/wp\/v2\/media\/43337"}],"wp:attachment":[{"href":"https:\/\/milin.pl\/de\/wp-json\/wp\/v2\/media?parent=41970"}],"wp:term":[{"taxonomy":"product_brand","embeddable":true,"href":"https:\/\/milin.pl\/de\/wp-json\/wp\/v2\/product_brand?post=41970"},{"taxonomy":"product_cat","embeddable":true,"href":"https:\/\/milin.pl\/de\/wp-json\/wp\/v2\/product_cat?post=41970"},{"taxonomy":"product_tag","embeddable":true,"href":"https:\/\/milin.pl\/de\/wp-json\/wp\/v2\/product_tag?post=41970"}],"curies":[{"name":"wp","href":"https:\/\/api.w.org\/{rel}","templated":true}]}}