{"id":42021,"date":"2022-02-20T11:56:32","date_gmt":"2022-02-20T10:56:32","guid":{"rendered":"https:\/\/milin.pl\/?post_type=product&#038;p=42021"},"modified":"2025-03-17T15:04:39","modified_gmt":"2025-03-17T14:04:39","slug":"auto-mit-beweglichen-raedern-gruen","status":"publish","type":"product","link":"https:\/\/milin.pl\/de\/produkt\/auto-mit-beweglichen-raedern-gruen\/","title":{"rendered":"Auto mit beweglichen R\u00e4dern \u2013 Gr\u00fcn"},"content":{"rendered":"","protected":false},"excerpt":{"rendered":"<p><span style=\"color: #aec8bd;\"><span style=\"font-family: Capriola;\"><b><span lang=\"de-DE\">Autos sind ein Must-Have f\u00fcr Kinder.<\/span><\/b><\/span><\/span><\/p>\n<p><span style=\"font-family: Capriola;\"><span style=\"color: #666666;\"><span lang=\"de-DE\">Alle unsere Spielzeuge haben ein minimalistisches Design und so sehen auch unsere Autos aus. Sie sind dank ihrer maximal vereinfachten Form charakteristisch, und ihre Gr\u00f6\u00dfe wurde zu spezieller Garage angepasst.<\/span><\/span><\/span><\/p>\n<p><span style=\"font-family: Capriola;\"><span style=\"color: #666666;\"><span lang=\"de-DE\">Die Basis des Autos ist aus einem dicken Birke-Sperrholz von h\u00f6chster Qualit\u00e4t angefertigt. Die R\u00e4der sind beweglich und das von uns verwendete Material ist laminiertes Sperrholz, bedeckt mit buntem Wasserlack.<\/span><\/span><\/span><\/p>\n<p><span style=\"font-family: Capriola;\"><span style=\"color: #666666;\"><span lang=\"de-DE\">Beide Materialien besitzen das FSC Zertifikat, das ausgeglichene Produktion mit der Beachtung der Waldumgebung, der Tiere, Pflanzen und Menschen best\u00e4tigt.<\/span><\/span><\/span><\/p>\n<p><span style=\"font-family: Capriola;\"><span style=\"color: #666666;\"><span lang=\"de-DE\">Das Auto wurde mit einem sicheren die EN71 Normen erf<\/span><\/span><span style=\"color: #666666;\"><span lang=\"de-DE\">\u00fc<\/span><\/span><span style=\"color: #666666;\"><span lang=\"de-DE\">llenden Lack bedeckt und dank dessen ist seine <\/span><\/span><span style=\"color: #666666;\"><span lang=\"de-DE\">Oberfl\u00e4che<\/span><\/span><span style=\"color: #666666;\"><span lang=\"de-DE\"> perfekt glatt.<\/span><\/span><\/span><\/p>\n<p><span style=\"font-family: Capriola;\"><span style=\"color: #666666;\"><span lang=\"de-DE\">Abmessungen: circa 10 x 5 cm<\/span><\/span><\/span><\/p>\n","protected":false},"featured_media":43273,"template":"","meta":{"_acf_changed":false},"product_brand":[85],"product_cat":[182,171],"product_tag":[],"class_list":{"0":"post-42021","1":"product","2":"type-product","3":"status-publish","4":"has-post-thumbnail","6":"product_brand-milin-toys","7":"product_cat-lern-und-kreativspielzeug","8":"product_cat-puppenhauser","10":"first","11":"instock","12":"taxable","13":"shipping-taxable","14":"purchasable","15":"product-type-simple"},"acf":[],"_links":{"self":[{"href":"https:\/\/milin.pl\/de\/wp-json\/wp\/v2\/product\/42021","targetHints":{"allow":["GET"]}}],"collection":[{"href":"https:\/\/milin.pl\/de\/wp-json\/wp\/v2\/product"}],"about":[{"href":"https:\/\/milin.pl\/de\/wp-json\/wp\/v2\/types\/product"}],"wp:featuredmedia":[{"embeddable":true,"href":"https:\/\/milin.pl\/de\/wp-json\/wp\/v2\/media\/43273"}],"wp:attachment":[{"href":"https:\/\/milin.pl\/de\/wp-json\/wp\/v2\/media?parent=42021"}],"wp:term":[{"taxonomy":"product_brand","embeddable":true,"href":"https:\/\/milin.pl\/de\/wp-json\/wp\/v2\/product_brand?post=42021"},{"taxonomy":"product_cat","embeddable":true,"href":"https:\/\/milin.pl\/de\/wp-json\/wp\/v2\/product_cat?post=42021"},{"taxonomy":"product_tag","embeddable":true,"href":"https:\/\/milin.pl\/de\/wp-json\/wp\/v2\/product_tag?post=42021"}],"curies":[{"name":"wp","href":"https:\/\/api.w.org\/{rel}","templated":true}]}}