{"id":42040,"date":"2022-02-20T11:56:11","date_gmt":"2022-02-20T10:56:11","guid":{"rendered":"https:\/\/milin.pl\/?post_type=product&#038;p=42040"},"modified":"2025-03-17T15:04:01","modified_gmt":"2025-03-17T14:04:01","slug":"weltall-der-emotionen-multifunktionales-sortierspielzeug","status":"publish","type":"product","link":"https:\/\/milin.pl\/de\/produkt\/weltall-der-emotionen-multifunktionales-sortierspielzeug\/","title":{"rendered":"Weltall der Emotionen \u2013 multifunktionales Sortierspielzeug"},"content":{"rendered":"","protected":false},"excerpt":{"rendered":"<p><span style=\"font-family: Capriola;\"><span style=\"color: #666666;\"><span lang=\"de-DE\">Weltall der Emotionen \u2013 multifunktionales Sortierspielzeug, also ein Kreis mit ausgeschnittenen \u00d6ffnungen. Die Aufgabe des Kindes ist es, die 6 Planeten in die entsprechenden \u00d6ffnungen einzupassen. Diese \u00dcbung entwickelt logisches Denken und die Hand-Auge-Koordination. Zus\u00e4tzlich hat jeder Planet eine andere Farbe und Mimik.<\/span><\/span><\/span><\/p>\n<p><span style=\"color: #aec8bd;\"><span style=\"font-family: Capriola;\"><span lang=\"de-DE\">Das Spielzeug gibt die M\u00f6glichkeit, die Kleinen auf eine angenehme Weise in die Welt der Emotionen einzuf\u00fchren.<\/span><\/span><\/span><\/p>\n<p><span style=\"font-family: Capriola;\"><span style=\"color: #666666;\"><span lang=\"de-DE\">Nach dem Spiel kann man das Weltall an einer sichtbaren Stelle als Erg\u00e4nzung der Zimmerdekoration stellen, denn sein minimalistisches Design passt zu jedem Interieur.<\/span><\/span><\/span><\/p>\n<p><span style=\"font-family: Capriola;\"><span style=\"color: #666666;\"><span lang=\"de-DE\">~ <\/span><\/span><\/span><\/p>\n<p><span style=\"font-family: Capriola;\"><span style=\"color: #666666;\"><span lang=\"de-DE\">Das Material, aus dem die Spielsachen angefertigt sind, ist mit der Beachtung der Waldumgebung \u2013 der Tiere, Pflanzen und Menschen hergestellt \u2013 was mit dem FSC\u00ae Zertifikat best\u00e4tigt ist.<\/span><\/span><\/span><\/p>\n<p><span style=\"font-family: Capriola;\"><span style=\"color: #666666;\"><span lang=\"de-DE\">Jedes Element ist ein paar Mal handgeschliffen und mit einem die EN71 Normen erf\u00fcllenden Lack bestrichen.\u00a0Die Kanten sind perfekt glatt.<br \/>\n~<\/span><\/span><\/span><\/p>\n<p><span style=\"font-family: Capriola;\"><span style=\"color: #666666;\"><span lang=\"de-DE\">Abmessungen: Durchschnitt: 28,5 cm.<\/span><\/span><\/span><\/p>\n","protected":false},"featured_media":43301,"template":"","meta":{"_acf_changed":false},"product_brand":[],"product_cat":[182],"product_tag":[],"class_list":{"0":"post-42040","1":"product","2":"type-product","3":"status-publish","4":"has-post-thumbnail","6":"product_cat-lern-und-kreativspielzeug","8":"first","9":"instock","10":"taxable","11":"shipping-taxable","12":"purchasable","13":"product-type-simple"},"acf":[],"_links":{"self":[{"href":"https:\/\/milin.pl\/de\/wp-json\/wp\/v2\/product\/42040","targetHints":{"allow":["GET"]}}],"collection":[{"href":"https:\/\/milin.pl\/de\/wp-json\/wp\/v2\/product"}],"about":[{"href":"https:\/\/milin.pl\/de\/wp-json\/wp\/v2\/types\/product"}],"wp:featuredmedia":[{"embeddable":true,"href":"https:\/\/milin.pl\/de\/wp-json\/wp\/v2\/media\/43301"}],"wp:attachment":[{"href":"https:\/\/milin.pl\/de\/wp-json\/wp\/v2\/media?parent=42040"}],"wp:term":[{"taxonomy":"product_brand","embeddable":true,"href":"https:\/\/milin.pl\/de\/wp-json\/wp\/v2\/product_brand?post=42040"},{"taxonomy":"product_cat","embeddable":true,"href":"https:\/\/milin.pl\/de\/wp-json\/wp\/v2\/product_cat?post=42040"},{"taxonomy":"product_tag","embeddable":true,"href":"https:\/\/milin.pl\/de\/wp-json\/wp\/v2\/product_tag?post=42040"}],"curies":[{"name":"wp","href":"https:\/\/api.w.org\/{rel}","templated":true}]}}