{"id":42066,"date":"2022-02-20T11:56:34","date_gmt":"2022-02-20T10:56:34","guid":{"rendered":"https:\/\/milin.pl\/?post_type=product&#038;p=42066"},"modified":"2025-03-17T14:57:41","modified_gmt":"2025-03-17T13:57:41","slug":"mathematik-48-steine-zum-lernen-von-gleichungen","status":"publish","type":"product","link":"https:\/\/milin.pl\/de\/produkt\/mathematik-48-steine-zum-lernen-von-gleichungen\/","title":{"rendered":"Mathematik \u2013 48 Steine zum Lernen von Gleichungen"},"content":{"rendered":"","protected":false},"excerpt":{"rendered":"<p><span style=\"font-family: Capriola;\"><span style=\"color: #666666;\"><span lang=\"de-DE\">Mathematik \u2013 Holzsteine zum Lernen von Gleichungen sind f\u00fcr Kinder bestimmt, die die Zahlenwerte zu den gegebenen Ziffern zuordnen k\u00f6nnen und die eine Menge aus der Umgebung nach einem Kriterium aussondern k\u00f6nnen, z.B. nach dem Kriterium der Farbe oder der Form.<\/span><\/span><\/span><\/p>\n<p><span style=\"color: #666666;\"><span style=\"font-family: Capriola;\"><span lang=\"de-DE\">Wenn das Kind die Regel eines richtigen Z\u00e4hlens entdeckt: <\/span><\/span><\/span><\/p>\n<p>\u201cEin zu einem\u201d \u2013 ein gerechneter Gegenstand, eine Geste des Zeigens, ein ausgesprochenes Zahlwort, k\u00f6nnen wir von einem richtigen Z\u00e4hl-Rhythmus reden.<\/p>\n<p><strong><span style=\"color: #aec8bd;\"><span style=\"font-family: Capriola;\"><span lang=\"de-DE\">Welche sind die nach sich folgenden Schritten der mathematischen Entwicklung? <\/span><\/span><\/span><\/strong><\/p>\n<ol>\n<li><span style=\"font-family: Capriola;\"><span style=\"color: #666666;\"><span lang=\"de-DE\">Die Aussonderung aus der Umgebung der Elemente, die eine Menge bilden.<\/span><\/span><\/span><\/li>\n<li><span style=\"font-family: Capriola;\"><span style=\"color: #666666;\"><span lang=\"de-DE\">Das Schaffen des Z\u00e4hlschemas.<\/span><\/span><\/span><\/li>\n<li><span style=\"font-family: Capriola;\"><span style=\"color: #666666;\"><span lang=\"de-DE\">Die Bestimmung der Menge der Gegenst\u00e4nde aufgrund des Verstehens der Bedeutung des letzten Zahlwortes.<\/span><\/span><\/span><\/li>\n<li><span style=\"font-family: Capriola;\"><span style=\"color: #666666;\"><span lang=\"de-DE\">Die F\u00e4higkeit, eine Menge mit der angeforderten Anzahl der Objekte zu konstruieren.<\/span><\/span><\/span><\/li>\n<li><span style=\"font-family: Capriola;\"><span style=\"color: #666666;\"><span lang=\"de-DE\">Das Verstehen einer Folge nat\u00fcrlicher Zahlen.<\/span><\/span><\/span><\/li>\n<li><span style=\"font-family: Capriola;\"><span style=\"color: #666666;\"><span lang=\"de-DE\">Das Vergleichen der Anzahl von Objekten oder der Mengen.<\/span><\/span><\/span><\/li>\n<li><span style=\"font-family: Capriola;\"><span style=\"color: #666666;\"><span lang=\"de-DE\">Operationsdenken auf dem Niveau des Verstehens von nicht-kontinuierlichen Zahlen.<\/span><\/span><\/span><\/li>\n<\/ol>\n<p><strong><span style=\"color: #666666;\"><span style=\"font-family: Capriola;\"><span lang=\"de-DE\">Am Ende des Textes finden Sie einige \u00dcbungen f\u00fcr die Kleinsten.<\/span><\/span><\/span><\/strong><\/p>\n<p><strong><span style=\"color: #aec8bd;\"><span style=\"font-family: Capriola;\"><span lang=\"de-DE\">Mathelernen mit Hilfe unseres Sets hat einen Einfluss auf die Entwicklung Ihres Kindes! Welchen? <\/span><\/span><\/span><\/strong><\/p>\n<ul>\n<li><span style=\"font-family: Capriola;\"><span style=\"color: #666666;\"><span lang=\"de-DE\">Es entwickelt Operationsdenken.<\/span><\/span><\/span><\/li>\n<li><span style=\"font-family: Capriola;\"><span style=\"color: #666666;\"><span lang=\"de-DE\">Es verbessert das Konzentrationsverm\u00f6gen.<\/span><\/span><\/span><\/li>\n<li><span style=\"font-family: Capriola;\"><span style=\"color: #666666;\"><span lang=\"de-DE\">Es \u00fcbt analytische F\u00e4higkeiten.<\/span><\/span><\/span><\/li>\n<li><span style=\"font-family: Capriola;\"><span style=\"color: #666666;\"><span lang=\"de-DE\">Es unterst\u00fctzt Langzeitged\u00e4chtnis.<\/span><\/span><\/span><\/li>\n<li><span style=\"font-family: Capriola;\"><span style=\"color: #666666;\"><span lang=\"de-DE\">Es entwickelt die F\u00e4higkeit, zwischen geraden und ungeraden Zahlen zu unterscheiden, Zahlen zu ordnen und zu rechnen.<\/span><\/span><\/span><\/li>\n<li><span style=\"font-family: Capriola;\"><span style=\"color: #666666;\"><span lang=\"de-DE\">Es entwickelt die F\u00e4higkeit zu addieren und zu subtrahieren.<\/span><\/span><\/span><\/li>\n<\/ul>\n<ul>\n<li><span style=\"font-family: Capriola;\"><span style=\"color: #666666;\"><span lang=\"de-DE\">Es unterst\u00fctzt die Entwicklung des Denkprozesses und der Strategie des Probleml\u00f6sens, Konzentration und Ged\u00e4chtnis.<\/span><\/span><\/span><\/li>\n<li><span style=\"font-family: Capriola;\"><span style=\"color: #666666;\"><span lang=\"de-DE\">Es entwickelt Selbstst\u00e4ndigkeit.<\/span><\/span><\/span><\/li>\n<\/ul>\n<p><strong><span style=\"color: #aec8bd;\"><span style=\"font-family: Capriola;\"><span lang=\"de-DE\">Warum ist das Spielzeug ein Must Have? Sechs Gr\u00fcnde, warum Sie es haben m\u00fcssen.\u00a0<\/span><\/span><\/span><\/strong><\/p>\n<ul>\n<li><span style=\"font-family: Capriola;\"><span style=\"color: #666666;\"><span lang=\"de-DE\">Spielerisches Lernen.<\/span><\/span><\/span><\/li>\n<li><span style=\"font-family: Capriola;\"><span style=\"color: #666666;\"><span lang=\"de-DE\">Kompaktheit.<\/span><\/span><\/span><\/li>\n<li><span style=\"font-family: Capriola;\"><span style=\"color: #666666;\"><span lang=\"de-DE\">Leises Spiel.<\/span><\/span><\/span><\/li>\n<li><span style=\"font-family: Capriola;\"><span style=\"color: #666666;\"><span lang=\"de-DE\">Haltbarkeit und Sicherheit.<\/span><\/span><\/span><\/li>\n<li><span style=\"font-family: Capriola;\"><span style=\"color: #666666;\"><span lang=\"de-DE\">Mathematische Entwicklung des Kindes.<\/span><\/span><\/span><\/li>\n<li><span style=\"font-family: Capriola;\"><span style=\"color: #666666;\"><span lang=\"de-DE\">\u00c4sthetik.<\/span><\/span><\/span><\/li>\n<\/ul>\n<p><strong><span style=\"color: #aec8bd;\"><span style=\"font-family: Capriola;\"><span lang=\"de-DE\">Wichtiges \u00fcber das Set zum Lernen von Gleichungen: &#8211;<\/span><\/span><\/span><\/strong><\/p>\n<ul>\n<li><span style=\"font-family: Capriola;\"><span style=\"color: #666666;\"><span lang=\"de-DE\">Empfohlen ab 3 Jahren.<\/span><\/span><\/span><\/li>\n<li><span style=\"font-family: Capriola;\"><span style=\"color: #666666;\"><span lang=\"de-DE\">Das Set enth\u00e4lt 48 Elemente, die auf einer Seite wei\u00df sind und auf der anderen auf einer bunten Oberfl\u00e4che eingravierte Zeichen haben. Dank dessen kann dieses Set vielf\u00e4ltig verwendet werden, f\u00fcr die kleinen Kinder, Kinder im Kindergartenalter und im Schulalter.<\/span><\/span><\/span><\/li>\n<li><span style=\"font-family: Capriola;\"><span style=\"color: #666666;\"><span lang=\"de-DE\">Hergestellt in Polen, in einer Familienmanufaktur.<\/span><\/span><\/span><\/li>\n<li><span style=\"font-family: Capriola;\"><span style=\"color: #666666;\"><span lang=\"de-DE\">100% sichere, zertifizierte Materialien.<\/span><\/span><\/span><\/li>\n<li><span style=\"font-family: Capriola;\"><span style=\"color: #666666;\"><span lang=\"de-DE\">Biologisch abbaubare Rohstoffe, von \u00f6ko-bewussten Herstellern.<\/span><\/span><\/span><\/li>\n<li><span style=\"font-family: Capriola;\"><span style=\"color: #666666;\"><span lang=\"de-DE\">Handveredelt.<\/span><\/span><\/span><\/li>\n<li><span style=\"font-family: Capriola;\"><span style=\"color: #666666;\"><span lang=\"de-DE\">Abmessungen der Steine: 4\u00d74 cm + Leinbeutel zum Aufbewahren.<\/span><\/span><\/span><\/li>\n<\/ul>\n<p><strong><span style=\"color: #666666;\"><span style=\"font-family: Capriola;\"><span lang=\"de-DE\">CE, EN71, FSC, OEKO-TEX, 3+<\/span><\/span><\/span><\/strong><\/p>\n","protected":false},"featured_media":43304,"template":"","meta":{"_acf_changed":false},"product_brand":[85],"product_cat":[182],"product_tag":[],"class_list":{"0":"post-42066","1":"product","2":"type-product","3":"status-publish","4":"has-post-thumbnail","6":"product_brand-milin-toys","7":"product_cat-lern-und-kreativspielzeug","9":"first","10":"instock","11":"taxable","12":"shipping-taxable","13":"purchasable","14":"product-type-simple"},"acf":[],"_links":{"self":[{"href":"https:\/\/milin.pl\/de\/wp-json\/wp\/v2\/product\/42066","targetHints":{"allow":["GET"]}}],"collection":[{"href":"https:\/\/milin.pl\/de\/wp-json\/wp\/v2\/product"}],"about":[{"href":"https:\/\/milin.pl\/de\/wp-json\/wp\/v2\/types\/product"}],"wp:featuredmedia":[{"embeddable":true,"href":"https:\/\/milin.pl\/de\/wp-json\/wp\/v2\/media\/43304"}],"wp:attachment":[{"href":"https:\/\/milin.pl\/de\/wp-json\/wp\/v2\/media?parent=42066"}],"wp:term":[{"taxonomy":"product_brand","embeddable":true,"href":"https:\/\/milin.pl\/de\/wp-json\/wp\/v2\/product_brand?post=42066"},{"taxonomy":"product_cat","embeddable":true,"href":"https:\/\/milin.pl\/de\/wp-json\/wp\/v2\/product_cat?post=42066"},{"taxonomy":"product_tag","embeddable":true,"href":"https:\/\/milin.pl\/de\/wp-json\/wp\/v2\/product_tag?post=42066"}],"curies":[{"name":"wp","href":"https:\/\/api.w.org\/{rel}","templated":true}]}}