{"id":42144,"date":"2022-02-20T11:53:19","date_gmt":"2022-02-20T10:53:19","guid":{"rendered":"https:\/\/milin.pl\/?post_type=product&#038;p=42144"},"modified":"2025-11-10T22:19:47","modified_gmt":"2025-11-10T21:19:47","slug":"moebel-zum-holzpuppenhaus","status":"publish","type":"product","link":"https:\/\/milin.pl\/de\/produkt\/moebel-zum-holzpuppenhaus\/","title":{"rendered":"M\u00f6bel zum Holzpuppenhaus"},"content":{"rendered":"","protected":false},"excerpt":{"rendered":"<p>M\u00f6bel zum Holzpuppenhaus ist ganz anders als die anderen H\u00e4user auf dem Markt!<\/p>\n<p><strong><span style=\"color: #aec8bd;\">Warum?<\/span><\/strong><\/p>\n<ul>\n<li>Es hat ein sehr \u00e4sthetisches, fesselndes Design;<\/li>\n<li>Die M\u00f6bel sind sehr sch\u00f6n. Die Sessel haben eine handgefertigte Polsterung, wodurch das Ganze \u00e4u\u00dferst gem\u00fctlich wirkt;<\/li>\n<li>Das Material, aus dem das H\u00e4uschen angefertigt ist, ist ein Sperrholz von h\u00f6chster Qualit\u00e4t, hergestellt mit der Beachtung von der Waldumgebung:<\/li>\n<li>Der Tiere, Pflanzen und Menschen. Die Tatsache ist mit dem FSC\u00ae-Zertifikat best\u00e4tigt;<\/li>\n<li>\u00a0Jedes Element ist handveredelt, geschliffen mit Sorge um das kleinste Detail;<\/li>\n<li>Es ist ein Haus f\u00fcr Generationen, das man problemlos aufbewahren kann, wenn das Kind aus ihm schon herausw\u00e4chst \u2013 das Design des Hauses ist klassisch und zeitlos<\/li>\n<li>Minimalistische Form des Hauses passt zu jedem Interieur, sowohl im Loft- als auch Boho-Still.<\/li>\n<\/ul>\n<p><span style=\"color: #aec8bd;\"><strong>Das Spiel mit dem Haus hat einen Einfluss auf die Entwicklung Ihres Kindes! Welchen?<\/strong><\/span><\/p>\n<ul>\n<li>Indem das Kleinkind Vater-Mutter-Kind spielt, wo eine Puppe verschiedene Rollen \u00fcbernimmt, entwickelt es in sich selbst Empathie und F\u00fcrsorge, bemerkt die im Alltag auftretenden Rollenschemata;Die Entwicklung der oben genannten<\/li>\n<li>Eigenschaften verbessert seinen Kontakt mit den Gleichaltrigen und mit der Umgebung<\/li>\n<li>\u00a0Durch spielerische Nachahmung des wahren Lebens befriedigt das Kind sein Entwicklungsbed\u00fcrfnis;<\/li>\n<li>\u00a0Vater-Mutter-Kind-Spielen unterst\u00fctzt soziale, intellektuelle und emotionale Entwicklung des Kindes;<\/li>\n<li>Es gibt dem kleinen Menschen die M\u00f6glichkeit, mit verschiedenen gesellschaftlichen Rollen zu experimentieren;<\/li>\n<li>Das Spiel unterst\u00fctzt die Entwicklung von Kommunikationskompetenzen und das Erlernen neuer Wendungen.<\/li>\n<\/ul>\n<p><strong><span style=\"color: #aec8bd;\">Wichtiges \u00fcber das Haus:\u00a0<\/span><\/strong><\/p>\n<ul>\n<li>\u00a0Im Set befinden sich 10 M\u00f6belst\u00fccke:<br \/>\n\u2013 Sofa mit Polsterung (grau) 12,0 x 6,0 x 6,5 cm,<br \/>\n\u2013 Schlafzimmerbett mit Polsterung (grau) 7,5 x 11 x 12 cm,<br \/>\n\u2013 Kommode 10,5 x 8,0 x 5,0 cm,<br \/>\n\u2013 Schrank 12,0 x 3,5 x 5,0 cm,<br \/>\n\u2013 drei Sessel mit Polsterung (grau) 5,5 x 6,5 x 5,0 cm,<br \/>\n\u2013 zwei Kaffeetischen 8,0 x 8,0 x 3,5 cm,<br \/>\n\u2013 ein gro\u00dfer Tisch zum Esszimmer.<\/li>\n<li>Empfohlen ab 3 Jahren.<\/li>\n<li>Hergestellt in Polen, in einer Familienmanufaktur.<\/li>\n<li>100% sichere, zertifizierte Materialien.<\/li>\n<li>Biologisch abbaubare Rohstoffe von \u00f6ko-bewussten Herstellern.<\/li>\n<li>Handveredelt.<\/li>\n<\/ul>\n<p><strong>FSC\u00ae , CE, 3+, EN71<\/strong><\/p>\n","protected":false},"featured_media":43270,"template":"","meta":{"_acf_changed":false},"product_brand":[85],"product_cat":[171],"product_tag":[],"class_list":{"0":"post-42144","1":"product","2":"type-product","3":"status-publish","4":"has-post-thumbnail","6":"product_brand-milin-toys","7":"product_cat-puppenhauser","9":"first","10":"outofstock","11":"taxable","12":"shipping-taxable","13":"purchasable","14":"product-type-simple"},"acf":[],"_links":{"self":[{"href":"https:\/\/milin.pl\/de\/wp-json\/wp\/v2\/product\/42144","targetHints":{"allow":["GET"]}}],"collection":[{"href":"https:\/\/milin.pl\/de\/wp-json\/wp\/v2\/product"}],"about":[{"href":"https:\/\/milin.pl\/de\/wp-json\/wp\/v2\/types\/product"}],"wp:featuredmedia":[{"embeddable":true,"href":"https:\/\/milin.pl\/de\/wp-json\/wp\/v2\/media\/43270"}],"wp:attachment":[{"href":"https:\/\/milin.pl\/de\/wp-json\/wp\/v2\/media?parent=42144"}],"wp:term":[{"taxonomy":"product_brand","embeddable":true,"href":"https:\/\/milin.pl\/de\/wp-json\/wp\/v2\/product_brand?post=42144"},{"taxonomy":"product_cat","embeddable":true,"href":"https:\/\/milin.pl\/de\/wp-json\/wp\/v2\/product_cat?post=42144"},{"taxonomy":"product_tag","embeddable":true,"href":"https:\/\/milin.pl\/de\/wp-json\/wp\/v2\/product_tag?post=42144"}],"curies":[{"name":"wp","href":"https:\/\/api.w.org\/{rel}","templated":true}]}}