{"id":42595,"date":"2022-08-14T12:35:51","date_gmt":"2022-08-14T10:35:51","guid":{"rendered":"https:\/\/milin.pl\/?post_type=product&#038;p=42595"},"modified":"2024-01-25T14:45:25","modified_gmt":"2024-01-25T13:45:25","slug":"i-love-you-mommy-i","status":"publish","type":"product","link":"https:\/\/milin.pl\/de\/produkt\/i-love-you-mommy-i\/","title":{"rendered":"I love you Mommy I"},"content":{"rendered":"","protected":false},"excerpt":{"rendered":"<p>Eine h\u00f6lzerne Karte wird ein einzigartiges Geschenk, das mit dem Empf\u00e4nger f\u00fcr Jahre bleibt. Pers\u00f6nliche Gl\u00fcckw\u00fcnsche steigern ihren Wert.<\/p>\n<p>Auf Holz kann man schreiben, oder sogar zeichnen und auf eine einfache Weise eine Briefmarke zukleben.<\/p>\n<p>Es gibt keine zwei gleichen B\u00e4ume, daher ist jede Karte einzigartig. Sie kann sich von der auf dem Foto pr\u00e4sentierten Karte leicht unterscheiden.<br \/>\nZum Set ist ein Umschlag eingef\u00fcgt.<\/p>\n","protected":false},"featured_media":43652,"template":"","meta":{"_acf_changed":false},"product_brand":[],"product_cat":[173],"product_tag":[],"class_list":{"0":"post-42595","1":"product","2":"type-product","3":"status-publish","4":"has-post-thumbnail","6":"product_cat-english-de","8":"first","9":"instock","10":"taxable","11":"shipping-taxable","12":"purchasable","13":"product-type-simple"},"acf":[],"_links":{"self":[{"href":"https:\/\/milin.pl\/de\/wp-json\/wp\/v2\/product\/42595","targetHints":{"allow":["GET"]}}],"collection":[{"href":"https:\/\/milin.pl\/de\/wp-json\/wp\/v2\/product"}],"about":[{"href":"https:\/\/milin.pl\/de\/wp-json\/wp\/v2\/types\/product"}],"wp:featuredmedia":[{"embeddable":true,"href":"https:\/\/milin.pl\/de\/wp-json\/wp\/v2\/media\/43652"}],"wp:attachment":[{"href":"https:\/\/milin.pl\/de\/wp-json\/wp\/v2\/media?parent=42595"}],"wp:term":[{"taxonomy":"product_brand","embeddable":true,"href":"https:\/\/milin.pl\/de\/wp-json\/wp\/v2\/product_brand?post=42595"},{"taxonomy":"product_cat","embeddable":true,"href":"https:\/\/milin.pl\/de\/wp-json\/wp\/v2\/product_cat?post=42595"},{"taxonomy":"product_tag","embeddable":true,"href":"https:\/\/milin.pl\/de\/wp-json\/wp\/v2\/product_tag?post=42595"}],"curies":[{"name":"wp","href":"https:\/\/api.w.org\/{rel}","templated":true}]}}