{"id":42612,"date":"2022-02-20T11:55:45","date_gmt":"2022-02-20T10:55:45","guid":{"rendered":"https:\/\/milin.pl\/?post_type=product&#038;p=42612"},"modified":"2024-01-25T14:44:12","modified_gmt":"2024-01-25T13:44:12","slug":"krakau","status":"publish","type":"product","link":"https:\/\/milin.pl\/de\/produkt\/krakau\/","title":{"rendered":"Krakau"},"content":{"rendered":"","protected":false},"excerpt":{"rendered":"<p>Eine h\u00f6lzerne Karte wird ein einzigartiges Geschenk, das mit dem Empf\u00e4nger f\u00fcr Jahre bleibt. Pers\u00f6nliche Gl\u00fcckw\u00fcnsche steigern ihren Wert.<\/p>\n<p>Auf Holz kann man schreiben, oder sogar zeichnen und auf eine einfache Weise eine Briefmarke zukleben.<\/p>\n<p>Es gibt keine zwei gleichen B\u00e4ume, daher ist jede Karte einzigartig. Sie kann sich von der auf dem Foto pr\u00e4sentierten Karte leicht unterscheiden.<br \/>\nZum Set ist ein Umschlag eingef\u00fcgt.<\/p>\n","protected":false},"featured_media":43724,"template":"","meta":{"_acf_changed":false},"product_brand":[85],"product_cat":[174],"product_tag":[],"class_list":{"0":"post-42612","1":"product","2":"type-product","3":"status-publish","4":"has-post-thumbnail","6":"product_brand-milin-toys","7":"product_cat-stadte","9":"first","10":"instock","11":"taxable","12":"shipping-taxable","13":"purchasable","14":"product-type-simple"},"acf":[],"_links":{"self":[{"href":"https:\/\/milin.pl\/de\/wp-json\/wp\/v2\/product\/42612","targetHints":{"allow":["GET"]}}],"collection":[{"href":"https:\/\/milin.pl\/de\/wp-json\/wp\/v2\/product"}],"about":[{"href":"https:\/\/milin.pl\/de\/wp-json\/wp\/v2\/types\/product"}],"wp:featuredmedia":[{"embeddable":true,"href":"https:\/\/milin.pl\/de\/wp-json\/wp\/v2\/media\/43724"}],"wp:attachment":[{"href":"https:\/\/milin.pl\/de\/wp-json\/wp\/v2\/media?parent=42612"}],"wp:term":[{"taxonomy":"product_brand","embeddable":true,"href":"https:\/\/milin.pl\/de\/wp-json\/wp\/v2\/product_brand?post=42612"},{"taxonomy":"product_cat","embeddable":true,"href":"https:\/\/milin.pl\/de\/wp-json\/wp\/v2\/product_cat?post=42612"},{"taxonomy":"product_tag","embeddable":true,"href":"https:\/\/milin.pl\/de\/wp-json\/wp\/v2\/product_tag?post=42612"}],"curies":[{"name":"wp","href":"https:\/\/api.w.org\/{rel}","templated":true}]}}