{"id":46343,"date":"2024-05-31T11:11:08","date_gmt":"2024-05-31T09:11:08","guid":{"rendered":"https:\/\/milin.pl\/?post_type=product&#038;p=46343"},"modified":"2025-04-01T08:17:17","modified_gmt":"2025-04-01T06:17:17","slug":"schmetterlingshaus-puzzle","status":"publish","type":"product","link":"https:\/\/milin.pl\/de\/produkt\/schmetterlingshaus-puzzle\/","title":{"rendered":"Schmetterlingshaus-Puzzle"},"content":{"rendered":"<p><img loading=\"lazy\" decoding=\"async\" class=\"aligncenter size-large wp-image-46335\" src=\"https:\/\/milin.pl\/wp-content\/uploads\/2024\/05\/DSC_7837-Edit-681x1024.jpg\" alt=\"\" width=\"681\" height=\"1024\" srcset=\"https:\/\/milin.pl\/wp-content\/uploads\/2024\/05\/DSC_7837-Edit-681x1024.jpg 681w, https:\/\/milin.pl\/wp-content\/uploads\/2024\/05\/DSC_7837-Edit-scaled-1200x1804.jpg 1200w, https:\/\/milin.pl\/wp-content\/uploads\/2024\/05\/DSC_7837-Edit-200x300.jpg 200w, https:\/\/milin.pl\/wp-content\/uploads\/2024\/05\/DSC_7837-Edit-768x1154.jpg 768w, https:\/\/milin.pl\/wp-content\/uploads\/2024\/05\/DSC_7837-Edit-1022x1536.jpg 1022w, https:\/\/milin.pl\/wp-content\/uploads\/2024\/05\/DSC_7837-Edit-1363x2048.jpg 1363w, https:\/\/milin.pl\/wp-content\/uploads\/2024\/05\/DSC_7837-Edit-1440x2164.jpg 1440w, https:\/\/milin.pl\/wp-content\/uploads\/2024\/05\/DSC_7837-Edit-100x150.jpg 100w, https:\/\/milin.pl\/wp-content\/uploads\/2024\/05\/DSC_7837-Edit-scaled.jpg 1703w\" sizes=\"auto, (max-width: 681px) 100vw, 681px\" \/><\/p>\n","protected":false},"excerpt":{"rendered":"<p><strong><span style=\"color: #aec8bd;\">Welches Kind liebt es nicht, R\u00e4tsel zu l\u00f6sen?<\/span><\/strong><\/p>\n<p>Diejenigen mit dem Schmetterlingshaus-Motiv haben auch eine wundersch\u00f6ne Illustration, die Sie f\u00fcr einen Moment in ein Land entf\u00fchrt, in dem alles m\u00e4rchenhaft ist!<\/p>\n<p>Wir haben Formr\u00e4tsel speziell f\u00fcr die J\u00fcngsten entwickelt. Auf der Vorderseite befindet sich eine originelle Illustration und auf der R\u00fcckseite bezaubernde Punkte, die das Ganze sowohl f\u00fcr das Kleinkind als auch f\u00fcr die Eltern \u00e4u\u00dferst \u00e4sthetisch machen.<\/p>\n<p>15 Elemente aus dicker Vollpappe sorgen f\u00fcr jede Menge Spielspa\u00df. Winzige Schmetterlinge in einer nicht offensichtlichen Form machen das Zusammensetzen der R\u00e4tsel nicht gerade einfach, aber das ist der Punkt!<\/p>\n<p>Nach dem Zusammenbau k\u00f6nnen Sie mit Ihrem Kind Schmetterlinge und Blumen z\u00e4hlen, aus dem Puzzle einen Turm basteln oder versuchen, Schmetterlinge auf ein Blatt Papier zu zeichnen. Wir sind nur durch unsere Vorstellungskraft begrenzt!<\/p>\n<p>Wir haben das Puzzle in einer Papiert\u00fcte mit einem Aufkleber verpackt, der zeigt, wie man das Motiv anordnet.<br \/>\nSie eignen sich perfekt als Geschenk!<\/p>\n<p><span style=\"color: #aec8bd;\"><strong>Das Zusammensetzen von Puzzles beeinflusst die Entwicklung Ihres Kindes! Was?<\/strong><\/span><\/p>\n<ul>\n<li>Sie wirken sich positiv auf das visuelle Ged\u00e4chtnis aus,<\/li>\n<li>Sie verbessern die F\u00e4higkeit, logisch zu denken,<\/li>\n<li>Sie verbessern die Konzentration und Konzentration und helfen Ihnen, zur Ruhe zu kommen,<\/li>\n<li>Sie lehren Geduld und unterst\u00fctzen so die emotionale Entwicklung,<\/li>\n<li>Das L\u00f6sen von R\u00e4tseln st\u00e4rkt die neuronalen Verbindungen im Gehirn.<\/li>\n<li>Verbesserung der Griffigkeit und Feinmotorik.<\/li>\n<\/ul>\n<p><strong><span style=\"color: #aec8bd;\">Einige wichtige Informationen zu R\u00e4tseln:<\/span><\/strong><\/p>\n<p>Abmessungen: 30 x 23 cm<br \/>\nMaterial: Vollkarton, beidseitig verklebt<br \/>\nAlter: 2+<\/p>\n<p><strong>CE, EN71, 2+<\/strong><\/p>\n","protected":false},"featured_media":46302,"template":"","meta":{"_acf_changed":false},"product_brand":[],"product_cat":[182],"product_tag":[],"class_list":{"0":"post-46343","1":"product","2":"type-product","3":"status-publish","4":"has-post-thumbnail","6":"product_cat-lern-und-kreativspielzeug","8":"first","9":"instock","10":"taxable","11":"shipping-taxable","12":"purchasable","13":"product-type-simple"},"acf":[],"_links":{"self":[{"href":"https:\/\/milin.pl\/de\/wp-json\/wp\/v2\/product\/46343","targetHints":{"allow":["GET"]}}],"collection":[{"href":"https:\/\/milin.pl\/de\/wp-json\/wp\/v2\/product"}],"about":[{"href":"https:\/\/milin.pl\/de\/wp-json\/wp\/v2\/types\/product"}],"wp:featuredmedia":[{"embeddable":true,"href":"https:\/\/milin.pl\/de\/wp-json\/wp\/v2\/media\/46302"}],"wp:attachment":[{"href":"https:\/\/milin.pl\/de\/wp-json\/wp\/v2\/media?parent=46343"}],"wp:term":[{"taxonomy":"product_brand","embeddable":true,"href":"https:\/\/milin.pl\/de\/wp-json\/wp\/v2\/product_brand?post=46343"},{"taxonomy":"product_cat","embeddable":true,"href":"https:\/\/milin.pl\/de\/wp-json\/wp\/v2\/product_cat?post=46343"},{"taxonomy":"product_tag","embeddable":true,"href":"https:\/\/milin.pl\/de\/wp-json\/wp\/v2\/product_tag?post=46343"}],"curies":[{"name":"wp","href":"https:\/\/api.w.org\/{rel}","templated":true}]}}