{"id":47251,"date":"2025-03-25T13:37:13","date_gmt":"2025-03-25T12:37:13","guid":{"rendered":"https:\/\/milin.pl\/?post_type=product&#038;p=47251"},"modified":"2025-05-27T00:03:30","modified_gmt":"2025-05-26T22:03:30","slug":"holzpuppenhaus-spring-flower-2","status":"publish","type":"product","link":"https:\/\/milin.pl\/de\/produkt\/holzpuppenhaus-spring-flower-2\/","title":{"rendered":"Holzpuppenhaus  \u2013 Spring Flower"},"content":{"rendered":"","protected":false},"excerpt":{"rendered":"<p>Holzpuppenhaus \u2013Spring Flower ist ganz anders als die anderen H\u00e4user auf dem Markt!<\/p>\n<p><strong><span style=\"color: #aec8bd;\">Warum?<\/span><\/strong><\/p>\n<ul>\n<li>Es hat ein sehr \u00e4sthetisches, fesselndes Design;<\/li>\n<li>Das Haus hat eine Modulkonstruktion \u2013 es schlie\u00dft die Notwendigkeit der Verwendung der Schrauben aus und gibt eine sehr gute Stabilit\u00e4t;<\/li>\n<li>Die M\u00f6bel sind sehr sch\u00f6n. Die Sessel haben eine handgefertigte Polsterung, wodurch das Ganze \u00e4u\u00dferst gem\u00fctlich wirkt;<\/li>\n<li>Das Material, aus dem das H\u00e4uschen angefertigt ist, ist ein Sperrholz von h\u00f6chster Qualit\u00e4t, hergestellt mit der Beachtung von der Waldumgebung: der Tiere, Pflanzen und Menschen. Die Tatsache ist mit dem FSC\u00ae-Zertifikat best\u00e4tigt;<\/li>\n<li>Jedes Element ist handveredelt, geschliffen mit Sorge um das kleinste Detail;<\/li>\n<li>Es ist ein Haus f\u00fcr Generationen, das man problemlos aufbewahren kann, wenn das Kind aus ihm schon herausw\u00e4chst \u2013 das Design des Hauses ist klassisch und zeitlos;<\/li>\n<li>Minimalistische Form des Hauses passt zu jedem Interieur, sowohl im Loft- als auch Boho-Still.<\/li>\n<\/ul>\n<p><span style=\"color: #aec8bd;\"><strong>Das Spiel mit dem Haus hat einen Einfluss auf die Entwicklung Ihres Kindes! Welchen?<\/strong><\/span><\/p>\n<ul>\n<li>Indem das Kleinkind Vater-Mutter-Kind spielt, wo eine Puppe verschiedene Rollen \u00fcbernimmt, entwickelt es in sich selbst Empathie und F\u00fcrsorge, bemerkt die im Alltag auftretenden Rollenschemata;<\/li>\n<li>Die Entwicklung der oben genannten Eigenschaften verbessert seinen Kontakt mit den Gleichaltrigen und mit der Umgebung;<\/li>\n<li>Durch spielerische Nachahmung des wahren Lebens befriedigt das Kind sein Entwicklungsbed\u00fcrfnis;<\/li>\n<li>Vater-Mutter-Kind-Spielen unterst\u00fctzt soziale, intellektuelle und emotionale Entwicklung des Kindes;<\/li>\n<li>Es gibt dem kleinen Menschen die M\u00f6glichkeit, mit verschiedenen gesellschaftlichen Rollen zu experimentieren;<\/li>\n<li>Das Spiel unterst\u00fctzt die Entwicklung von Kommunikationskompetenzen und das Erlernen neuer Wendungen.<\/li>\n<\/ul>\n<p><strong><span style=\"color: #aec8bd;\">Wichtiges \u00fcber das Haus:\u00a0<\/span><\/strong><\/p>\n<ul>\n<li>\u00a0Hausabmessungen. \u00a047 x 35 x 88 cm<\/li>\n<li>Empfohlen ab 3 Jahren.<\/li>\n<li>Hergestellt in Polen, in einer Familienmanufaktur.<\/li>\n<li>100% sichere, zertifizierte Materialien.<\/li>\n<li>Handveredelt.<\/li>\n<li><strong>FSC\u00ae , CE, 3+, EN71<\/strong><\/li>\n<\/ul>\n","protected":false},"featured_media":47136,"template":"","meta":{"_acf_changed":false},"product_brand":[],"product_cat":[185,171],"product_tag":[],"class_list":{"0":"post-47251","1":"product","2":"type-product","3":"status-publish","4":"has-post-thumbnail","6":"product_cat-alles-spielzeug","7":"product_cat-puppenhauser","9":"first","10":"instock","11":"taxable","12":"shipping-taxable","13":"purchasable","14":"product-type-simple"},"acf":[],"_links":{"self":[{"href":"https:\/\/milin.pl\/de\/wp-json\/wp\/v2\/product\/47251","targetHints":{"allow":["GET"]}}],"collection":[{"href":"https:\/\/milin.pl\/de\/wp-json\/wp\/v2\/product"}],"about":[{"href":"https:\/\/milin.pl\/de\/wp-json\/wp\/v2\/types\/product"}],"wp:featuredmedia":[{"embeddable":true,"href":"https:\/\/milin.pl\/de\/wp-json\/wp\/v2\/media\/47136"}],"wp:attachment":[{"href":"https:\/\/milin.pl\/de\/wp-json\/wp\/v2\/media?parent=47251"}],"wp:term":[{"taxonomy":"product_brand","embeddable":true,"href":"https:\/\/milin.pl\/de\/wp-json\/wp\/v2\/product_brand?post=47251"},{"taxonomy":"product_cat","embeddable":true,"href":"https:\/\/milin.pl\/de\/wp-json\/wp\/v2\/product_cat?post=47251"},{"taxonomy":"product_tag","embeddable":true,"href":"https:\/\/milin.pl\/de\/wp-json\/wp\/v2\/product_tag?post=47251"}],"curies":[{"name":"wp","href":"https:\/\/api.w.org\/{rel}","templated":true}]}}