{"id":47618,"date":"2025-06-02T18:08:28","date_gmt":"2025-06-02T16:08:28","guid":{"rendered":"https:\/\/milin.pl\/?post_type=product&#038;p=47618"},"modified":"2025-11-10T21:47:32","modified_gmt":"2025-11-10T20:47:32","slug":"grid-vase-kopia","status":"publish","type":"product","link":"https:\/\/milin.pl\/de\/produkt\/grid-vase-kopia\/","title":{"rendered":"Green Flora"},"content":{"rendered":"","protected":false},"excerpt":{"rendered":"<p>Die May-Vasen verbinden Funktionalit\u00e4t und Kunst!<\/p>\n<p>In unserer May-Kollektion finden Sie 3 verschiedene Formen und insgesamt 10 verschiedene Vasen-Designs, die alle sorgf\u00e4ltig durchdacht und nach den neuesten Interior-Trends entworfen wurden. Von gewagteren Formen und bunten Motiven bis hin zu ruhigeren Varianten. Die Vasen sind leicht, stabil und widerstandsf\u00e4hig gegen Besch\u00e4digungen, sodass sie viele Jahre lang halten.<\/p>\n<p>&#8230; Vase \u2013 Sie scheut keine Aufmerksamkeit! Mutige Muster und eine moderne Form machen sie nicht nur zu einem Accessoire, sondern zu einem auff\u00e4lligen und einzigartigen Akzent in jedem Raum.<\/p>\n<p>Hergestellt aus hochwertigen Materialien, vereint sie Funktionalit\u00e4t und Kunst \u2013 der Glas-Einsatz erm\u00f6glicht es, frische Blumen zu pr\u00e4sentieren, kann aber auch allein stehen und verleiht jedem Raum Charakter.<\/p>\n<p>Sie l\u00e4sst sich auch hervorragend mit unseren Holzblumen kombinieren.<\/p>\n<p>Die Vase, gefertigt aus nat\u00fcrlichem Birkenholz, verbindet die \u00c4sthetik des Handwerks mit der Funktionalit\u00e4t des t\u00e4glichen Gebrauchs. Sie besteht aus Rohmaterialien, die aus zertifizierten Forstbetrieben stammen, die umweltfreundliche Holzproduktionsstandards einhalten und die Umwelt, Tiere, Pflanzen und Menschen respektieren. Jedes St\u00fcck kann aufgrund der handgefertigten Verarbeitung leicht variieren.<\/p>\n<p>Dieses Produkt ist f\u00fcr den Innenbereich bestimmt. Um sein Aussehen zu erhalten, wird empfohlen, es mit einem feuchten Tuch zu reinigen \u2013 es darf nicht in Wasser getaucht werden. Es ist keine Montage erforderlich. Jede Vase wird in einer individuellen, umweltfreundlichen Kartonverpackung geliefert. Das Set enth\u00e4lt nicht den Glas-Einsatz. Das Produkt wird in Polen hergestellt und mit Liebe zum Detail\u00a0handgefertigt.<\/p>\n","protected":false},"featured_media":47398,"template":"","meta":{"_acf_changed":false},"product_brand":[],"product_cat":[249,262],"product_tag":[],"class_list":{"0":"post-47618","1":"product","2":"type-product","3":"status-publish","4":"has-post-thumbnail","6":"product_cat-dekorationen","7":"product_cat-vasen","9":"first","10":"outofstock","11":"taxable","12":"shipping-taxable","13":"purchasable","14":"product-type-simple"},"acf":[],"_links":{"self":[{"href":"https:\/\/milin.pl\/de\/wp-json\/wp\/v2\/product\/47618","targetHints":{"allow":["GET"]}}],"collection":[{"href":"https:\/\/milin.pl\/de\/wp-json\/wp\/v2\/product"}],"about":[{"href":"https:\/\/milin.pl\/de\/wp-json\/wp\/v2\/types\/product"}],"wp:featuredmedia":[{"embeddable":true,"href":"https:\/\/milin.pl\/de\/wp-json\/wp\/v2\/media\/47398"}],"wp:attachment":[{"href":"https:\/\/milin.pl\/de\/wp-json\/wp\/v2\/media?parent=47618"}],"wp:term":[{"taxonomy":"product_brand","embeddable":true,"href":"https:\/\/milin.pl\/de\/wp-json\/wp\/v2\/product_brand?post=47618"},{"taxonomy":"product_cat","embeddable":true,"href":"https:\/\/milin.pl\/de\/wp-json\/wp\/v2\/product_cat?post=47618"},{"taxonomy":"product_tag","embeddable":true,"href":"https:\/\/milin.pl\/de\/wp-json\/wp\/v2\/product_tag?post=47618"}],"curies":[{"name":"wp","href":"https:\/\/api.w.org\/{rel}","templated":true}]}}