{"id":47916,"date":"2025-06-02T21:21:29","date_gmt":"2025-06-02T19:21:29","guid":{"rendered":"https:\/\/milin.pl\/?post_type=product&#038;p=47916"},"modified":"2025-11-10T21:59:26","modified_gmt":"2025-11-10T20:59:26","slug":"cornflower-wooden-flower-kopia","status":"publish","type":"product","link":"https:\/\/milin.pl\/de\/produkt\/cornflower-wooden-flower-kopia\/","title":{"rendered":"Tulip- Wooden Flower"},"content":{"rendered":"","protected":false},"excerpt":{"rendered":"<p>Voller lebendiger Farben \u2013 Blumen und Bl\u00e4tter aus Birkenholz!<\/p>\n<p>Unsere Blumen und Bl\u00e4tter aus Birkenholz sind eine langlebige und \u00e4sthetische Alternative zu frischen Blumen. Sie setzen zarte Akzente, die den Raum verwandeln \u2013 sie bringen Freude, Energie und einen Hauch Kunst mit sich. Handgefertigt aus nat\u00fcrlichem Holz sind sie eine wundersch\u00f6ne Dekoration f\u00fcr Zuhause oder das B\u00fcro und eignen sich auch hervorragend als Geschenk. Sie ben\u00f6tigen keine Pflege und sehen jederzeit gro\u00dfartig aus.<\/p>\n<p>In unserer Kollektion finden Sie 9 verschiedene Blumentypen in kr\u00e4ftigen Farben sowie 3 Bl\u00e4tter in unterschiedlichen Formen und Gr\u00fcnt\u00f6nen \u2013 alle inspiriert von der Natur!<\/p>\n<p>Unsere dekorativen Holzblumen und -bl\u00e4tter vereinen handwerkliche Pr\u00e4zision mit modernem Design. Jedes Element wurde sorgf\u00e4ltig per Hand ausgeschnitten, bearbeitet und mit langlebigen, ungiftigen Farben bemalt. Die Blumen und Bl\u00e4tter sind in verschiedenen Formen und Farben erh\u00e4ltlich, was zahlreiche, individuelle Arrangements erm\u00f6glicht \u2013 passend f\u00fcr jedes Interieur. Sie lassen sich frei kombinieren und sehen sowohl in gr\u00f6\u00dferen Kompositionen als auch in Verbindung mit frischen Blumen oder Zweigen gro\u00dfartig aus. Auch als Wanddekoration wirken sie beeindruckend.<\/p>\n<p>Ma\u00dfe: 20 x 33 cm<\/p>\n<p>Die Produkte sind leicht, stabil und widerstandsf\u00e4hig \u2013 die perfekte Alternative zu echten Pflanzen.<\/p>\n<p>Die Dekorationen sind ausschlie\u00dflich f\u00fcr den Innenbereich geeignet. Sie k\u00f6nnen mit einem trockenen oder leicht feuchten Tuch gereinigt werden. Die Blumen sind einzeln oder im Set in umweltfreundlicher Kartonverpackung erh\u00e4ltlich.<br \/>\nDie Produkte werden lokal in Polen mit viel Liebe zum Detail hergestellt.<\/p>\n","protected":false},"featured_media":47667,"template":"","meta":{"_acf_changed":false},"product_brand":[],"product_cat":[268,249],"product_tag":[],"class_list":{"0":"post-47916","1":"product","2":"type-product","3":"status-publish","4":"has-post-thumbnail","6":"product_cat-blumen","7":"product_cat-dekorationen","9":"first","10":"instock","11":"taxable","12":"shipping-taxable","13":"purchasable","14":"product-type-simple"},"acf":[],"_links":{"self":[{"href":"https:\/\/milin.pl\/de\/wp-json\/wp\/v2\/product\/47916","targetHints":{"allow":["GET"]}}],"collection":[{"href":"https:\/\/milin.pl\/de\/wp-json\/wp\/v2\/product"}],"about":[{"href":"https:\/\/milin.pl\/de\/wp-json\/wp\/v2\/types\/product"}],"wp:featuredmedia":[{"embeddable":true,"href":"https:\/\/milin.pl\/de\/wp-json\/wp\/v2\/media\/47667"}],"wp:attachment":[{"href":"https:\/\/milin.pl\/de\/wp-json\/wp\/v2\/media?parent=47916"}],"wp:term":[{"taxonomy":"product_brand","embeddable":true,"href":"https:\/\/milin.pl\/de\/wp-json\/wp\/v2\/product_brand?post=47916"},{"taxonomy":"product_cat","embeddable":true,"href":"https:\/\/milin.pl\/de\/wp-json\/wp\/v2\/product_cat?post=47916"},{"taxonomy":"product_tag","embeddable":true,"href":"https:\/\/milin.pl\/de\/wp-json\/wp\/v2\/product_tag?post=47916"}],"curies":[{"name":"wp","href":"https:\/\/api.w.org\/{rel}","templated":true}]}}