{"id":48587,"date":"2025-10-20T19:16:48","date_gmt":"2025-10-20T17:16:48","guid":{"rendered":"https:\/\/milin.pl\/?post_type=product&#038;p=48587"},"modified":"2025-10-20T19:18:24","modified_gmt":"2025-10-20T17:18:24","slug":"eiscreme-christbaumschmuck-kopia","status":"publish","type":"product","link":"https:\/\/milin.pl\/de\/produkt\/eiscreme-christbaumschmuck-kopia\/","title":{"rendered":"Ein Hund auf einem Schlitten &#8211; Christbaumschmuck"},"content":{"rendered":"<p>Dieses Weihnachtsornament besteht aus bedrucktem Birkensperrholz. Das Set enth\u00e4lt au\u00dferdem eine goldene Schnur und ein herzf\u00f6rmiges Papieretikett, das auch als Dekorationselement verwendet werden kann.<\/p>\n<p>Mit viel Liebe und Leidenschaft in einer Werkstatt in Kleinpolen gefertigt.<\/p>\n<p>Ma\u00dfe ca. 15 x 15 cm; die Ma\u00dfe k\u00f6nnen je nach Design leicht variieren. Die auf den Fotos gezeigten Farben k\u00f6nnen leicht von den tats\u00e4chlichen Farben abweichen, da Holz von Natur aus in Farbton und Farbe variiert, was den endg\u00fcltigen Effekt beeinflusst.<\/p>\n","protected":false},"excerpt":{"rendered":"<p>Es war einmal im Weihnachtsland, unter dem untergehenden Mond, da sa\u00df der traurige Fliegenpilz. Die Sonne schien neben ihm, doch auch er wirkte niedergeschlagen.<\/p>\n<p>\u201eIch mag Weihnachten nicht\u201c, seufzte Fliegenpilz. \u201eNiemand braucht einen Pilz wie mich.\u201c<\/p>\n<p>\u201eUnd ich\u201c, f\u00fcgte Sunny hinzu, \u201estrahle im Dezember nicht so hell, deshalb f\u00fchle ich mich nutzlos.\u201c<\/p>\n<p>Pl\u00f6tzlich rutschte Hund auf einem Schlitten den H\u00fcgel hinunter, so heftig, dass er in die Schneewehen fiel und nur noch sein Schwanz herausragte! Fliegenpilz schnaubte vor Lachen.<\/p>\n<p>\u201eWeihnachten ist zum Lachen da, auch wenn etwas schiefgeht!\u201c, bellte Hund.<\/p>\n<p>Hinter ihm rannte ein Dackel mit Geschenken, der \u00fcber den Schlitten stolperte und sich in seiner eigenen Schleife verhedderte \u2013 er sah aus wie ein wandelndes Geschenk! Die K\u00e4tzchen in ihren Pullovern quiekten vor Lachen. Einer machte einen Purzelbaum, ein anderer schleppte einen Kranz hinter sich her, der gr\u00f6\u00dfer war als er selbst, und der dritte knabberte nebenbei an Lebkuchen.<\/p>\n<p>Dann fuhr ein Auto mit einem Weihnachtsbaum auf dem Dach vorbei, und die K\u00e4tzchen sprangen aufs Dach und begannen Weihnachtslieder zu singen. Sunny l\u00e4chelte breiter, und Fliegenpilz sprang fr\u00f6hlich.<\/p>\n<p>Neben ihnen sauste der Eisl\u00e4ufer den schneebedeckten Hang entlang, drehte lustige Pirouetten und fiel in weiche Schneewehen. Hinter ihr glitt der Skil\u00e4ufer dahin und schoss Schneeb\u00e4lle, und der Snowboarder fiel immer wieder und l\u00f6ste schallendes Gel\u00e4chter aus.<\/p>\n<p>Schlie\u00dflich kamen Henne und Hahn aus dem H\u00fchnerstall und f\u00fchrten eine Prozession mit K\u00f6nig Pierogi an, der nach Weihnachten duftete.<\/p>\n<p>Die Feiertage sind nicht f\u00fcr jeden eine Zeit der Freude \u2013 manchmal f\u00fchlt sich jemand einsam wie Fliegenpilz. Deshalb lohnt es sich, sich umzusehen, jemandem zu helfen, zu l\u00e4cheln und f\u00fcr ihn da zu sein. Denn das gr\u00f6\u00dfte Geschenk, das wir anderen machen k\u00f6nnen, ist unsere Freundlichkeit und unsere Anwesenheit.<\/p>\n<p>Toadstool sah sich um und l\u00e4chelte. \u201eDu hast Recht! Die Feiertage sind am sch\u00f6nsten, wenn alle zusammen sind!\u201c<\/p>\n","protected":false},"featured_media":48414,"template":"","meta":{"_acf_changed":false},"product_brand":[],"product_cat":[256],"product_tag":[],"class_list":{"0":"post-48587","1":"product","2":"type-product","3":"status-publish","4":"has-post-thumbnail","6":"product_cat-weihnachtsdekorationen","8":"first","9":"outofstock","10":"taxable","11":"shipping-taxable","12":"purchasable","13":"product-type-simple"},"acf":[],"_links":{"self":[{"href":"https:\/\/milin.pl\/de\/wp-json\/wp\/v2\/product\/48587","targetHints":{"allow":["GET"]}}],"collection":[{"href":"https:\/\/milin.pl\/de\/wp-json\/wp\/v2\/product"}],"about":[{"href":"https:\/\/milin.pl\/de\/wp-json\/wp\/v2\/types\/product"}],"wp:featuredmedia":[{"embeddable":true,"href":"https:\/\/milin.pl\/de\/wp-json\/wp\/v2\/media\/48414"}],"wp:attachment":[{"href":"https:\/\/milin.pl\/de\/wp-json\/wp\/v2\/media?parent=48587"}],"wp:term":[{"taxonomy":"product_brand","embeddable":true,"href":"https:\/\/milin.pl\/de\/wp-json\/wp\/v2\/product_brand?post=48587"},{"taxonomy":"product_cat","embeddable":true,"href":"https:\/\/milin.pl\/de\/wp-json\/wp\/v2\/product_cat?post=48587"},{"taxonomy":"product_tag","embeddable":true,"href":"https:\/\/milin.pl\/de\/wp-json\/wp\/v2\/product_tag?post=48587"}],"curies":[{"name":"wp","href":"https:\/\/api.w.org\/{rel}","templated":true}]}}