{"id":48672,"date":"2025-09-10T13:02:34","date_gmt":"2025-09-10T11:02:34","guid":{"rendered":"https:\/\/milin.pl\/?post_type=product&#038;p=48672"},"modified":"2026-04-18T11:55:31","modified_gmt":"2026-04-18T09:55:31","slug":"piklers-kletterdreieck-3in1","status":"publish","type":"product","link":"https:\/\/milin.pl\/de\/produkt\/piklers-kletterdreieck-3in1\/","title":{"rendered":"Kletterdreieck 3in1"},"content":{"rendered":"","protected":false},"excerpt":{"rendered":"<div>\n<div>\n<p>3-in-1-Kletterdreieck mit Kletterwand und Netz<\/p>\n<\/div>\n<div>\n<p>Multifunktionaler Spielplatz f\u00fcr zu Hause<\/p>\n<\/div>\n<div>\n<p>Die Leiter ist ein zeitloses Kinderzimmerger\u00e4t, das die motorische Entwicklung und Kreativit\u00e4t von Kleinkindern f\u00f6rdert. Das abgebildete Modell wurde um eine Kletterwand mit bunten Griffen und einem Seilnetz erweitert und bietet so noch mehr Spiel- und Aktivit\u00e4tsm\u00f6glichkeiten. Dank ihres schlichten und minimalistischen Designs passt sie perfekt in jedes Zimmer.<\/p>\n<\/div>\n<div>\n<p>Hauptvorteile:<\/p>\n<\/div>\n<ul>\n<li>Grobmotorische Entwicklung \u2013 Klettern, Rutschen und \u00dcberqueren der Struktur f\u00f6rdert Gleichgewicht und Muskelkraft.<\/li>\n<li>Kognitive Entwicklung \u2013 Verbessert die r\u00e4umliche Orientierung und die K\u00f6rperorientierung des Kindes. Au\u00dferdem st\u00e4rkt sie Selbstvertrauen und Mut.<\/li>\n<li>Sicheres Spielen zu Hause \u2013 Stabile, solide Konstruktion aus hochwertigem Sperrholz ohne scharfe Kanten.<\/li>\n<li>Bunte Klettergriffe \u2013 in freundlichen Pastellfarben und interessanten Formen, perfekt f\u00fcr kleine H\u00e4nde. Kletternetz \u2013 f\u00f6rdert das Klettern und die motorische Koordination.<\/li>\n<li>Anregung der Vorstellungskraft \u2013 die Leiter kann zu einem Berg werden, den es zu erklimmen gilt, zu einem St\u00fctzpunkt, einem Gesch\u00e4ft oder einem Haus \u2013 die einzige Grenze ist die Vorstellungskraft des Kindes.<\/li>\n<\/ul>\n<div>\n<p>Ma\u00dfe:<\/p>\n<\/div>\n<ul>\n<li>H\u00f6he: 82 cm<\/li>\n<li>Breite: 82 cm<\/li>\n<li>Basisl\u00e4nge: 82 cm<\/li>\n<\/ul>\n<div>\n<p>Geeignet f\u00fcr:<\/p>\n<\/div>\n<ul>\n<li>Geeignet f\u00fcr Kinder ab 3 Jahren<\/li>\n<li>Maximale Belastung: ca. 60 kg<\/li>\n<\/ul>\n<div>\n<p>Sicherheit:<\/p>\n<\/div>\n<ul>\n<li>Hergestellt aus naturbelassenem, zertifiziertem Sperrholz<\/li>\n<li>Bemalt mit ungiftigen, kindersicheren Lacken<\/li>\n<li>Alle Kanten sind abgerundet.<\/li>\n<\/ul>\n<div>\n<p>Die Leiter ist nicht nur ein Spielzeug, sondern auch ein Hilfsmittel zur F\u00f6rderung der psychomotorischen Entwicklung \u2013 lernen Kinder in einer sicheren Umgebung Selbstst\u00e4ndigkeit, \u00fcberwinden Hindernisse und entwickeln Selbstvertrauen.<\/p>\n<\/div>\n<\/div>\n","protected":false},"featured_media":48090,"template":"","meta":{"_acf_changed":false},"product_brand":[],"product_cat":[169],"product_tag":[],"class_list":{"0":"post-48672","1":"product","2":"type-product","3":"status-publish","4":"has-post-thumbnail","6":"product_cat-ladders","8":"first","9":"instock","10":"taxable","11":"shipping-taxable","12":"purchasable","13":"product-type-simple"},"acf":[],"_links":{"self":[{"href":"https:\/\/milin.pl\/de\/wp-json\/wp\/v2\/product\/48672","targetHints":{"allow":["GET"]}}],"collection":[{"href":"https:\/\/milin.pl\/de\/wp-json\/wp\/v2\/product"}],"about":[{"href":"https:\/\/milin.pl\/de\/wp-json\/wp\/v2\/types\/product"}],"wp:featuredmedia":[{"embeddable":true,"href":"https:\/\/milin.pl\/de\/wp-json\/wp\/v2\/media\/48090"}],"wp:attachment":[{"href":"https:\/\/milin.pl\/de\/wp-json\/wp\/v2\/media?parent=48672"}],"wp:term":[{"taxonomy":"product_brand","embeddable":true,"href":"https:\/\/milin.pl\/de\/wp-json\/wp\/v2\/product_brand?post=48672"},{"taxonomy":"product_cat","embeddable":true,"href":"https:\/\/milin.pl\/de\/wp-json\/wp\/v2\/product_cat?post=48672"},{"taxonomy":"product_tag","embeddable":true,"href":"https:\/\/milin.pl\/de\/wp-json\/wp\/v2\/product_tag?post=48672"}],"curies":[{"name":"wp","href":"https:\/\/api.w.org\/{rel}","templated":true}]}}