{"id":48716,"date":"2025-10-23T19:23:55","date_gmt":"2025-10-23T17:23:55","guid":{"rendered":"https:\/\/milin.pl\/?post_type=product&#038;p=48716"},"modified":"2025-10-23T19:27:25","modified_gmt":"2025-10-23T17:27:25","slug":"nuddle-the-cat-wanddekoration-kopia","status":"publish","type":"product","link":"https:\/\/milin.pl\/de\/produkt\/nuddle-the-cat-wanddekoration-kopia\/","title":{"rendered":"Ramen the cat &#8211; Wanddekoration"},"content":{"rendered":"<p>Eine charmante Wanddekoration aus Birkensperrholz mit langlebigem Druck. Zur einfachen Wandmontage ist Montageband im Lieferumfang enthalten. Perfekt f\u00fcr die Gestaltung einer einzigartigen Galerie Ihrer Kunstwerke oder als verspielte Markierung f\u00fcr Katzenn\u00e4pfe. Das warme, einladende Design bringt Freude in jedes Interieur.<\/p>\n","protected":false},"excerpt":{"rendered":"<p>Ein Meister des Yoga, der Meditation und des Brezelfaltens.<br \/>\nWenn er schl\u00e4ft, kann die ganze Welt es kaum erwarten, dass er aufwacht.<\/p>\n","protected":false},"featured_media":48733,"template":"","meta":{"_acf_changed":false},"product_brand":[],"product_cat":[265],"product_tag":[],"class_list":{"0":"post-48716","1":"product","2":"type-product","3":"status-publish","4":"has-post-thumbnail","6":"product_cat-wanddekorationen","8":"first","9":"instock","10":"taxable","11":"shipping-taxable","12":"purchasable","13":"product-type-simple"},"acf":[],"_links":{"self":[{"href":"https:\/\/milin.pl\/de\/wp-json\/wp\/v2\/product\/48716","targetHints":{"allow":["GET"]}}],"collection":[{"href":"https:\/\/milin.pl\/de\/wp-json\/wp\/v2\/product"}],"about":[{"href":"https:\/\/milin.pl\/de\/wp-json\/wp\/v2\/types\/product"}],"wp:featuredmedia":[{"embeddable":true,"href":"https:\/\/milin.pl\/de\/wp-json\/wp\/v2\/media\/48733"}],"wp:attachment":[{"href":"https:\/\/milin.pl\/de\/wp-json\/wp\/v2\/media?parent=48716"}],"wp:term":[{"taxonomy":"product_brand","embeddable":true,"href":"https:\/\/milin.pl\/de\/wp-json\/wp\/v2\/product_brand?post=48716"},{"taxonomy":"product_cat","embeddable":true,"href":"https:\/\/milin.pl\/de\/wp-json\/wp\/v2\/product_cat?post=48716"},{"taxonomy":"product_tag","embeddable":true,"href":"https:\/\/milin.pl\/de\/wp-json\/wp\/v2\/product_tag?post=48716"}],"curies":[{"name":"wp","href":"https:\/\/api.w.org\/{rel}","templated":true}]}}