{"id":49403,"date":"2026-02-01T18:37:12","date_gmt":"2026-02-01T17:37:12","guid":{"rendered":"https:\/\/milin.pl\/?post_type=product&#038;p=49403"},"modified":"2026-02-01T18:39:14","modified_gmt":"2026-02-01T17:39:14","slug":"egg-green-kopia","status":"publish","type":"product","link":"https:\/\/milin.pl\/de\/produkt\/egg-green-kopia\/","title":{"rendered":"Egg Blue"},"content":{"rendered":"<p>Freude an jedem kleinen Detail. Osterdekorationen vereinen auf wundersch\u00f6ne Weise nat\u00fcrliches Sperrholz, leuchtende Farben und dekorative Formen. Sie bringen W\u00e4rme, Leichtigkeit und festliche Stimmung in Ihre vier W\u00e4nde und schaffen eine einladende und fr\u00f6hliche Osteratmosph\u00e4re.<\/p>\n<p>Die Dekorationen harmonieren perfekt mit nat\u00fcrlichen Akzenten wie Palmenzweigen, Gr\u00fcnpflanzen und Fr\u00fchlingsblumen. Sie erm\u00f6glichen es Ihnen, wundersch\u00f6ne saisonale Arrangements zu Hause zu gestalten und sich an ihren dekorativen Details zu erfreuen.<\/p>\n<p>Sie sind auf der einen Seite mit Grafiken und auf der anderen Seite aus Naturholz gefertigt.<\/p>\n","protected":false},"excerpt":{"rendered":"<p>Freude an jedem kleinen Detail. Osterdekorationen vereinen auf wundersch\u00f6ne Weise nat\u00fcrliches Sperrholz, leuchtende Farben und dekorative Formen. Sie bringen W\u00e4rme, Leichtigkeit und festliche Stimmung in Ihre vier W\u00e4nde und schaffen eine einladende und fr\u00f6hliche Osteratmosph\u00e4re.<\/p>\n<p>Die Dekorationen harmonieren perfekt mit nat\u00fcrlichen Akzenten wie Palmenzweigen, Gr\u00fcnpflanzen und Fr\u00fchlingsblumen. Sie erm\u00f6glichen es Ihnen, wundersch\u00f6ne saisonale Arrangements zu Hause zu gestalten und sich an ihren dekorativen Details zu erfreuen.<\/p>\n<p>Sie sind auf der einen Seite mit Grafiken und auf der anderen Seite aus Naturholz gefertigt.<\/p>\n","protected":false},"featured_media":49295,"template":"","meta":{"_acf_changed":false},"product_brand":[],"product_cat":[],"product_tag":[],"class_list":{"0":"post-49403","1":"product","2":"type-product","3":"status-publish","4":"has-post-thumbnail","7":"first","8":"instock","9":"taxable","10":"shipping-taxable","11":"purchasable","12":"product-type-simple"},"acf":[],"_links":{"self":[{"href":"https:\/\/milin.pl\/de\/wp-json\/wp\/v2\/product\/49403","targetHints":{"allow":["GET"]}}],"collection":[{"href":"https:\/\/milin.pl\/de\/wp-json\/wp\/v2\/product"}],"about":[{"href":"https:\/\/milin.pl\/de\/wp-json\/wp\/v2\/types\/product"}],"wp:featuredmedia":[{"embeddable":true,"href":"https:\/\/milin.pl\/de\/wp-json\/wp\/v2\/media\/49295"}],"wp:attachment":[{"href":"https:\/\/milin.pl\/de\/wp-json\/wp\/v2\/media?parent=49403"}],"wp:term":[{"taxonomy":"product_brand","embeddable":true,"href":"https:\/\/milin.pl\/de\/wp-json\/wp\/v2\/product_brand?post=49403"},{"taxonomy":"product_cat","embeddable":true,"href":"https:\/\/milin.pl\/de\/wp-json\/wp\/v2\/product_cat?post=49403"},{"taxonomy":"product_tag","embeddable":true,"href":"https:\/\/milin.pl\/de\/wp-json\/wp\/v2\/product_tag?post=49403"}],"curies":[{"name":"wp","href":"https:\/\/api.w.org\/{rel}","templated":true}]}}