{"id":37071,"date":"2022-02-20T11:55:45","date_gmt":"2022-02-20T10:55:45","guid":{"rendered":"https:\/\/milin.pl\/produkt\/swiateczny-zajac\/"},"modified":"2025-03-12T12:29:02","modified_gmt":"2025-03-12T11:29:02","slug":"swiateczny-zajac","status":"publish","type":"product","link":"https:\/\/milin.pl\/en\/produkt\/swiateczny-zajac\/","title":{"rendered":"\u015awi\u0105teczny Zaj\u0105c"},"content":{"rendered":"<p>A wooden card will be a unique gift that will stay with the recipient for years. Personal wishes will add value to it.<\/p>\n<p>You can write and even draw on wood, and you can easily stick a stamp.<\/p>\n<p>No two trees are the same, so each card is unique. Maybe it differs slightly from the one presented in the picture.<\/p>\n","protected":false},"excerpt":{"rendered":"<p>A wooden card will be a unique gift that will stay with the recipient for years. Personal wishes will add value to it.<\/p>\n<p>You can write and even draw on wood, and you can easily stick a stamp.<\/p>\n<p>No two trees are the same, so each card is unique. Maybe it differs slightly from the one presented in the picture.<\/p>\n","protected":false},"featured_media":37715,"template":"","meta":{"_acf_changed":false},"product_brand":[],"product_cat":[128],"product_tag":[],"class_list":{"0":"post-37071","1":"product","2":"type-product","3":"status-publish","4":"has-post-thumbnail","6":"product_cat-easter","8":"first","9":"instock","10":"taxable","11":"shipping-taxable","12":"purchasable","13":"product-type-simple"},"acf":[],"_links":{"self":[{"href":"https:\/\/milin.pl\/en\/wp-json\/wp\/v2\/product\/37071","targetHints":{"allow":["GET"]}}],"collection":[{"href":"https:\/\/milin.pl\/en\/wp-json\/wp\/v2\/product"}],"about":[{"href":"https:\/\/milin.pl\/en\/wp-json\/wp\/v2\/types\/product"}],"wp:featuredmedia":[{"embeddable":true,"href":"https:\/\/milin.pl\/en\/wp-json\/wp\/v2\/media\/37715"}],"wp:attachment":[{"href":"https:\/\/milin.pl\/en\/wp-json\/wp\/v2\/media?parent=37071"}],"wp:term":[{"taxonomy":"product_brand","embeddable":true,"href":"https:\/\/milin.pl\/en\/wp-json\/wp\/v2\/product_brand?post=37071"},{"taxonomy":"product_cat","embeddable":true,"href":"https:\/\/milin.pl\/en\/wp-json\/wp\/v2\/product_cat?post=37071"},{"taxonomy":"product_tag","embeddable":true,"href":"https:\/\/milin.pl\/en\/wp-json\/wp\/v2\/product_tag?post=37071"}],"curies":[{"name":"wp","href":"https:\/\/api.w.org\/{rel}","templated":true}]}}