{"id":33335,"date":"2022-02-20T11:54:36","date_gmt":"2022-02-20T10:54:36","guid":{"rendered":"https:\/\/milin.pl\/?post_type=product&#038;p=33335"},"modified":"2024-01-24T16:55:28","modified_gmt":"2024-01-24T15:55:28","slug":"wieloryb-drewniana-zakladka-do-ksiazki","status":"publish","type":"product","link":"https:\/\/milin.pl\/fr\/produkt\/wieloryb-drewniana-zakladka-do-ksiazki\/","title":{"rendered":"Wieloryb &#8211; Drewniana zak\u0142adka do ksi\u0105\u017cki"},"content":{"rendered":"<p>Drewniana zak\u0142adka z pewno\u015bci\u0105 b\u0119dzie umila\u0142a czytanie ulubionej ksi\u0105\u017cki.<br \/>\nStworzyli\u015bmy kilkana\u015bcie motyw\u00f3w o r\u00f3\u017cnorodnej tematyce.<br \/>\nTo tak\u017ce dobry pomys\u0142 na prezent.<\/p>\n<p>Wymiary <span style=\"font-size: medium;\">19 x 5 x 0,2 cm.<\/span><\/p>\n<p>Nie ma dw\u00f3ch takich samych drzew, st\u0105d ka\u017cda ma swoj\u0105 charakterystyczn\u0105 struktur\u0119.<\/p>\n","protected":false},"excerpt":{"rendered":"<p>Drewniana zak\u0142adka z pewno\u015bci\u0105 b\u0119dzie umila\u0142a czytanie ulubionej ksi\u0105\u017cki.<br \/>\nStworzyli\u015bmy kilkana\u015bcie motyw\u00f3w o r\u00f3\u017cnorodnej tematyce.<br \/>\nTo tak\u017ce dobry pomys\u0142 na prezent.<\/p>\n<p>Wymiary <span style=\"font-size: medium;\">19 x 5 x 0,2 cm.<\/span><\/p>\n<p>Nie ma dw\u00f3ch takich samych drzew, st\u0105d ka\u017cda ma swoj\u0105 charakterystyczn\u0105 struktur\u0119.<\/p>\n","protected":false},"featured_media":33434,"template":"","meta":{"_acf_changed":false},"product_brand":[85],"product_cat":[15],"product_tag":[],"class_list":{"0":"post-33335","1":"product","2":"type-product","3":"status-publish","4":"has-post-thumbnail","6":"product_brand-milin-toys","7":"product_cat-bez-kategorii","9":"first","10":"instock","11":"taxable","12":"shipping-taxable","13":"purchasable","14":"product-type-simple"},"acf":[],"_links":{"self":[{"href":"https:\/\/milin.pl\/fr\/wp-json\/wp\/v2\/product\/33335","targetHints":{"allow":["GET"]}}],"collection":[{"href":"https:\/\/milin.pl\/fr\/wp-json\/wp\/v2\/product"}],"about":[{"href":"https:\/\/milin.pl\/fr\/wp-json\/wp\/v2\/types\/product"}],"wp:featuredmedia":[{"embeddable":true,"href":"https:\/\/milin.pl\/fr\/wp-json\/wp\/v2\/media\/33434"}],"wp:attachment":[{"href":"https:\/\/milin.pl\/fr\/wp-json\/wp\/v2\/media?parent=33335"}],"wp:term":[{"taxonomy":"product_brand","embeddable":true,"href":"https:\/\/milin.pl\/fr\/wp-json\/wp\/v2\/product_brand?post=33335"},{"taxonomy":"product_cat","embeddable":true,"href":"https:\/\/milin.pl\/fr\/wp-json\/wp\/v2\/product_cat?post=33335"},{"taxonomy":"product_tag","embeddable":true,"href":"https:\/\/milin.pl\/fr\/wp-json\/wp\/v2\/product_tag?post=33335"}],"curies":[{"name":"wp","href":"https:\/\/api.w.org\/{rel}","templated":true}]}}