{"id":37175,"date":"2022-08-25T11:06:37","date_gmt":"2022-08-25T09:06:37","guid":{"rendered":"https:\/\/milin.pl\/?post_type=product&#038;p=37175"},"modified":"2023-06-03T19:58:41","modified_gmt":"2023-06-03T17:58:41","slug":"zestaw-przeplotki-bestseller","status":"publish","type":"product","link":"https:\/\/milin.pl\/fr\/produkt\/zestaw-przeplotki-bestseller\/","title":{"rendered":"Zestaw Przeplotki Bestseller"},"content":{"rendered":"<p>Zestaw zawiera nasze Bestsellery Przeplotek :<\/p>\n<ul>\n<li>5 x du\u017ca przeplotka Kotka Renia<\/li>\n<li>2 x du\u017ca przeplotka Pan Mi\u015b<\/li>\n<li>2 x du\u017ca przeplotka Panna Misia<\/li>\n<li>5 x du\u017ca przeplotka Je\u017cyk<\/li>\n<li>5 x du\u017ca przeplotka Dinozaur Aleks<\/li>\n<li>5 x du\u017ca przeplotka Piesek Henio<\/li>\n<li>5 x du\u017ca przeplotka Lama Zosia<\/li>\n<li>2 x ma\u0142a przeplotka Kotka Balbinka<\/li>\n<li>2 x ma\u0142a przeplotka Piesek Bruno<\/li>\n<li>2 x ma\u0142a przeplotka Lisek Oskar<\/li>\n<li>5 x sznurowad\u0142o kr\u00f3tkie w r\u00f3\u017cnych kolorach<\/li>\n<li>5 x sznurowa\u0142o d\u0142ugie w r\u00f3\u017cnych kolorach<\/li>\n<li>tekturowy ekspozytor<\/li>\n<\/ul>\n<p>Wymiar: szeroko\u015b\u0107 45,5 cm x wysoko\u015b\u0107 34 cm\u00a0 x d\u0142ugo\u015b\u0107 33 cm<\/p>\n","protected":false},"excerpt":{"rendered":"<p>Zestaw zawiera nasze Bestsellery Przeplotek :<\/p>\n<ul>\n<li>5 x du\u017ca przeplotka Kotka Renia<\/li>\n<li>2 x du\u017ca przeplotka Pan Mi\u015b<\/li>\n<li>2 x du\u017ca przeplotka Panna Misia<\/li>\n<li>5 x du\u017ca przeplotka Je\u017cyk<\/li>\n<li>5 x du\u017ca przeplotka Dinozaur Aleks<\/li>\n<li>5 x du\u017ca przeplotka Piesek Henio<\/li>\n<li>5 x du\u017ca przeplotka Lama Zosia<\/li>\n<li>2 x ma\u0142a przeplotka Kotka Balbinka<\/li>\n<li>2 x ma\u0142a przeplotka Piesek Bruno<\/li>\n<li>2 x ma\u0142a przeplotka Lisek Oskar<\/li>\n<li>5 x sznurowad\u0142o kr\u00f3tkie w r\u00f3\u017cnych kolorach<\/li>\n<li>5 x sznurowa\u0142o d\u0142ugie w r\u00f3\u017cnych kolorach<\/li>\n<li>tekturowy ekspozytor<\/li>\n<\/ul>\n<p>Wymiar: szeroko\u015b\u0107 45,5 cm x wysoko\u015b\u0107 34 cm\u00a0 x d\u0142ugo\u015b\u0107 33 cm<\/p>\n","protected":false},"featured_media":37176,"template":"","meta":{"_acf_changed":false},"product_brand":[],"product_cat":[110],"product_tag":[],"class_list":{"0":"post-37175","1":"product","2":"type-product","3":"status-publish","4":"has-post-thumbnail","6":"product_cat-ekspozycja","7":"product_shipping_class-paczkomat-wylaczony","9":"first","10":"instock","11":"taxable","12":"shipping-taxable","13":"purchasable","14":"product-type-simple"},"acf":[],"_links":{"self":[{"href":"https:\/\/milin.pl\/fr\/wp-json\/wp\/v2\/product\/37175","targetHints":{"allow":["GET"]}}],"collection":[{"href":"https:\/\/milin.pl\/fr\/wp-json\/wp\/v2\/product"}],"about":[{"href":"https:\/\/milin.pl\/fr\/wp-json\/wp\/v2\/types\/product"}],"wp:featuredmedia":[{"embeddable":true,"href":"https:\/\/milin.pl\/fr\/wp-json\/wp\/v2\/media\/37176"}],"wp:attachment":[{"href":"https:\/\/milin.pl\/fr\/wp-json\/wp\/v2\/media?parent=37175"}],"wp:term":[{"taxonomy":"product_brand","embeddable":true,"href":"https:\/\/milin.pl\/fr\/wp-json\/wp\/v2\/product_brand?post=37175"},{"taxonomy":"product_cat","embeddable":true,"href":"https:\/\/milin.pl\/fr\/wp-json\/wp\/v2\/product_cat?post=37175"},{"taxonomy":"product_tag","embeddable":true,"href":"https:\/\/milin.pl\/fr\/wp-json\/wp\/v2\/product_tag?post=37175"}],"curies":[{"name":"wp","href":"https:\/\/api.w.org\/{rel}","templated":true}]}}