{"id":37213,"date":"2022-08-25T11:34:38","date_gmt":"2022-08-25T09:34:38","guid":{"rendered":"https:\/\/milin.pl\/?post_type=product&#038;p=37213"},"modified":"2023-06-03T19:50:13","modified_gmt":"2023-06-03T17:50:13","slug":"zestaw-drewnianych-kartek-swieta-dzien-babci-i-dziadka","status":"publish","type":"product","link":"https:\/\/milin.pl\/fr\/produkt\/zestaw-drewnianych-kartek-swieta-dzien-babci-i-dziadka\/","title":{"rendered":"Zestaw drewnianych kartek, \u015awi\u0119ta + Dzie\u0144 Babci i Dziadka"},"content":{"rendered":"<p>Zestaw zawiera:<\/p>\n<p>Kartki \u015bwi\u0105teczne:<\/p>\n<ul>\n<li>6 x Miko\u0142aj HoHoHo<\/li>\n<li>6 x z g\u00f3rki na pazurki<\/li>\n<li>6 x mro\u017any poranek<\/li>\n<li>6 x cicha noc<\/li>\n<li>6 x tradycyjna choinka<\/li>\n<li>6 x las<\/li>\n<li>6 x granatowe okno<\/li>\n<li>6 x \u015bwi\u0105teczne okno<\/li>\n<li>6 x niebieska choinka<\/li>\n<li>6 x zielone bombki<\/li>\n<li>6 x \u015bwi\u0105teczny kot<\/li>\n<li>6 x pierniczki<\/li>\n<li>6 x a kuku, prezent<\/li>\n<\/ul>\n<p>Kartki na Dzie\u0144 Babci i Dziadka<\/p>\n<ul>\n<li>6 x Kocham Ci\u0119 Dziadku<\/li>\n<li>6 x Kocham Ci\u0119 Babciu<\/li>\n<li>6 x Kocham Ci\u0119 Babciu kwiaty<\/li>\n<li>tekturowy ekspozytor<\/li>\n<\/ul>\n<p>Wzory mo\u017cna wymienia\u0107 okazjonalnie.<\/p>\n","protected":false},"excerpt":{"rendered":"<p>Zestaw zawiera:<\/p>\n<p>Kartki \u015bwi\u0105teczne:<\/p>\n<ul>\n<li>6 x Miko\u0142aj HoHoHo<\/li>\n<li>6 x z g\u00f3rki na pazurki<\/li>\n<li>6 x mro\u017any poranek<\/li>\n<li>6 x cicha noc<\/li>\n<li>6 x tradycyjna choinka<\/li>\n<li>6 x las<\/li>\n<li>6 x granatowe okno<\/li>\n<li>6 x \u015bwi\u0105teczne okno<\/li>\n<li>6 x niebieska choinka<\/li>\n<li>6 x zielone bombki<\/li>\n<li>6 x \u015bwi\u0105teczny kot<\/li>\n<li>6 x pierniczki<\/li>\n<li>6 x a kuku, prezent<\/li>\n<\/ul>\n<p>Kartki na Dzie\u0144 Babci i Dziadka<\/p>\n<ul>\n<li>6 x Kocham Ci\u0119 Dziadku<\/li>\n<li>6 x Kocham Ci\u0119 Babciu<\/li>\n<li>6 x Kocham Ci\u0119 Babciu kwiaty<\/li>\n<li>tekturowy ekspozytor<\/li>\n<\/ul>\n<p>Wzory mo\u017cna wymienia\u0107 okazjonalnie.<\/p>\n","protected":false},"featured_media":37214,"template":"","meta":{"_acf_changed":false},"product_brand":[],"product_cat":[110],"product_tag":[],"class_list":{"0":"post-37213","1":"product","2":"type-product","3":"status-publish","4":"has-post-thumbnail","6":"product_cat-ekspozycja","7":"product_shipping_class-paczkomat-wylaczony","9":"first","10":"instock","11":"taxable","12":"shipping-taxable","13":"purchasable","14":"product-type-simple"},"acf":[],"_links":{"self":[{"href":"https:\/\/milin.pl\/fr\/wp-json\/wp\/v2\/product\/37213","targetHints":{"allow":["GET"]}}],"collection":[{"href":"https:\/\/milin.pl\/fr\/wp-json\/wp\/v2\/product"}],"about":[{"href":"https:\/\/milin.pl\/fr\/wp-json\/wp\/v2\/types\/product"}],"wp:featuredmedia":[{"embeddable":true,"href":"https:\/\/milin.pl\/fr\/wp-json\/wp\/v2\/media\/37214"}],"wp:attachment":[{"href":"https:\/\/milin.pl\/fr\/wp-json\/wp\/v2\/media?parent=37213"}],"wp:term":[{"taxonomy":"product_brand","embeddable":true,"href":"https:\/\/milin.pl\/fr\/wp-json\/wp\/v2\/product_brand?post=37213"},{"taxonomy":"product_cat","embeddable":true,"href":"https:\/\/milin.pl\/fr\/wp-json\/wp\/v2\/product_cat?post=37213"},{"taxonomy":"product_tag","embeddable":true,"href":"https:\/\/milin.pl\/fr\/wp-json\/wp\/v2\/product_tag?post=37213"}],"curies":[{"name":"wp","href":"https:\/\/api.w.org\/{rel}","templated":true}]}}