{"id":44769,"date":"2022-02-20T11:53:20","date_gmt":"2022-02-20T10:53:20","guid":{"rendered":"https:\/\/milin.pl\/?post_type=product&#038;p=44769"},"modified":"2025-10-01T00:00:17","modified_gmt":"2025-09-30T22:00:17","slug":"entrelacement-en-bois-montessori-freddie-the-dinosaur","status":"publish","type":"product","link":"https:\/\/milin.pl\/fr\/produkt\/entrelacement-en-bois-montessori-freddie-the-dinosaur\/","title":{"rendered":"Entrelacement en bois Montessori &#8211; Freddie the Dinosaur"},"content":{"rendered":"","protected":false},"excerpt":{"rendered":"<p>Entrelacement en bois Montessori \u00a0d\u00e9veloppe la cr\u00e9ativit\u00e9, l\u2019imagination et la motricit\u00e9 du petit.<br \/>\nL&rsquo;entrelacement des animaux avec un lacet sera un moment joyeux de plaisir et d&rsquo;apprentissage des couleurs.<\/p>\n<p><span style=\"color: #aec8bd;\"><strong>L&rsquo;entrelacement a un impact sur le d\u00e9veloppement de votre enfant! Lequel ?<\/strong><\/span><\/p>\n<p>\u2022 Pendant qu\u2019il joue, l\u2019enfant exerce ses muscles oculaires, comme recommand\u00e9 par son ophtalmologiste.<br \/>\n\u2022 D\u00e9veloppe l&rsquo;agilit\u00e9 manuelle et la motricit\u00e9 l\u00e9g\u00e8re qui est une pr\u00e9misse au d\u00e9veloppement de l&rsquo;\u00e9criture ou de la parole.<br \/>\n\u2022 Favorise la formation de nouvelles connexions neuronales dans le cerveau gr\u00e2ce \u00e0 l&rsquo;exercice de coordination \u0153il-main-mouvement.<br \/>\n\u2022 Favorise le d\u00e9veloppement de la pens\u00e9e, de la strat\u00e9gie de r\u00e9solution de probl\u00e8mes, de la concentration et de la m\u00e9moire.<br \/>\n<span style=\"color: #000000;\">\u2022 D\u00e9veloppe la cr\u00e9ativit\u00e9 et l&rsquo;autonomie.<\/span><\/p>\n<p><span style=\"color: #aec8bd;\"><strong>Pourquoi est-ce un must have? 7 raisons pour lesquelles vous devez les avoir!<\/strong><\/span><\/p>\n<p>\u2022 D\u00e9veloppement de la petite moto.<br \/>\n\u2022 Amusement silencieux.<br \/>\n\u2022 Compacit\u00e9.<br \/>\n\u2022 Apprendre la patience.<br \/>\n\u2022 Durabilit\u00e9 et s\u00e9curit\u00e9.<br \/>\n\u2022 L&rsquo;imagination.<br \/>\n\u2022 Esth\u00e9tique.<\/p>\n<p><span style=\"color: #aec8bd;\"><strong>Quelques informations importantes sur les entrelacs:<\/strong><\/span><\/p>\n<p>\u2022 Jouet de l&rsquo;ann\u00e9e 2020 dans la cat\u00e9gorie Jouet pr\u00e9scolaire.<br \/>\n\u2022 Recommand\u00e9 pour les enfants de plus de 3 ans.<br \/>\n\u2022 Un lacet de couleur al\u00e9atoire est inclus.<br \/>\n\u2022 Production polonaise dans la manufacture familiale.<br \/>\n\u2022 100% s\u00fbr, mat\u00e9riaux certifi\u00e9s.<br \/>\n\u2022 Mati\u00e8res premi\u00e8res renouvelables provenant de sources responsables.<br \/>\n\u2022 Fini \u00e0 la main.<br \/>\n\u2022 Dimensions 13 x 20 x 0,7 cm.<\/p>\n","protected":false},"featured_media":44554,"template":"","meta":{"_acf_changed":false},"product_brand":[85],"product_cat":[209,211],"product_tag":[],"class_list":{"0":"post-44769","1":"product","2":"type-product","3":"status-publish","4":"has-post-thumbnail","6":"product_brand-milin-toys","7":"product_cat-entrelacs","8":"product_cat-tous-les-jouets","10":"first","11":"instock","12":"taxable","13":"shipping-taxable","14":"purchasable","15":"product-type-simple"},"acf":[],"_links":{"self":[{"href":"https:\/\/milin.pl\/fr\/wp-json\/wp\/v2\/product\/44769","targetHints":{"allow":["GET"]}}],"collection":[{"href":"https:\/\/milin.pl\/fr\/wp-json\/wp\/v2\/product"}],"about":[{"href":"https:\/\/milin.pl\/fr\/wp-json\/wp\/v2\/types\/product"}],"wp:featuredmedia":[{"embeddable":true,"href":"https:\/\/milin.pl\/fr\/wp-json\/wp\/v2\/media\/44554"}],"wp:attachment":[{"href":"https:\/\/milin.pl\/fr\/wp-json\/wp\/v2\/media?parent=44769"}],"wp:term":[{"taxonomy":"product_brand","embeddable":true,"href":"https:\/\/milin.pl\/fr\/wp-json\/wp\/v2\/product_brand?post=44769"},{"taxonomy":"product_cat","embeddable":true,"href":"https:\/\/milin.pl\/fr\/wp-json\/wp\/v2\/product_cat?post=44769"},{"taxonomy":"product_tag","embeddable":true,"href":"https:\/\/milin.pl\/fr\/wp-json\/wp\/v2\/product_tag?post=44769"}],"curies":[{"name":"wp","href":"https:\/\/api.w.org\/{rel}","templated":true}]}}