{"id":44881,"date":"2022-11-18T16:53:45","date_gmt":"2022-11-18T15:53:45","guid":{"rendered":"https:\/\/milin.pl\/?post_type=product&#038;p=44881"},"modified":"2025-04-03T11:56:36","modified_gmt":"2025-04-03T09:56:36","slug":"grande-maison","status":"publish","type":"product","link":"https:\/\/milin.pl\/fr\/produkt\/grande-maison\/","title":{"rendered":"Grande maison"},"content":{"rendered":"","protected":false},"excerpt":{"rendered":"<p>Le tableau de craie en bois d\u00e9veloppe les capacit\u00e9s graphomotrices, d\u00e9veloppe la cr\u00e9ativit\u00e9 et l&rsquo;imagination.<br \/>\nPeindre les maisons \u00e0 la craie sera un excellent moment pour jouer et pratiquer les comp\u00e9tences manuelles, ce qui constitue la base du dessin ult\u00e9rieur.<\/p>\n<p><span style=\"color: #aec8bd;\"><strong>La peinture a un impact sur le d\u00e9veloppement de votre enfant! Lequel ?<\/strong><\/span><\/p>\n<p>\u2022 Pendant le jeu, l&rsquo;enfant exerce ses capacit\u00e9s graphomotrices \u2013 entre 2,5 et 3 ans, l&rsquo;enfant commence \u00e0 dessiner des lignes, des zigzags, des tirets. Ensuite, il commence \u00e0 dessiner horizontalement, verticalement, en diagonale, puis dessine des demi-cercles et enfin un cercle.<br \/>\n\u2022 \u00c0 l&rsquo;\u00e2ge de 3 ans, l&rsquo;enfant est capable d&rsquo;effectuer des mouvements circulaires de la main, de dessiner des croix, des cercles, des carr\u00e9s \u2013 ce qui constitue la base du futur dessin.<br \/>\n\u2022 D\u00e9veloppe l&rsquo;agilit\u00e9 manuelle et la motricit\u00e9 l\u00e9g\u00e8re, qui est le pr\u00e9lude au d\u00e9veloppement de l&rsquo;\u00e9criture ou de la parole, am\u00e9liore la pr\u00e9hension.<br \/>\n\u2022 Favorise la formation de nouvelles connexions neuronales dans le cerveau gr\u00e2ce \u00e0 l&rsquo;exercice de coordination \u0153il-main-mouvement.<br \/>\n\u2022 Favorise le d\u00e9veloppement de la pens\u00e9e, de la strat\u00e9gie de r\u00e9solution de probl\u00e8mes, de la concentration et de la m\u00e9moire.<br \/>\n\u2022 D\u00e9veloppe la cr\u00e9ativit\u00e9 et l&rsquo;autonomie.<\/p>\n<p><strong><span style=\"color: #aec8bd;\">Pourquoi est-ce un Must Have? 7 raisons pour lesquelles vous devez les avoir!<\/span><\/strong><\/p>\n<p>\u2022 Parfait pour voyager.<br \/>\n\u2022 D\u00e9veloppement de la graphomotricit\u00e9 et de la petite motricit\u00e9.<br \/>\n\u2022 Amusement silencieux.<br \/>\n\u2022 Compacit\u00e9.<br \/>\n\u2022 Durabilit\u00e9 et s\u00e9curit\u00e9.<br \/>\n\u2022 L&rsquo;imagination.<br \/>\n\u2022 Esth\u00e9tique.<\/p>\n","protected":false},"featured_media":44880,"template":"","meta":{"_acf_changed":false},"product_brand":[],"product_cat":[210],"product_tag":[],"class_list":{"0":"post-44881","1":"product","2":"type-product","3":"status-publish","4":"has-post-thumbnail","6":"product_cat-tableaux-a-craie","8":"first","9":"instock","10":"taxable","11":"shipping-taxable","12":"purchasable","13":"product-type-simple"},"acf":[],"_links":{"self":[{"href":"https:\/\/milin.pl\/fr\/wp-json\/wp\/v2\/product\/44881","targetHints":{"allow":["GET"]}}],"collection":[{"href":"https:\/\/milin.pl\/fr\/wp-json\/wp\/v2\/product"}],"about":[{"href":"https:\/\/milin.pl\/fr\/wp-json\/wp\/v2\/types\/product"}],"wp:featuredmedia":[{"embeddable":true,"href":"https:\/\/milin.pl\/fr\/wp-json\/wp\/v2\/media\/44880"}],"wp:attachment":[{"href":"https:\/\/milin.pl\/fr\/wp-json\/wp\/v2\/media?parent=44881"}],"wp:term":[{"taxonomy":"product_brand","embeddable":true,"href":"https:\/\/milin.pl\/fr\/wp-json\/wp\/v2\/product_brand?post=44881"},{"taxonomy":"product_cat","embeddable":true,"href":"https:\/\/milin.pl\/fr\/wp-json\/wp\/v2\/product_cat?post=44881"},{"taxonomy":"product_tag","embeddable":true,"href":"https:\/\/milin.pl\/fr\/wp-json\/wp\/v2\/product_tag?post=44881"}],"curies":[{"name":"wp","href":"https:\/\/api.w.org\/{rel}","templated":true}]}}