{"id":45184,"date":"2022-02-20T11:56:33","date_gmt":"2022-02-20T10:56:33","guid":{"rendered":"https:\/\/milin.pl\/?post_type=product&#038;p=45184"},"modified":"2025-04-01T13:12:54","modified_gmt":"2025-04-01T11:12:54","slug":"voiture-avec-roues-mobiles-orange","status":"publish","type":"product","link":"https:\/\/milin.pl\/fr\/produkt\/voiture-avec-roues-mobiles-orange\/","title":{"rendered":"Voiture avec roues mobiles Orange"},"content":{"rendered":"","protected":false},"excerpt":{"rendered":"<p>Les voitures sont un must have pour les enfants.<br \/>\nTous nos jouets ont un design minimaliste et c&rsquo;est ce \u00e0 quoi ressemblent les voitures. Ils se distinguent par une forme simplifi\u00e9e au maximum et la taille a \u00e9t\u00e9 adapt\u00e9e \u00e0 un garage d\u00e9di\u00e9.<br \/>\nLa base de la voiture est faite de contreplaqu\u00e9 de bouleau \u00e9pais de la meilleure qualit\u00e9. Les roues sont mobiles, et le mat\u00e9riau que nous avons utilis\u00e9 est du contreplaqu\u00e9 m\u00e9lamin\u00e9 recouvert d&rsquo;un vernis \u00e0 l&rsquo;eau de couleur.<br \/>\nLes deux mat\u00e9riaux sont certifi\u00e9s FSC pour une production durable respectueuse de l&rsquo;environnement forestier, des animaux, des plantes et des hommes.<br \/>\nLe v\u00e9hicule a \u00e9t\u00e9 recouvert d\u2019une peinture \u00e0 l\u2019eau de s\u00e9curit\u00e9 conforme \u00e0 la norme EN71, ce qui lui conf\u00e8re une finition parfaitement lisse.<br \/>\nDimensions : environ 10 x 5 cm<br \/>\nJouet recommand\u00e9 pour les enfants de plus de 3 ans.<br \/>\n~<br \/>\nD\u00e9lai d&rsquo;ex\u00e9cution jusqu&rsquo;\u00e0 5 jours ouvrables<br \/>\nCE, EN71, FSC\u00ae,3+<\/p>\n","protected":false},"featured_media":49967,"template":"","meta":{"_acf_changed":false},"product_brand":[],"product_cat":[212,198],"product_tag":[],"class_list":{"0":"post-45184","1":"product","2":"type-product","3":"status-publish","4":"has-post-thumbnail","6":"product_cat-jouets-educatifs-et-creatifs","7":"product_cat-maisons-modulaires-et-garage","9":"first","10":"instock","11":"taxable","12":"shipping-taxable","13":"purchasable","14":"product-type-simple"},"acf":[],"_links":{"self":[{"href":"https:\/\/milin.pl\/fr\/wp-json\/wp\/v2\/product\/45184","targetHints":{"allow":["GET"]}}],"collection":[{"href":"https:\/\/milin.pl\/fr\/wp-json\/wp\/v2\/product"}],"about":[{"href":"https:\/\/milin.pl\/fr\/wp-json\/wp\/v2\/types\/product"}],"wp:featuredmedia":[{"embeddable":true,"href":"https:\/\/milin.pl\/fr\/wp-json\/wp\/v2\/media\/49967"}],"wp:attachment":[{"href":"https:\/\/milin.pl\/fr\/wp-json\/wp\/v2\/media?parent=45184"}],"wp:term":[{"taxonomy":"product_brand","embeddable":true,"href":"https:\/\/milin.pl\/fr\/wp-json\/wp\/v2\/product_brand?post=45184"},{"taxonomy":"product_cat","embeddable":true,"href":"https:\/\/milin.pl\/fr\/wp-json\/wp\/v2\/product_cat?post=45184"},{"taxonomy":"product_tag","embeddable":true,"href":"https:\/\/milin.pl\/fr\/wp-json\/wp\/v2\/product_tag?post=45184"}],"curies":[{"name":"wp","href":"https:\/\/api.w.org\/{rel}","templated":true}]}}