{"id":45225,"date":"2022-02-20T11:56:32","date_gmt":"2022-02-20T10:56:32","guid":{"rendered":"https:\/\/milin.pl\/?post_type=product&#038;p=45225"},"modified":"2025-04-03T10:22:42","modified_gmt":"2025-04-03T08:22:42","slug":"parking-modulaire-a-plusieurs-niveaux","status":"publish","type":"product","link":"https:\/\/milin.pl\/fr\/produkt\/parking-modulaire-a-plusieurs-niveaux\/","title":{"rendered":"Parking modulaire \u00e0 plusieurs niveaux"},"content":{"rendered":"","protected":false},"excerpt":{"rendered":"<p>Le parking modulaire \u00e0 plusieurs niveaux comprend 8 \u00e9l\u00e9ments \u00e0 monter soi-m\u00eame.<\/p>\n<p>Un manuel d&rsquo;instructions est fourni avec le kit.<br \/>\nChaque \u00e9l\u00e9ment a des motifs grav\u00e9s typiques de ce type de b\u00e2timent.<br \/>\nC&rsquo;est la proposition parfaite pour tous les fans de tous les types de v\u00e9hicules.<br \/>\nIl est fabriqu\u00e9 \u00e0 partir de contreplaqu\u00e9 de bouleau m\u00e9lamin\u00e9, produit dans le respect de l&rsquo;environnement forestier, des animaux, des plantes et des humains &#8211; ce qui est confirm\u00e9 par la certification FSC.<br \/>\nLes surfaces noires sont obtenues avec un vernis \u00e0 l&rsquo;eau s\u00fbr conforme \u00e0 la norme EN71, et chaque pi\u00e8ce est en outre prot\u00e9g\u00e9e par son cousin incolore.<br \/>\nToutes les surfaces et les bords sont parfaitement lisses \u2013 ponc\u00e9s \u00e0 la main en plusieurs \u00e9tapes.<\/p>\n<p>~<br \/>\nPour le garage, nous proposons trois voitures en contreplaqu\u00e9 \u00e9pais \u2013 avec roues mobiles (\u00e0 acheter s\u00e9par\u00e9ment).<\/p>\n","protected":false},"featured_media":45205,"template":"","meta":{"_acf_changed":false},"product_brand":[],"product_cat":[198],"product_tag":[],"class_list":{"0":"post-45225","1":"product","2":"type-product","3":"status-publish","4":"has-post-thumbnail","6":"product_cat-maisons-modulaires-et-garage","8":"first","9":"onbackorder","10":"taxable","11":"shipping-taxable","12":"purchasable","13":"product-type-simple"},"acf":[],"_links":{"self":[{"href":"https:\/\/milin.pl\/fr\/wp-json\/wp\/v2\/product\/45225","targetHints":{"allow":["GET"]}}],"collection":[{"href":"https:\/\/milin.pl\/fr\/wp-json\/wp\/v2\/product"}],"about":[{"href":"https:\/\/milin.pl\/fr\/wp-json\/wp\/v2\/types\/product"}],"wp:featuredmedia":[{"embeddable":true,"href":"https:\/\/milin.pl\/fr\/wp-json\/wp\/v2\/media\/45205"}],"wp:attachment":[{"href":"https:\/\/milin.pl\/fr\/wp-json\/wp\/v2\/media?parent=45225"}],"wp:term":[{"taxonomy":"product_brand","embeddable":true,"href":"https:\/\/milin.pl\/fr\/wp-json\/wp\/v2\/product_brand?post=45225"},{"taxonomy":"product_cat","embeddable":true,"href":"https:\/\/milin.pl\/fr\/wp-json\/wp\/v2\/product_cat?post=45225"},{"taxonomy":"product_tag","embeddable":true,"href":"https:\/\/milin.pl\/fr\/wp-json\/wp\/v2\/product_tag?post=45225"}],"curies":[{"name":"wp","href":"https:\/\/api.w.org\/{rel}","templated":true}]}}