{"id":45303,"date":"2022-02-20T11:56:34","date_gmt":"2022-02-20T10:56:34","guid":{"rendered":"https:\/\/milin.pl\/?post_type=product&#038;p=45303"},"modified":"2025-10-28T13:58:17","modified_gmt":"2025-10-28T12:58:17","slug":"maison-de-poupee-en-bois-susanna-avec-meubles","status":"publish","type":"product","link":"https:\/\/milin.pl\/fr\/produkt\/maison-de-poupee-en-bois-susanna-avec-meubles\/","title":{"rendered":"Maison de poup\u00e9e en bois \u2013 Susanna avec Meubles"},"content":{"rendered":"","protected":false},"excerpt":{"rendered":"<p>Maison de poup\u00e9e en bois \u2013 Fleur Vintage avec Meubles est compl\u00e8tement diff\u00e9rent des autres disponibles sur le march\u00e9!<\/p>\n<p><strong><span style=\"color: #aec8bd;\">Pourquoi ?<\/span><\/strong><br \/>\n\u2022 Il a un design extr\u00eamement esth\u00e9tique et accrocheur,<br \/>\n\u2022 Le chalet est de construction modulaire \u2013 il \u00e9limine le besoin d&rsquo;utiliser des vis, donne une tr\u00e8s bonne stabilit\u00e9,<br \/>\n\u2022 Les meubles sont incroyablement esth\u00e9tiques, nous avons ajout\u00e9 un rembourrage fait \u00e0 la main aux fauteuils, ce qui rend l&rsquo;ensemble tr\u00e8s confortable,<br \/>\n\u2022 Le mat\u00e9riau utilis\u00e9 pour fabriquer les chalets est le contreplaqu\u00e9 de la plus haute qualit\u00e9 qui est produit dans le respect de l\u2019environnement forestier, des animaux, des plantes et des hommes \u2013 ce qui est confirm\u00e9 par la certification FSC\u00ae,<br \/>\n\u2022 Chaque pi\u00e8ce est finie \u00e0 la main, rectifi\u00e9e avec soin dans les moindres d\u00e9tails,<br \/>\n\u2022 C\u2019est un chalet pour les g\u00e9n\u00e9rations, facile \u00e0 ranger une fois que l\u2019enfant est grand \u2013 son design est classique et intemporel,<br \/>\n\u2022 La forme minimaliste s&rsquo;adapte \u00e0 tous les int\u00e9rieurs, loft et boho.<br \/>\nJouer au chalet a un impact sur le d\u00e9veloppement de votre enfant! Lequel ?<br \/>\n\u2022 Jouer dans une famille o\u00f9 la poup\u00e9e joue le r\u00f4le des tout-petits d\u00e9velopper l&#8217;empathie et la sollicitude chez eux, ou remarquer des sch\u00e9mas qui affectent la vie quotidienne,<br \/>\n\u2022 Le d\u00e9veloppement des qualit\u00e9s mentionn\u00e9es ci-dessus am\u00e9liore leur contact avec leurs pairs et le monde ext\u00e9rieur,<br \/>\n\u2022 En imitant la vraie vie dans le jeu, l&rsquo;enfant r\u00e9pond \u00e0 son besoin de d\u00e9veloppement,<br \/>\n\u2022 Le jeu \u00e0 la maison aide au d\u00e9veloppement social, cognitif et \u00e9motionnel,<br \/>\n\u2022 Donne la possibilit\u00e9 d&rsquo;exp\u00e9rimenter avec diff\u00e9rents r\u00f4les sociaux,<br \/>\n\u2022 L&rsquo;amusement apportera le d\u00e9veloppement des comp\u00e9tences de communication, aidera \u00e0 apprendre de nouvelles phrases.<\/p>\n<p><span style=\"color: #aec8bd;\"><strong>Quelques informations importantes sur le chalet:<\/strong><\/span><br \/>\n\u2022 Dimensions du chalet 63,0 x 35,0 x 63,0 x 0,7 cm<\/p>\n<p>\u2022 L&rsquo;ensemble comprend 10 meubles :<br \/>\n\u2013 canap\u00e9 avec rembourrage (couleur grise) 12,0 x 6,0 x 6,5 cm<br \/>\n\u2013 lit pour chambre \u00e0 coucher avec rembourrage (couleur grise) 7,5 x 11 x 12 cm<br \/>\n\u2013 commode 10,5 x 8,0 x 5,0 cm<br \/>\n\u2013 armoire 12,0 x 3,5 x 5,0 cm<br \/>\n\u2013 3 si\u00e8ges avec rembourrage (couleur grise) 5,5 x 6,5 x 5,0 cm<br \/>\n\u2013 2 tables basses 8,0 x 8,0 x 3,5 cm<br \/>\n\u2013 1 grande table \u00e0 manger<br \/>\n\u2022 Recommand\u00e9 pour les enfants de plus de 3 ans.<br \/>\n\u2022 Production polonaise dans la manufacture familiale.<br \/>\n\u2022 100% s\u00fbr, mat\u00e9riaux certifi\u00e9s.<br \/>\n\u2022 Mati\u00e8res premi\u00e8res renouvelables provenant de sources responsables.<br \/>\n\u2022 Fini \u00e0 la main.<\/p>\n<p><strong>FSC\u00ae, CE, 3+, EN71<\/strong><\/p>\n","protected":false},"featured_media":45312,"template":"","meta":{"_acf_changed":false},"product_brand":[85],"product_cat":[198],"product_tag":[],"class_list":{"0":"post-45303","1":"product","2":"type-product","3":"status-publish","4":"has-post-thumbnail","6":"product_brand-milin-toys","7":"product_cat-maisons-modulaires-et-garage","9":"first","10":"outofstock","11":"taxable","12":"shipping-taxable","13":"purchasable","14":"product-type-simple"},"acf":[],"_links":{"self":[{"href":"https:\/\/milin.pl\/fr\/wp-json\/wp\/v2\/product\/45303","targetHints":{"allow":["GET"]}}],"collection":[{"href":"https:\/\/milin.pl\/fr\/wp-json\/wp\/v2\/product"}],"about":[{"href":"https:\/\/milin.pl\/fr\/wp-json\/wp\/v2\/types\/product"}],"wp:featuredmedia":[{"embeddable":true,"href":"https:\/\/milin.pl\/fr\/wp-json\/wp\/v2\/media\/45312"}],"wp:attachment":[{"href":"https:\/\/milin.pl\/fr\/wp-json\/wp\/v2\/media?parent=45303"}],"wp:term":[{"taxonomy":"product_brand","embeddable":true,"href":"https:\/\/milin.pl\/fr\/wp-json\/wp\/v2\/product_brand?post=45303"},{"taxonomy":"product_cat","embeddable":true,"href":"https:\/\/milin.pl\/fr\/wp-json\/wp\/v2\/product_cat?post=45303"},{"taxonomy":"product_tag","embeddable":true,"href":"https:\/\/milin.pl\/fr\/wp-json\/wp\/v2\/product_tag?post=45303"}],"curies":[{"name":"wp","href":"https:\/\/api.w.org\/{rel}","templated":true}]}}