{"id":45356,"date":"2022-02-20T11:56:33","date_gmt":"2022-02-20T10:56:33","guid":{"rendered":"https:\/\/milin.pl\/?post_type=product&#038;p=45356"},"modified":"2025-08-25T00:05:01","modified_gmt":"2025-08-24T22:05:01","slug":"robot-jojo-jouet-darcade","status":"publish","type":"product","link":"https:\/\/milin.pl\/fr\/produkt\/robot-jojo-jouet-darcade\/","title":{"rendered":"Robot Jojo &#8211; Jouet d&rsquo;arcade"},"content":{"rendered":"","protected":false},"excerpt":{"rendered":"<p>Le jouet d&rsquo;arcade Jojo est livr\u00e9 avec 5 engrenages qui doivent \u00eatre ajust\u00e9s dans les trous appropri\u00e9s afin que plusieurs puissent travailler en m\u00eame temps.<br \/>\nLe jouet peut \u00e9galement \u00eatre entrelac\u00e9.<\/p>\n<p><span style=\"color: #aec8bd;\"><strong>Jouer avec le robot JOJO a un impact sur le d\u00e9veloppement de votre enfant! Lequel ?<\/strong><\/span><br \/>\n\u2022 D\u00e9veloppe la capacit\u00e9 de penser logiquement.<br \/>\n\u2022 Am\u00e9liore la capacit\u00e9 de concentration.<br \/>\n\u2022 Exerce des comp\u00e9tences d&rsquo;analyse.<br \/>\n\u2022 D\u00e9veloppe l&rsquo;agilit\u00e9 manuelle et la motricit\u00e9 l\u00e9g\u00e8re qui est une pr\u00e9misse au d\u00e9veloppement de l&rsquo;\u00e9criture ou de la parole.<br \/>\n\u2022 Favorise le d\u00e9veloppement de la pens\u00e9e, de la strat\u00e9gie de r\u00e9solution de probl\u00e8mes, de la concentration et de la m\u00e9moire.<br \/>\n\u2022 D\u00e9veloppe l&rsquo;autonomie.<\/p>\n<p><strong><span style=\"color: #aec8bd;\">Pourquoi est-ce un Must Have? 6 raisons pour lesquelles vous devez les avoir!<\/span><\/strong><br \/>\n\u2022 Apprendre en s&rsquo;amusant.<br \/>\n\u2022 Compacit\u00e9.<br \/>\n\u2022 Amusement silencieux.<br \/>\n\u2022 Durabilit\u00e9 et s\u00e9curit\u00e9.<br \/>\n\u2022 Am\u00e9lioration de la capacit\u00e9 d&rsquo;analyse.<br \/>\n\u2022 Esth\u00e9tique.<\/p>\n","protected":false},"featured_media":44989,"template":"","meta":{"_acf_changed":false},"product_brand":[85],"product_cat":[212,211],"product_tag":[],"class_list":{"0":"post-45356","1":"product","2":"type-product","3":"status-publish","4":"has-post-thumbnail","6":"product_brand-milin-toys","7":"product_cat-jouets-educatifs-et-creatifs","8":"product_cat-tous-les-jouets","10":"first","11":"instock","12":"taxable","13":"shipping-taxable","14":"purchasable","15":"product-type-simple"},"acf":[],"_links":{"self":[{"href":"https:\/\/milin.pl\/fr\/wp-json\/wp\/v2\/product\/45356","targetHints":{"allow":["GET"]}}],"collection":[{"href":"https:\/\/milin.pl\/fr\/wp-json\/wp\/v2\/product"}],"about":[{"href":"https:\/\/milin.pl\/fr\/wp-json\/wp\/v2\/types\/product"}],"wp:featuredmedia":[{"embeddable":true,"href":"https:\/\/milin.pl\/fr\/wp-json\/wp\/v2\/media\/44989"}],"wp:attachment":[{"href":"https:\/\/milin.pl\/fr\/wp-json\/wp\/v2\/media?parent=45356"}],"wp:term":[{"taxonomy":"product_brand","embeddable":true,"href":"https:\/\/milin.pl\/fr\/wp-json\/wp\/v2\/product_brand?post=45356"},{"taxonomy":"product_cat","embeddable":true,"href":"https:\/\/milin.pl\/fr\/wp-json\/wp\/v2\/product_cat?post=45356"},{"taxonomy":"product_tag","embeddable":true,"href":"https:\/\/milin.pl\/fr\/wp-json\/wp\/v2\/product_tag?post=45356"}],"curies":[{"name":"wp","href":"https:\/\/api.w.org\/{rel}","templated":true}]}}