{"id":45372,"date":"2022-02-20T11:56:11","date_gmt":"2022-02-20T10:56:11","guid":{"rendered":"https:\/\/milin.pl\/?post_type=product&#038;p=45372"},"modified":"2025-04-01T13:12:24","modified_gmt":"2025-04-01T11:12:24","slug":"cosmos-de-lemotion-trieuse-multifonctionnelle","status":"publish","type":"product","link":"https:\/\/milin.pl\/fr\/produkt\/cosmos-de-lemotion-trieuse-multifonctionnelle\/","title":{"rendered":"Cosmos de l&rsquo;Emotion \u2013 trieuse multifonctionnelle"},"content":{"rendered":"","protected":false},"excerpt":{"rendered":"<p>Cosmos de l&rsquo;\u00c9motion \u2013 un trieur multifonctionnel, c&rsquo;est-\u00e0-dire un cercle qui a des creux d\u00e9coup\u00e9s. La t\u00e2che de l&rsquo;enfant est d&rsquo;ajuster 6 plan\u00e8tes dans les trous appropri\u00e9s, cet exercice enseigne la pens\u00e9e logique, la coordination visuel-mouvement. De plus, chaque plan\u00e8te a une couleur et une expression faciale diff\u00e9rentes.<br \/>\nCela vous permet d&rsquo;introduire de mani\u00e8re agr\u00e9able le sujet de l&rsquo;\u00e9motion d\u00e8s le plus jeune \u00e2ge.<br \/>\nUne fois le jeu termin\u00e9, l&rsquo;espace peut \u00eatre plac\u00e9 en \u00e9vidence pour compl\u00e9ter la d\u00e9coration de la pi\u00e8ce, car son design minimaliste s&rsquo;int\u00e8gre \u00e0 n&rsquo;importe quel int\u00e9rieur.<br \/>\n~<br \/>\nLe mat\u00e9riau utilis\u00e9 pour fabriquer nos jouets est un contreplaqu\u00e9 de la plus haute qualit\u00e9, fabriqu\u00e9 dans le respect de l\u2019environnement forestier, des animaux, des plantes et des humains \u2013 ce qui est confirm\u00e9 par la certification FSC\u00ae.<br \/>\nChaque pi\u00e8ce est ponc\u00e9e \u00e0 la main plusieurs fois et rev\u00eatue d&rsquo;un vernis conforme \u00e0 la norme EN71, les bords sont parfaitement lisses.<br \/>\n~<br \/>\nLe jouet est destin\u00e9 aux enfants de plus de 1 an.<br \/>\nDimensions: diam\u00e8tre 28,5 cm.<\/p>\n","protected":false},"featured_media":44984,"template":"","meta":{"_acf_changed":false},"product_brand":[],"product_cat":[212],"product_tag":[],"class_list":{"0":"post-45372","1":"product","2":"type-product","3":"status-publish","4":"has-post-thumbnail","6":"product_cat-jouets-educatifs-et-creatifs","8":"first","9":"instock","10":"taxable","11":"shipping-taxable","12":"purchasable","13":"product-type-simple"},"acf":[],"_links":{"self":[{"href":"https:\/\/milin.pl\/fr\/wp-json\/wp\/v2\/product\/45372","targetHints":{"allow":["GET"]}}],"collection":[{"href":"https:\/\/milin.pl\/fr\/wp-json\/wp\/v2\/product"}],"about":[{"href":"https:\/\/milin.pl\/fr\/wp-json\/wp\/v2\/types\/product"}],"wp:featuredmedia":[{"embeddable":true,"href":"https:\/\/milin.pl\/fr\/wp-json\/wp\/v2\/media\/44984"}],"wp:attachment":[{"href":"https:\/\/milin.pl\/fr\/wp-json\/wp\/v2\/media?parent=45372"}],"wp:term":[{"taxonomy":"product_brand","embeddable":true,"href":"https:\/\/milin.pl\/fr\/wp-json\/wp\/v2\/product_brand?post=45372"},{"taxonomy":"product_cat","embeddable":true,"href":"https:\/\/milin.pl\/fr\/wp-json\/wp\/v2\/product_cat?post=45372"},{"taxonomy":"product_tag","embeddable":true,"href":"https:\/\/milin.pl\/fr\/wp-json\/wp\/v2\/product_tag?post=45372"}],"curies":[{"name":"wp","href":"https:\/\/api.w.org\/{rel}","templated":true}]}}