{"id":45398,"date":"2022-02-20T11:56:32","date_gmt":"2022-02-20T10:56:32","guid":{"rendered":"https:\/\/milin.pl\/?post_type=product&#038;p=45398"},"modified":"2025-04-01T13:06:00","modified_gmt":"2025-04-01T11:06:00","slug":"boules-de-bois-10-pieces","status":"publish","type":"product","link":"https:\/\/milin.pl\/fr\/produkt\/boules-de-bois-10-pieces\/","title":{"rendered":"Boules de bois \u2013 10 pi\u00e8ces"},"content":{"rendered":"","protected":false},"excerpt":{"rendered":"<p>Si vous voulez que votre jeu d&rsquo;alphabets ou de chiffres pour apprendre \u00e0 compter soit plus riche en billes de bois, vous pouvez les choisir ici.<br \/>\nL&rsquo;ensemble comprend 10 boules.<br \/>\nD\u00e9lai d&rsquo;ex\u00e9cution jusqu&rsquo;\u00e0 3 jours ouvrables.<\/p>\n","protected":false},"featured_media":45438,"template":"","meta":{"_acf_changed":false},"product_brand":[85],"product_cat":[212],"product_tag":[],"class_list":{"0":"post-45398","1":"product","2":"type-product","3":"status-publish","4":"has-post-thumbnail","6":"product_brand-milin-toys","7":"product_cat-jouets-educatifs-et-creatifs","9":"first","10":"instock","11":"taxable","12":"shipping-taxable","13":"purchasable","14":"product-type-simple"},"acf":[],"_links":{"self":[{"href":"https:\/\/milin.pl\/fr\/wp-json\/wp\/v2\/product\/45398","targetHints":{"allow":["GET"]}}],"collection":[{"href":"https:\/\/milin.pl\/fr\/wp-json\/wp\/v2\/product"}],"about":[{"href":"https:\/\/milin.pl\/fr\/wp-json\/wp\/v2\/types\/product"}],"wp:featuredmedia":[{"embeddable":true,"href":"https:\/\/milin.pl\/fr\/wp-json\/wp\/v2\/media\/45438"}],"wp:attachment":[{"href":"https:\/\/milin.pl\/fr\/wp-json\/wp\/v2\/media?parent=45398"}],"wp:term":[{"taxonomy":"product_brand","embeddable":true,"href":"https:\/\/milin.pl\/fr\/wp-json\/wp\/v2\/product_brand?post=45398"},{"taxonomy":"product_cat","embeddable":true,"href":"https:\/\/milin.pl\/fr\/wp-json\/wp\/v2\/product_cat?post=45398"},{"taxonomy":"product_tag","embeddable":true,"href":"https:\/\/milin.pl\/fr\/wp-json\/wp\/v2\/product_tag?post=45398"}],"curies":[{"name":"wp","href":"https:\/\/api.w.org\/{rel}","templated":true}]}}