{"id":45431,"date":"2022-02-20T11:56:34","date_gmt":"2022-02-20T10:56:34","guid":{"rendered":"https:\/\/milin.pl\/?post_type=product&#038;p=45431"},"modified":"2025-04-01T13:10:30","modified_gmt":"2025-04-01T11:10:30","slug":"mathematiques-48-briques-pour-apprendre-les-equations","status":"publish","type":"product","link":"https:\/\/milin.pl\/fr\/produkt\/mathematiques-48-briques-pour-apprendre-les-equations\/","title":{"rendered":"Math\u00e9matiques \u2013 48 briques pour apprendre les \u00e9quations"},"content":{"rendered":"","protected":false},"excerpt":{"rendered":"<p>Math\u00e9matiques \u2013 Les blocs en bois pour l\u2019apprentissage des \u00e9quations sont d\u00e9di\u00e9s aux enfants qui peuvent attribuer des valeurs \u00e0 un chiffre donn\u00e9 et extraire un ensemble de l\u2019environnement selon des crit\u00e8res tels que la couleur ou la forme.<br \/>\nLorsque l\u2019enfant comprend le principe du bon calcul \u201cun pour un\u201d \u2013 un objet compt\u00e9, un geste du pointeur, un chiffre prononc\u00e9, alors nous parlerons du bon rythme de comptage.<\/p>\n<p><strong><span style=\"color: #aec8bd;\">Quelles sont les prochaines \u00e9tapes du d\u00e9veloppement math\u00e9matique?<\/span><\/strong><br \/>\n1. Extraire de l&rsquo;environnement les \u00e9l\u00e9ments qui composent l&rsquo;ensemble.<br \/>\n2. Cr\u00e9er un sch\u00e9ma de conversion.<br \/>\n3. D\u00e9terminer la quantit\u00e9 d&rsquo;objets en fonction de la compr\u00e9hension de la signification du dernier chiffre.<br \/>\n4. La capacit\u00e9 de construire une collection avec la quantit\u00e9 d\u00e9sir\u00e9e.<br \/>\n5. Comprendre la cha\u00eene des nombres naturels.<br \/>\n6. Comparaison des quantit\u00e9s ou comparaison des r\u00e9coltes.<br \/>\n7. Pens\u00e9e op\u00e9rationnelle au niveau de la compr\u00e9hension des quantit\u00e9s discontinues.<br \/>\n\u00c0 la fin du texte, vous trouverez quelques exercices pour les plus jeunes.<\/p>\n<p><strong><span style=\"color: #aec8bd;\">Apprendre les maths avec notre kit a un impact sur le d\u00e9veloppement de votre enfant! Lequel ?<\/span><\/strong><br \/>\n\u2022 D\u00e9veloppe la pens\u00e9e op\u00e9rationnelle.<br \/>\n\u2022 Am\u00e9liore la capacit\u00e9 de concentration.<br \/>\n\u2022 Exerce des comp\u00e9tences d&rsquo;analyse.<br \/>\n\u2022 Prend en charge le processus de m\u00e9morisation \u00e0 long terme.<br \/>\n\u2022 D\u00e9veloppe la capacit\u00e9 de distinguer les nombres pairs et impairs, de trier et de compter.<br \/>\n\u2022 D\u00e9veloppe la capacit\u00e9 d&rsquo;ajouter et de soustraire.<br \/>\n\u2022 Favorise le d\u00e9veloppement de la pens\u00e9e, de la strat\u00e9gie de r\u00e9solution de probl\u00e8mes, de la concentration et de la m\u00e9moire.<br \/>\n\u2022 D\u00e9veloppe l&rsquo;autonomie.<\/p>\n<p><span style=\"color: #aec8bd;\"><strong>Pourquoi est-ce un Must Have? 6 raisons pour lesquelles vous devez les avoir!<\/strong><\/span><br \/>\n\u2022 Apprendre en s&rsquo;amusant.<br \/>\n\u2022 Compacit\u00e9.<br \/>\n\u2022 Amusement silencieux.<br \/>\n\u2022 Durabilit\u00e9 et s\u00e9curit\u00e9.<br \/>\n\u2022 D\u00e9veloppement math\u00e9matique de l&rsquo;enfant.<br \/>\n\u2022 Esth\u00e9tique<\/p>\n<p>&nbsp;<\/p>\n","protected":false},"featured_media":44985,"template":"","meta":{"_acf_changed":false},"product_brand":[85],"product_cat":[212],"product_tag":[],"class_list":{"0":"post-45431","1":"product","2":"type-product","3":"status-publish","4":"has-post-thumbnail","6":"product_brand-milin-toys","7":"product_cat-jouets-educatifs-et-creatifs","9":"first","10":"instock","11":"taxable","12":"shipping-taxable","13":"purchasable","14":"product-type-simple"},"acf":[],"_links":{"self":[{"href":"https:\/\/milin.pl\/fr\/wp-json\/wp\/v2\/product\/45431","targetHints":{"allow":["GET"]}}],"collection":[{"href":"https:\/\/milin.pl\/fr\/wp-json\/wp\/v2\/product"}],"about":[{"href":"https:\/\/milin.pl\/fr\/wp-json\/wp\/v2\/types\/product"}],"wp:featuredmedia":[{"embeddable":true,"href":"https:\/\/milin.pl\/fr\/wp-json\/wp\/v2\/media\/44985"}],"wp:attachment":[{"href":"https:\/\/milin.pl\/fr\/wp-json\/wp\/v2\/media?parent=45431"}],"wp:term":[{"taxonomy":"product_brand","embeddable":true,"href":"https:\/\/milin.pl\/fr\/wp-json\/wp\/v2\/product_brand?post=45431"},{"taxonomy":"product_cat","embeddable":true,"href":"https:\/\/milin.pl\/fr\/wp-json\/wp\/v2\/product_cat?post=45431"},{"taxonomy":"product_tag","embeddable":true,"href":"https:\/\/milin.pl\/fr\/wp-json\/wp\/v2\/product_tag?post=45431"}],"curies":[{"name":"wp","href":"https:\/\/api.w.org\/{rel}","templated":true}]}}