{"id":45464,"date":"2022-02-20T11:56:34","date_gmt":"2022-02-20T10:56:34","guid":{"rendered":"https:\/\/milin.pl\/?post_type=product&#038;p=45464"},"modified":"2025-05-27T00:03:32","modified_gmt":"2025-05-26T22:03:32","slug":"alphabet-48-blocs","status":"publish","type":"product","link":"https:\/\/milin.pl\/fr\/produkt\/alphabet-48-blocs\/","title":{"rendered":"Alphabet \u2013 48 blocs"},"content":{"rendered":"","protected":false},"excerpt":{"rendered":"<p>Alphabet \u2013 un ensemble en bois permettra \u00e0 votre enfant d\u2019apprendre les lettres, c\u2019est le pr\u00e9lude \u00e0 l\u2019apprentissage ult\u00e9rieur de la lecture.<\/p>\n<p><strong><span style=\"color: #aec8bd;\">Apprendre les lettres a un impact sur le d\u00e9veloppement de votre enfant! Lequel ?<\/span><\/strong><br \/>\n\u2022 D\u00e9veloppement de l&rsquo;audition et de la perception auditive.<br \/>\n\u2022 D\u00e9velopper la capacit\u00e9 de recevoir, d&rsquo;enregistrer et d&rsquo;identifier les stimuli sonores de l&rsquo;environnement.<br \/>\n\u2022 D\u00e9velopper l\u2019audition de la parole pour une utilisation correcte de la parole.<br \/>\n\u2022 Am\u00e9liore la capacit\u00e9 de se concentrer sur l&rsquo;activit\u00e9.<br \/>\n\u2022 D\u00e9veloppe l&rsquo;agilit\u00e9 manuelle et la motricit\u00e9 l\u00e9g\u00e8re qui est une pr\u00e9misse au d\u00e9veloppement de l&rsquo;\u00e9criture ou de la parole.<br \/>\n\u2022 Favorise la formation de nouvelles connexions neuronales dans le cerveau.<br \/>\n\u2022 Favorise le d\u00e9veloppement de la pens\u00e9e, de la strat\u00e9gie de r\u00e9solution de probl\u00e8mes, de la concentration et de la m\u00e9moire.<br \/>\n\u2022 D\u00e9veloppe la cr\u00e9ativit\u00e9 et l&rsquo;autonomie.<\/p>\n<p><strong><span style=\"color: #aec8bd;\">Pourquoi est-ce un Must Have? 6 raisons pour lesquelles vous devez les avoir<\/span><\/strong>!<br \/>\n\u2022 Apprendre les lettres.<br \/>\n\u2022 Amusement silencieux.<br \/>\n\u2022 Compacit\u00e9.<br \/>\n\u2022 Apprendre la patience.<br \/>\n\u2022 Durabilit\u00e9 et s\u00e9curit\u00e9.<br \/>\n\u2022 Esth\u00e9tique.<\/p>\n<p><span style=\"color: #aec8bd;\"><strong>Quelques informations importantes sur Alphabet:<\/strong><\/span><br \/>\n\u2022 Recommand\u00e9 pour les enfants de plus de 3 ans.<br \/>\n\u2022 Production polonaise dans la manufacture familiale.<br \/>\n\u2022 100% s\u00fbr, mat\u00e9riaux certifi\u00e9s.<br \/>\n\u2022 Mati\u00e8res premi\u00e8res renouvelables provenant de sources responsables.<br \/>\n\u2022 Fini \u00e0 la main.<br \/>\n\u2022 Les dimensions d&rsquo;une brique sont 4\u00d74 cm, l&rsquo;ensemble comprend 48pcs. + sac de rangement en lin.<\/p>\n","protected":false},"featured_media":50051,"template":"","meta":{"_acf_changed":false},"product_brand":[],"product_cat":[212],"product_tag":[],"class_list":{"0":"post-45464","1":"product","2":"type-product","3":"status-publish","4":"has-post-thumbnail","6":"product_cat-jouets-educatifs-et-creatifs","8":"first","9":"instock","10":"taxable","11":"shipping-taxable","12":"purchasable","13":"product-type-simple"},"acf":[],"_links":{"self":[{"href":"https:\/\/milin.pl\/fr\/wp-json\/wp\/v2\/product\/45464","targetHints":{"allow":["GET"]}}],"collection":[{"href":"https:\/\/milin.pl\/fr\/wp-json\/wp\/v2\/product"}],"about":[{"href":"https:\/\/milin.pl\/fr\/wp-json\/wp\/v2\/types\/product"}],"wp:featuredmedia":[{"embeddable":true,"href":"https:\/\/milin.pl\/fr\/wp-json\/wp\/v2\/media\/50051"}],"wp:attachment":[{"href":"https:\/\/milin.pl\/fr\/wp-json\/wp\/v2\/media?parent=45464"}],"wp:term":[{"taxonomy":"product_brand","embeddable":true,"href":"https:\/\/milin.pl\/fr\/wp-json\/wp\/v2\/product_brand?post=45464"},{"taxonomy":"product_cat","embeddable":true,"href":"https:\/\/milin.pl\/fr\/wp-json\/wp\/v2\/product_cat?post=45464"},{"taxonomy":"product_tag","embeddable":true,"href":"https:\/\/milin.pl\/fr\/wp-json\/wp\/v2\/product_tag?post=45464"}],"curies":[{"name":"wp","href":"https:\/\/api.w.org\/{rel}","templated":true}]}}