{"id":45535,"date":"2022-02-20T11:56:11","date_gmt":"2022-02-20T10:56:11","guid":{"rendered":"https:\/\/milin.pl\/?post_type=product&#038;p=45535"},"modified":"2025-05-27T00:03:33","modified_gmt":"2025-05-26T22:03:33","slug":"chiffres-blocs-de-bois-pour-apprendre-a-compter","status":"publish","type":"product","link":"https:\/\/milin.pl\/fr\/produkt\/chiffres-blocs-de-bois-pour-apprendre-a-compter\/","title":{"rendered":"Chiffres \u2013 blocs de bois pour apprendre \u00e0 compter"},"content":{"rendered":"","protected":false},"excerpt":{"rendered":"<p>Chiffres \u2013 Les blocs en bois pour apprendre \u00e0 compter sont d\u00e9di\u00e9s aux enfants qui sont au stade de l\u2019apprentissage des nombres et de la reconnaissance de la valeur d\u2019un chiffre donn\u00e9.<br \/>\nLa difficult\u00e9 de compter augmente avec le nombre d&rsquo;\u00e9l\u00e9ments. C&rsquo;est pourquoi nous avons limit\u00e9 la port\u00e9e du comptage \u00e0 10 lors de la premi\u00e8re \u00e9tape de l&rsquo;apprentissage des nombres.<\/p>\n<p><strong><span style=\"color: #aec8bd;\">Apprendre \u00e0 compter avec notre kit a un impact sur le d\u00e9veloppement de votre enfant! Lequel ?<\/span><\/strong><br \/>\n\u2022 D\u00e9veloppe la pens\u00e9e op\u00e9rationnelle.<br \/>\n\u2022 Am\u00e9liore la capacit\u00e9 de concentration.<br \/>\n\u2022 Exerce des comp\u00e9tences d&rsquo;analyse.<br \/>\n\u2022 Prend en charge le processus de m\u00e9morisation \u00e0 long terme.<br \/>\n\u2022 D\u00e9veloppe la capacit\u00e9 de distinguer les nombres pairs et impairs, de trier et de compter.<br \/>\n\u2022 D\u00e9veloppe la capacit\u00e9 de faire correspondre le caract\u00e8re graphique au nombre appropri\u00e9 d&rsquo;\u00e9l\u00e9ments\/billes.<br \/>\n\u2022 D\u00e9veloppe l&rsquo;agilit\u00e9 manuelle et la motricit\u00e9 l\u00e9g\u00e8re qui est une pr\u00e9misse au d\u00e9veloppement de l&rsquo;\u00e9criture ou de la parole.<br \/>\n\u2022 Favorise le d\u00e9veloppement de la pens\u00e9e, de la strat\u00e9gie de r\u00e9solution de probl\u00e8mes, de la concentration et de la m\u00e9moire.<br \/>\n\u2022 D\u00e9veloppe l&rsquo;autonomie.<\/p>\n<p><strong><span style=\"color: #aec8bd;\">Pourquoi est-ce un Must Have? 6 raisons pour lesquelles vous devez les avoir!<\/span><\/strong><br \/>\n\u2022 Apprendre en s&rsquo;amusant.<br \/>\n\u2022 Compacit\u00e9.<br \/>\n\u2022 Amusement silencieux.<br \/>\n\u2022 Durabilit\u00e9 et s\u00e9curit\u00e9.<br \/>\n\u2022 Am\u00e9lioration de la capacit\u00e9 d&rsquo;analyse.<br \/>\n\u2022 Esth\u00e9tique.<\/p>\n<p><span style=\"color: #aec8bd;\"><strong>Quelques informations importantes sur les chiffres pour apprendre \u00e0 compter:<\/strong><\/span><br \/>\n\u2022 Prix du Jouet de l&rsquo;Ann\u00e9e 2022 dans la cat\u00e9gorie Jouet d&rsquo;\u00e2ge pr\u00e9scolaire.<br \/>\n\u2022 Recommand\u00e9 pour les enfants de plus de 3 ans.<br \/>\n\u2022 14 boules de h\u00eatre sont incluses dans le kit.<br \/>\n\u2022 Production polonaise dans la manufacture familiale.<br \/>\n\u2022 100% s\u00fbr, mat\u00e9riaux certifi\u00e9s.<br \/>\n\u2022 Mati\u00e8res premi\u00e8res renouvelables provenant de sources responsables.<br \/>\n\u2022 Fini \u00e0 la main.<br \/>\n\u2022 Dimensions des blocs: 5 pi\u00e8ces \u2013 11\/6 cm ; 5 pi\u00e8ces \u2013 15,5\/6cm.<\/p>\n","protected":false},"featured_media":44983,"template":"","meta":{"_acf_changed":false},"product_brand":[],"product_cat":[212],"product_tag":[],"class_list":{"0":"post-45535","1":"product","2":"type-product","3":"status-publish","4":"has-post-thumbnail","6":"product_cat-jouets-educatifs-et-creatifs","8":"first","9":"instock","10":"taxable","11":"shipping-taxable","12":"purchasable","13":"product-type-simple"},"acf":[],"_links":{"self":[{"href":"https:\/\/milin.pl\/fr\/wp-json\/wp\/v2\/product\/45535","targetHints":{"allow":["GET"]}}],"collection":[{"href":"https:\/\/milin.pl\/fr\/wp-json\/wp\/v2\/product"}],"about":[{"href":"https:\/\/milin.pl\/fr\/wp-json\/wp\/v2\/types\/product"}],"wp:featuredmedia":[{"embeddable":true,"href":"https:\/\/milin.pl\/fr\/wp-json\/wp\/v2\/media\/44983"}],"wp:attachment":[{"href":"https:\/\/milin.pl\/fr\/wp-json\/wp\/v2\/media?parent=45535"}],"wp:term":[{"taxonomy":"product_brand","embeddable":true,"href":"https:\/\/milin.pl\/fr\/wp-json\/wp\/v2\/product_brand?post=45535"},{"taxonomy":"product_cat","embeddable":true,"href":"https:\/\/milin.pl\/fr\/wp-json\/wp\/v2\/product_cat?post=45535"},{"taxonomy":"product_tag","embeddable":true,"href":"https:\/\/milin.pl\/fr\/wp-json\/wp\/v2\/product_tag?post=45535"}],"curies":[{"name":"wp","href":"https:\/\/api.w.org\/{rel}","templated":true}]}}