{"id":45554,"date":"2023-06-03T21:07:19","date_gmt":"2023-06-03T19:07:19","guid":{"rendered":"https:\/\/milin.pl\/?post_type=product&#038;p=45554"},"modified":"2025-04-01T08:26:13","modified_gmt":"2025-04-01T06:26:13","slug":"mesure-de-croissance-insectes","status":"publish","type":"product","link":"https:\/\/milin.pl\/fr\/produkt\/mesure-de-croissance-insectes\/","title":{"rendered":"Mesure de croissance Insectes"},"content":{"rendered":"","protected":false},"excerpt":{"rendered":"<p>Mesure de la croissance des insectes<\/p>\n<p>Une mesure en bois vous permettra de suivre et d&rsquo;enregistrer le d\u00e9veloppement de l&rsquo;enfant, l&rsquo;accompagnera pendant de nombreuses ann\u00e9es et deviendra plus tard un souvenir d&rsquo;enfance.<br \/>\nLa mesure peut \u00e9galement d\u00e9corer magnifiquement la pi\u00e8ce.<br \/>\nLa construction en quatre parties fix\u00e9e sur la ficelle de jute est tr\u00e8s d\u00e9corative.<br \/>\nLe motif avec des insectes est agr\u00e9able et int\u00e9ressant pour l&rsquo;enfant.<br \/>\nPlusieurs \u00e9l\u00e9ments ont \u00e9t\u00e9 ajout\u00e9s pour donner \u00e0 la mesure un aspect spatial.<br \/>\nC&rsquo;est un \u00e9l\u00e9ment d\u00e9coratif qui sera utile dans n&rsquo;importe quelle maison.<br \/>\nDimensions par bo\u00eete: 35 x 19 x 4 cm<br \/>\nDimensions sans bo\u00eete: 103 x 17,5 x 0,3 cm<br \/>\nFSC, EN71<\/p>\n","protected":false},"featured_media":45562,"template":"","meta":{"_acf_changed":false},"product_brand":[],"product_cat":[212],"product_tag":[],"class_list":{"0":"post-45554","1":"product","2":"type-product","3":"status-publish","4":"has-post-thumbnail","6":"product_cat-jouets-educatifs-et-creatifs","8":"first","9":"outofstock","10":"taxable","11":"shipping-taxable","12":"purchasable","13":"product-type-simple"},"acf":[],"_links":{"self":[{"href":"https:\/\/milin.pl\/fr\/wp-json\/wp\/v2\/product\/45554","targetHints":{"allow":["GET"]}}],"collection":[{"href":"https:\/\/milin.pl\/fr\/wp-json\/wp\/v2\/product"}],"about":[{"href":"https:\/\/milin.pl\/fr\/wp-json\/wp\/v2\/types\/product"}],"wp:featuredmedia":[{"embeddable":true,"href":"https:\/\/milin.pl\/fr\/wp-json\/wp\/v2\/media\/45562"}],"wp:attachment":[{"href":"https:\/\/milin.pl\/fr\/wp-json\/wp\/v2\/media?parent=45554"}],"wp:term":[{"taxonomy":"product_brand","embeddable":true,"href":"https:\/\/milin.pl\/fr\/wp-json\/wp\/v2\/product_brand?post=45554"},{"taxonomy":"product_cat","embeddable":true,"href":"https:\/\/milin.pl\/fr\/wp-json\/wp\/v2\/product_cat?post=45554"},{"taxonomy":"product_tag","embeddable":true,"href":"https:\/\/milin.pl\/fr\/wp-json\/wp\/v2\/product_tag?post=45554"}],"curies":[{"name":"wp","href":"https:\/\/api.w.org\/{rel}","templated":true}]}}