{"id":45594,"date":"2024-04-16T16:57:44","date_gmt":"2024-04-16T14:57:44","guid":{"rendered":"https:\/\/milin.pl\/?post_type=product&#038;p=45594"},"modified":"2025-04-01T08:27:47","modified_gmt":"2025-04-01T06:27:47","slug":"support-mural-papillons","status":"publish","type":"product","link":"https:\/\/milin.pl\/fr\/produkt\/support-mural-papillons\/","title":{"rendered":"Cintre mural papillons"},"content":{"rendered":"","protected":false},"excerpt":{"rendered":"<p>Le cintre mural Papillons a un design unique et constitue une id\u00e9e unique pour animer n\u2019importe quel espace de la maison.<\/p>\n<p>Le cintre est une d\u00e9coration en soi, mais il est aussi tr\u00e8s fonctionnel.<\/p>\n<p>5 crochets peuvent accueillir de nombreux objets du quotidien, mais vous pouvez \u00e9galement y accrocher des lacets, par exemple, selon la m\u00e9thode Maria Montessori.<\/p>\n<p>Les jouets expos\u00e9s \u00e0 la vue de l&rsquo;enfant sont plus susceptibles d&rsquo;\u00eatre utilis\u00e9s par celui-ci.<\/p>\n<p>Le produit est emball\u00e9 dans une belle bo\u00eete avec un imprim\u00e9 color\u00e9.<\/p>\n<p>&nbsp;<\/p>\n<p><span style=\"color: #aec8bd;\"><strong>Quelques informations importantes sur le cintre :<\/strong><\/span><\/p>\n<p>Dimensions : 38 x 20 cm,<br \/>\nLe cintre dispose de 5 crochets avec des imprim\u00e9s accrocheurs,<br \/>\nLe cintre est fix\u00e9 avec deux vis, gr\u00e2ce auxquelles il adh\u00e8re tr\u00e8s bien au mur et peut supporter un poids assez important,<br \/>\nFabriqu\u00e9 en contreplaqu\u00e9 m\u00e9lamin\u00e9 avec gravures d\u00e9coratives et contreplaqu\u00e9 brut d\u00e9coup\u00e9 en forme de charmant volant,<br \/>\nIl peut d\u00e9corer une chambre d&rsquo;enfant, mais pas que !<br \/>\nFabrication polonaise dans un atelier familial,<br \/>\nMat\u00e9riaux 100% s\u00fbrs et certifi\u00e9s,<br \/>\nMati\u00e8res premi\u00e8res renouvelables issues de sources responsables,<br \/>\nFini \u00e0 la main.<\/p>\n<p>FSC\u00ae, CE, EN71, 3+<\/p>\n","protected":false},"featured_media":45596,"template":"","meta":{"_acf_changed":false},"product_brand":[],"product_cat":[212],"product_tag":[],"class_list":{"0":"post-45594","1":"product","2":"type-product","3":"status-publish","4":"has-post-thumbnail","6":"product_cat-jouets-educatifs-et-creatifs","8":"first","9":"instock","10":"taxable","11":"shipping-taxable","12":"purchasable","13":"product-type-simple"},"acf":[],"_links":{"self":[{"href":"https:\/\/milin.pl\/fr\/wp-json\/wp\/v2\/product\/45594","targetHints":{"allow":["GET"]}}],"collection":[{"href":"https:\/\/milin.pl\/fr\/wp-json\/wp\/v2\/product"}],"about":[{"href":"https:\/\/milin.pl\/fr\/wp-json\/wp\/v2\/types\/product"}],"wp:featuredmedia":[{"embeddable":true,"href":"https:\/\/milin.pl\/fr\/wp-json\/wp\/v2\/media\/45596"}],"wp:attachment":[{"href":"https:\/\/milin.pl\/fr\/wp-json\/wp\/v2\/media?parent=45594"}],"wp:term":[{"taxonomy":"product_brand","embeddable":true,"href":"https:\/\/milin.pl\/fr\/wp-json\/wp\/v2\/product_brand?post=45594"},{"taxonomy":"product_cat","embeddable":true,"href":"https:\/\/milin.pl\/fr\/wp-json\/wp\/v2\/product_cat?post=45594"},{"taxonomy":"product_tag","embeddable":true,"href":"https:\/\/milin.pl\/fr\/wp-json\/wp\/v2\/product_tag?post=45594"}],"curies":[{"name":"wp","href":"https:\/\/api.w.org\/{rel}","templated":true}]}}