{"id":45598,"date":"2023-06-09T11:13:39","date_gmt":"2023-06-09T09:13:39","guid":{"rendered":"https:\/\/milin.pl\/?post_type=product&#038;p=45598"},"modified":"2024-05-31T12:57:12","modified_gmt":"2024-05-31T10:57:12","slug":"signet-en-bois-pour-le-livre-2","status":"publish","type":"product","link":"https:\/\/milin.pl\/fr\/produkt\/signet-en-bois-pour-le-livre-2\/","title":{"rendered":"Signet en bois pour le livre &#8211; M. Ours"},"content":{"rendered":"","protected":false},"excerpt":{"rendered":"<p>Un signet en bois plaira certainement \u00e0 la lecture de votre livre pr\u00e9f\u00e9r\u00e9.<br \/>\nNous avons cr\u00e9\u00e9 une douzaine de th\u00e8mes diff\u00e9rents.<br \/>\nC&rsquo;est aussi une bonne id\u00e9e de cadeau.<br \/>\nIl n&rsquo;y a pas deux arbres identiques, par cons\u00e9quent, chacun a sa propre structure.<\/p>\n","protected":false},"featured_media":45670,"template":"","meta":{"_acf_changed":false},"product_brand":[],"product_cat":[214],"product_tag":[],"class_list":{"0":"post-45598","1":"product","2":"type-product","3":"status-publish","4":"has-post-thumbnail","6":"product_cat-signets","8":"first","9":"instock","10":"taxable","11":"shipping-taxable","12":"purchasable","13":"product-type-simple"},"acf":[],"_links":{"self":[{"href":"https:\/\/milin.pl\/fr\/wp-json\/wp\/v2\/product\/45598","targetHints":{"allow":["GET"]}}],"collection":[{"href":"https:\/\/milin.pl\/fr\/wp-json\/wp\/v2\/product"}],"about":[{"href":"https:\/\/milin.pl\/fr\/wp-json\/wp\/v2\/types\/product"}],"wp:featuredmedia":[{"embeddable":true,"href":"https:\/\/milin.pl\/fr\/wp-json\/wp\/v2\/media\/45670"}],"wp:attachment":[{"href":"https:\/\/milin.pl\/fr\/wp-json\/wp\/v2\/media?parent=45598"}],"wp:term":[{"taxonomy":"product_brand","embeddable":true,"href":"https:\/\/milin.pl\/fr\/wp-json\/wp\/v2\/product_brand?post=45598"},{"taxonomy":"product_cat","embeddable":true,"href":"https:\/\/milin.pl\/fr\/wp-json\/wp\/v2\/product_cat?post=45598"},{"taxonomy":"product_tag","embeddable":true,"href":"https:\/\/milin.pl\/fr\/wp-json\/wp\/v2\/product_tag?post=45598"}],"curies":[{"name":"wp","href":"https:\/\/api.w.org\/{rel}","templated":true}]}}