{"id":45608,"date":"2022-02-20T11:53:22","date_gmt":"2022-02-20T10:53:22","guid":{"rendered":"https:\/\/milin.pl\/?post_type=product&#038;p=45608"},"modified":"2024-11-01T23:04:51","modified_gmt":"2024-11-01T22:04:51","slug":"signet-en-bois-pour-le-livre-11","status":"publish","type":"product","link":"https:\/\/milin.pl\/fr\/produkt\/signet-en-bois-pour-le-livre-11\/","title":{"rendered":"Signet en bois pour le livre &#8211; Plume"},"content":{"rendered":"","protected":false},"excerpt":{"rendered":"<p>Un signet en bois plaira certainement \u00e0 la lecture de votre livre pr\u00e9f\u00e9r\u00e9.<br \/>\nNous avons cr\u00e9\u00e9 une douzaine de th\u00e8mes diff\u00e9rents.<br \/>\nC&rsquo;est aussi une bonne id\u00e9e de cadeau.<br \/>\nIl n&rsquo;y a pas deux arbres identiques, par cons\u00e9quent, chacun a sa propre structure.<\/p>\n","protected":false},"featured_media":45654,"template":"","meta":{"_acf_changed":false},"product_brand":[85],"product_cat":[214],"product_tag":[],"class_list":{"0":"post-45608","1":"product","2":"type-product","3":"status-publish","4":"has-post-thumbnail","6":"product_brand-milin-toys","7":"product_cat-signets","9":"first","10":"instock","11":"taxable","12":"shipping-taxable","13":"purchasable","14":"product-type-simple"},"acf":[],"_links":{"self":[{"href":"https:\/\/milin.pl\/fr\/wp-json\/wp\/v2\/product\/45608","targetHints":{"allow":["GET"]}}],"collection":[{"href":"https:\/\/milin.pl\/fr\/wp-json\/wp\/v2\/product"}],"about":[{"href":"https:\/\/milin.pl\/fr\/wp-json\/wp\/v2\/types\/product"}],"wp:featuredmedia":[{"embeddable":true,"href":"https:\/\/milin.pl\/fr\/wp-json\/wp\/v2\/media\/45654"}],"wp:attachment":[{"href":"https:\/\/milin.pl\/fr\/wp-json\/wp\/v2\/media?parent=45608"}],"wp:term":[{"taxonomy":"product_brand","embeddable":true,"href":"https:\/\/milin.pl\/fr\/wp-json\/wp\/v2\/product_brand?post=45608"},{"taxonomy":"product_cat","embeddable":true,"href":"https:\/\/milin.pl\/fr\/wp-json\/wp\/v2\/product_cat?post=45608"},{"taxonomy":"product_tag","embeddable":true,"href":"https:\/\/milin.pl\/fr\/wp-json\/wp\/v2\/product_tag?post=45608"}],"curies":[{"name":"wp","href":"https:\/\/api.w.org\/{rel}","templated":true}]}}