{"id":45682,"date":"2022-08-14T12:42:53","date_gmt":"2022-08-14T10:42:53","guid":{"rendered":"https:\/\/milin.pl\/?post_type=product&#038;p=45682"},"modified":"2024-05-31T13:01:23","modified_gmt":"2024-05-31T11:01:23","slug":"flower-power","status":"publish","type":"product","link":"https:\/\/milin.pl\/fr\/produkt\/flower-power\/","title":{"rendered":"Flower Power"},"content":{"rendered":"","protected":false},"excerpt":{"rendered":"<p>La carte de voeux en bois sera un cadeau unique qui restera avec le cadeau pour les ann\u00e9es \u00e0 venir. Des souhaits personnels lui ajouteront de la valeur.<br \/>\nSur le bois, vous pouvez \u00e9crire et m\u00eame dessiner et coller facilement un timbre.<br \/>\nIl n&rsquo;y a pas deux arbres identiques, c&rsquo;est pourquoi chaque feuille est unique. Peut-\u00eatre l\u00e9g\u00e8rement diff\u00e9rent de celui pr\u00e9sent\u00e9 sur la photo.<br \/>\nUne enveloppe est incluse dans le kit.<\/p>\n","protected":false},"featured_media":45714,"template":"","meta":{"_acf_changed":false},"product_brand":[],"product_cat":[201],"product_tag":[],"class_list":{"0":"post-45682","1":"product","2":"type-product","3":"status-publish","4":"has-post-thumbnail","6":"product_cat-anglais","8":"first","9":"instock","10":"taxable","11":"shipping-taxable","12":"purchasable","13":"product-type-simple"},"acf":[],"_links":{"self":[{"href":"https:\/\/milin.pl\/fr\/wp-json\/wp\/v2\/product\/45682","targetHints":{"allow":["GET"]}}],"collection":[{"href":"https:\/\/milin.pl\/fr\/wp-json\/wp\/v2\/product"}],"about":[{"href":"https:\/\/milin.pl\/fr\/wp-json\/wp\/v2\/types\/product"}],"wp:featuredmedia":[{"embeddable":true,"href":"https:\/\/milin.pl\/fr\/wp-json\/wp\/v2\/media\/45714"}],"wp:attachment":[{"href":"https:\/\/milin.pl\/fr\/wp-json\/wp\/v2\/media?parent=45682"}],"wp:term":[{"taxonomy":"product_brand","embeddable":true,"href":"https:\/\/milin.pl\/fr\/wp-json\/wp\/v2\/product_brand?post=45682"},{"taxonomy":"product_cat","embeddable":true,"href":"https:\/\/milin.pl\/fr\/wp-json\/wp\/v2\/product_cat?post=45682"},{"taxonomy":"product_tag","embeddable":true,"href":"https:\/\/milin.pl\/fr\/wp-json\/wp\/v2\/product_tag?post=45682"}],"curies":[{"name":"wp","href":"https:\/\/api.w.org\/{rel}","templated":true}]}}