{"id":46173,"date":"2022-04-05T16:36:25","date_gmt":"2022-04-05T14:36:25","guid":{"rendered":"https:\/\/milin.pl\/?post_type=product&#038;p=46173"},"modified":"2024-05-31T13:17:20","modified_gmt":"2024-05-31T11:17:20","slug":"joyeuses-paques-petite-poule","status":"publish","type":"product","link":"https:\/\/milin.pl\/fr\/produkt\/joyeuses-paques-petite-poule\/","title":{"rendered":"Joyeuses P\u00e2ques, petite poule"},"content":{"rendered":"","protected":false},"excerpt":{"rendered":"<p>La carte de voeux en bois sera un cadeau unique qui restera avec le cadeau pour les ann\u00e9es \u00e0 venir. Des souhaits personnels lui ajouteront de la valeur.<br \/>\nSur le bois, vous pouvez \u00e9crire et m\u00eame dessiner et coller facilement un timbre.<br \/>\nIl n&rsquo;y a pas deux arbres identiques, c&rsquo;est pourquoi chaque feuille est unique. Peut-\u00eatre l\u00e9g\u00e8rement diff\u00e9rent de celui pr\u00e9sent\u00e9 sur la photo.<br \/>\nUne enveloppe est incluse dans le kit.<\/p>\n","protected":false},"featured_media":45734,"template":"","meta":{"_acf_changed":false},"product_brand":[85],"product_cat":[208],"product_tag":[],"class_list":{"0":"post-46173","1":"product","2":"type-product","3":"status-publish","4":"has-post-thumbnail","6":"product_brand-milin-toys","7":"product_cat-paques","9":"first","10":"instock","11":"taxable","12":"shipping-taxable","13":"purchasable","14":"product-type-simple"},"acf":[],"_links":{"self":[{"href":"https:\/\/milin.pl\/fr\/wp-json\/wp\/v2\/product\/46173","targetHints":{"allow":["GET"]}}],"collection":[{"href":"https:\/\/milin.pl\/fr\/wp-json\/wp\/v2\/product"}],"about":[{"href":"https:\/\/milin.pl\/fr\/wp-json\/wp\/v2\/types\/product"}],"wp:featuredmedia":[{"embeddable":true,"href":"https:\/\/milin.pl\/fr\/wp-json\/wp\/v2\/media\/45734"}],"wp:attachment":[{"href":"https:\/\/milin.pl\/fr\/wp-json\/wp\/v2\/media?parent=46173"}],"wp:term":[{"taxonomy":"product_brand","embeddable":true,"href":"https:\/\/milin.pl\/fr\/wp-json\/wp\/v2\/product_brand?post=46173"},{"taxonomy":"product_cat","embeddable":true,"href":"https:\/\/milin.pl\/fr\/wp-json\/wp\/v2\/product_cat?post=46173"},{"taxonomy":"product_tag","embeddable":true,"href":"https:\/\/milin.pl\/fr\/wp-json\/wp\/v2\/product_tag?post=46173"}],"curies":[{"name":"wp","href":"https:\/\/api.w.org\/{rel}","templated":true}]}}