{"id":46204,"date":"2022-04-05T16:14:09","date_gmt":"2022-04-05T14:14:09","guid":{"rendered":"https:\/\/milin.pl\/?post_type=product&#038;p=46204"},"modified":"2024-05-31T13:11:38","modified_gmt":"2024-05-31T11:11:38","slug":"danke","status":"publish","type":"product","link":"https:\/\/milin.pl\/fr\/produkt\/danke\/","title":{"rendered":"Danke"},"content":{"rendered":"","protected":false},"excerpt":{"rendered":"<p>La carte de voeux en bois sera un cadeau unique qui restera avec le cadeau pour les ann\u00e9es \u00e0 venir. Des souhaits personnels lui ajouteront de la valeur.<br \/>\nSur le bois, vous pouvez \u00e9crire et m\u00eame dessiner et coller facilement un timbre.<br \/>\nIl n&rsquo;y a pas deux arbres identiques, c&rsquo;est pourquoi chaque feuille est unique. Peut-\u00eatre l\u00e9g\u00e8rement diff\u00e9rent de celui pr\u00e9sent\u00e9 sur la photo.<br \/>\nUne enveloppe est incluse dans le kit.<\/p>\n","protected":false},"featured_media":45769,"template":"","meta":{"_acf_changed":false},"product_brand":[85],"product_cat":[204],"product_tag":[],"class_list":{"0":"post-46204","1":"product","2":"type-product","3":"status-publish","4":"has-post-thumbnail","6":"product_brand-milin-toys","7":"product_cat-le-reste","9":"first","10":"instock","11":"taxable","12":"shipping-taxable","13":"purchasable","14":"product-type-simple"},"acf":[],"_links":{"self":[{"href":"https:\/\/milin.pl\/fr\/wp-json\/wp\/v2\/product\/46204","targetHints":{"allow":["GET"]}}],"collection":[{"href":"https:\/\/milin.pl\/fr\/wp-json\/wp\/v2\/product"}],"about":[{"href":"https:\/\/milin.pl\/fr\/wp-json\/wp\/v2\/types\/product"}],"wp:featuredmedia":[{"embeddable":true,"href":"https:\/\/milin.pl\/fr\/wp-json\/wp\/v2\/media\/45769"}],"wp:attachment":[{"href":"https:\/\/milin.pl\/fr\/wp-json\/wp\/v2\/media?parent=46204"}],"wp:term":[{"taxonomy":"product_brand","embeddable":true,"href":"https:\/\/milin.pl\/fr\/wp-json\/wp\/v2\/product_brand?post=46204"},{"taxonomy":"product_cat","embeddable":true,"href":"https:\/\/milin.pl\/fr\/wp-json\/wp\/v2\/product_cat?post=46204"},{"taxonomy":"product_tag","embeddable":true,"href":"https:\/\/milin.pl\/fr\/wp-json\/wp\/v2\/product_tag?post=46204"}],"curies":[{"name":"wp","href":"https:\/\/api.w.org\/{rel}","templated":true}]}}