{"id":46344,"date":"2024-05-31T11:11:08","date_gmt":"2024-05-31T09:11:08","guid":{"rendered":"https:\/\/milin.pl\/?post_type=product&#038;p=46344"},"modified":"2025-04-01T08:25:17","modified_gmt":"2025-04-01T06:25:17","slug":"puzzle-de-la-maison-des-papillons","status":"publish","type":"product","link":"https:\/\/milin.pl\/fr\/produkt\/puzzle-de-la-maison-des-papillons\/","title":{"rendered":"Puzzle de la maison des papillons"},"content":{"rendered":"<p><img loading=\"lazy\" decoding=\"async\" class=\"aligncenter size-large wp-image-46337\" src=\"https:\/\/milin.pl\/wp-content\/uploads\/2024\/05\/DSC_7837-Edit-681x1024.jpg\" alt=\"\" width=\"681\" height=\"1024\" srcset=\"https:\/\/milin.pl\/wp-content\/uploads\/2024\/05\/DSC_7837-Edit-681x1024.jpg 681w, https:\/\/milin.pl\/wp-content\/uploads\/2024\/05\/DSC_7837-Edit-scaled-1200x1804.jpg 1200w, https:\/\/milin.pl\/wp-content\/uploads\/2024\/05\/DSC_7837-Edit-200x300.jpg 200w, https:\/\/milin.pl\/wp-content\/uploads\/2024\/05\/DSC_7837-Edit-768x1154.jpg 768w, https:\/\/milin.pl\/wp-content\/uploads\/2024\/05\/DSC_7837-Edit-1022x1536.jpg 1022w, https:\/\/milin.pl\/wp-content\/uploads\/2024\/05\/DSC_7837-Edit-1363x2048.jpg 1363w, https:\/\/milin.pl\/wp-content\/uploads\/2024\/05\/DSC_7837-Edit-1440x2164.jpg 1440w, https:\/\/milin.pl\/wp-content\/uploads\/2024\/05\/DSC_7837-Edit-100x150.jpg 100w, https:\/\/milin.pl\/wp-content\/uploads\/2024\/05\/DSC_7837-Edit-scaled.jpg 1703w\" sizes=\"auto, (max-width: 681px) 100vw, 681px\" \/><\/p>\n","protected":false},"excerpt":{"rendered":"<p><strong><span style=\"color: #aec8bd;\">Quel enfant n&rsquo;aime pas faire des puzzles ?<\/span><\/strong><\/p>\n<p>Ceux avec le motif Butterfly House ont \u00e9galement une belle illustration qui vous emm\u00e8ne l&rsquo;espace d&rsquo;un instant dans un pays o\u00f9 tout ressemble \u00e0 un conte de f\u00e9es !<\/p>\n<p>Nous avons cr\u00e9\u00e9 des puzzles de formes en pensant aux plus jeunes. On retrouve une illustration originale \u00e0 l&rsquo;avers, et de charmants points au revers, qui rendent l&rsquo;ensemble extr\u00eamement esth\u00e9tique tant pour le bambin que pour le parent.<\/p>\n<p>15 \u00e9l\u00e9ments en carton \u00e9pais et solide procureront beaucoup de plaisir. De minuscules papillons enferm\u00e9s dans une forme non \u00e9vidente font que les puzzles ne sont pas les plus faciles \u00e0 assembler, mais c&rsquo;est le point !<\/p>\n<p>Apr\u00e8s l&rsquo;assemblage, vous pouvez compter les papillons et les fleurs avec votre enfant, faire une tour avec le puzzle ou essayer de dessiner des papillons sur un morceau de papier. Nous ne sommes limit\u00e9s que par notre imagination !<\/p>\n<p>Nous avons emball\u00e9 le puzzle dans un sac en papier avec un autocollant montrant comment disposer le motif.<br \/>\nIls sont parfaits pour un cadeau !<\/p>\n<p><strong><span style=\"color: #aec8bd;\">Assembler des puzzles affecte le d\u00e9veloppement de votre enfant\u00a0! Quoi?<\/span><\/strong><\/p>\n<ul>\n<li>Ils ont un effet positif sur la m\u00e9moire visuelle,<\/li>\n<li>Ils am\u00e9liorent la capacit\u00e9 de penser logiquement,<\/li>\n<li>Ils am\u00e9liorent la concentration et vous aident \u00e0 vous calmer<\/li>\n<li>Ils enseignent la patience, favorisant ainsi le d\u00e9veloppement \u00e9motionnel,<\/li>\n<li>R\u00e9ussir des \u00e9nigmes renforce les connexions neuronales dans le cerveau,<\/li>\n<li>Am\u00e9liorer l&rsquo;adh\u00e9rence et la motricit\u00e9 fine.<\/li>\n<\/ul>\n<p><strong><span style=\"color: #aec8bd;\">Quelques informations importantes sur les puzzles\u00a0:<\/span><\/strong><\/p>\n<ul>\n<li>Dimensions : 30 x 23 cm<\/li>\n<li>Mat\u00e9riau : carton solide, coll\u00e9 des deux c\u00f4t\u00e9s<\/li>\n<li>\u00c2ge : 2+<br \/>\nCE, EN71, 2+<\/li>\n<\/ul>\n","protected":false},"featured_media":46301,"template":"","meta":{"_acf_changed":false},"product_brand":[],"product_cat":[212],"product_tag":[],"class_list":{"0":"post-46344","1":"product","2":"type-product","3":"status-publish","4":"has-post-thumbnail","6":"product_cat-jouets-educatifs-et-creatifs","8":"first","9":"instock","10":"taxable","11":"shipping-taxable","12":"purchasable","13":"product-type-simple"},"acf":[],"_links":{"self":[{"href":"https:\/\/milin.pl\/fr\/wp-json\/wp\/v2\/product\/46344","targetHints":{"allow":["GET"]}}],"collection":[{"href":"https:\/\/milin.pl\/fr\/wp-json\/wp\/v2\/product"}],"about":[{"href":"https:\/\/milin.pl\/fr\/wp-json\/wp\/v2\/types\/product"}],"wp:featuredmedia":[{"embeddable":true,"href":"https:\/\/milin.pl\/fr\/wp-json\/wp\/v2\/media\/46301"}],"wp:attachment":[{"href":"https:\/\/milin.pl\/fr\/wp-json\/wp\/v2\/media?parent=46344"}],"wp:term":[{"taxonomy":"product_brand","embeddable":true,"href":"https:\/\/milin.pl\/fr\/wp-json\/wp\/v2\/product_brand?post=46344"},{"taxonomy":"product_cat","embeddable":true,"href":"https:\/\/milin.pl\/fr\/wp-json\/wp\/v2\/product_cat?post=46344"},{"taxonomy":"product_tag","embeddable":true,"href":"https:\/\/milin.pl\/fr\/wp-json\/wp\/v2\/product_tag?post=46344"}],"curies":[{"name":"wp","href":"https:\/\/api.w.org\/{rel}","templated":true}]}}