{"id":47607,"date":"2025-06-02T17:22:22","date_gmt":"2025-06-02T15:22:22","guid":{"rendered":"https:\/\/milin.pl\/?post_type=product&#038;p=47607"},"modified":"2025-11-10T21:39:07","modified_gmt":"2025-11-10T20:39:07","slug":"green-stones-vase-kopia","status":"publish","type":"product","link":"https:\/\/milin.pl\/fr\/produkt\/green-stones-vase-kopia\/","title":{"rendered":"Check Mate Vase"},"content":{"rendered":"","protected":false},"excerpt":{"rendered":"<p>Les vases May allient fonctionnalit\u00e9 et art !<\/p>\n<p>Dans notre collection May, vous trouverez 3 formes diff\u00e9rentes et jusqu&rsquo;\u00e0 10 designs de vases diff\u00e9rents, tous soigneusement pens\u00e9s et con\u00e7us selon les derni\u00e8res tendances en mati\u00e8re de d\u00e9coration int\u00e9rieure. Des formes plus audacieuses et des motifs color\u00e9s aux designs plus subtils. Les vases sont l\u00e9gers, stables et r\u00e9sistants aux dommages, garantissant ainsi qu&rsquo;ils dureront pendant des ann\u00e9es.<\/p>\n<p>Vase Nude\u2013 il n&rsquo;a pas peur d&rsquo;attirer l&rsquo;attention ! Des motifs audacieux et une forme moderne en font non seulement un accessoire, mais aussi un accent frappant et unique dans n&rsquo;importe quel int\u00e9rieur.<\/p>\n<p>Fabriqu\u00e9 \u00e0 partir de mat\u00e9riaux de haute qualit\u00e9, il combine fonctionnalit\u00e9 et art \u2013 l&rsquo;insert en verre permet de mettre en valeur des fleurs fra\u00eeches, mais il peut aussi \u00eatre utilis\u00e9 seul, ajoutant du caract\u00e8re \u00e0 n&rsquo;importe quel espace.<\/p>\n<p>Il se marie \u00e9galement merveilleusement bien avec nos fleurs en bois.<\/p>\n<p>Le vase, fabriqu\u00e9 en bois de bouleau naturel, allie l&rsquo;esth\u00e9tique de l&rsquo;artisanat \u00e0 la fonctionnalit\u00e9 de l&rsquo;utilisation quotidienne. Il est fabriqu\u00e9 \u00e0 partir de mati\u00e8res premi\u00e8res provenant de for\u00eats certifi\u00e9es, respectant des normes \u00e9cologiques pour la production du bois, tout en respectant l&rsquo;environnement, les animaux, les plantes et les hommes. Chaque pi\u00e8ce peut l\u00e9g\u00e8rement diff\u00e9rer en raison de la finition artisanale.<\/p>\n<p>Ce produit est destin\u00e9 \u00e0 un usage int\u00e9rieur. Pour pr\u00e9server son apparence, il est recommand\u00e9 de le nettoyer avec un chiffon humide \u2013 ne pas le plonger dans l&rsquo;eau. Aucun assemblage n&rsquo;est n\u00e9cessaire. Chaque vase est emball\u00e9 dans une bo\u00eete en carton \u00e9cologique et individuelle. Le set ne comprend pas l&rsquo;insert en verre. Le produit est fabriqu\u00e9 en Pologne et fabriqu\u00e9 \u00e0 la main avec une attention particuli\u00e8re\u00a0aux\u00a0d\u00e9tails.<\/p>\n","protected":false},"featured_media":47525,"template":"","meta":{"_acf_changed":false},"product_brand":[],"product_cat":[248,261],"product_tag":[],"class_list":{"0":"post-47607","1":"product","2":"type-product","3":"status-publish","4":"has-post-thumbnail","6":"product_cat-decorations","7":"product_cat-vases-fr","9":"first","10":"instock","11":"taxable","12":"shipping-taxable","13":"purchasable","14":"product-type-simple"},"acf":[],"_links":{"self":[{"href":"https:\/\/milin.pl\/fr\/wp-json\/wp\/v2\/product\/47607","targetHints":{"allow":["GET"]}}],"collection":[{"href":"https:\/\/milin.pl\/fr\/wp-json\/wp\/v2\/product"}],"about":[{"href":"https:\/\/milin.pl\/fr\/wp-json\/wp\/v2\/types\/product"}],"wp:featuredmedia":[{"embeddable":true,"href":"https:\/\/milin.pl\/fr\/wp-json\/wp\/v2\/media\/47525"}],"wp:attachment":[{"href":"https:\/\/milin.pl\/fr\/wp-json\/wp\/v2\/media?parent=47607"}],"wp:term":[{"taxonomy":"product_brand","embeddable":true,"href":"https:\/\/milin.pl\/fr\/wp-json\/wp\/v2\/product_brand?post=47607"},{"taxonomy":"product_cat","embeddable":true,"href":"https:\/\/milin.pl\/fr\/wp-json\/wp\/v2\/product_cat?post=47607"},{"taxonomy":"product_tag","embeddable":true,"href":"https:\/\/milin.pl\/fr\/wp-json\/wp\/v2\/product_tag?post=47607"}],"curies":[{"name":"wp","href":"https:\/\/api.w.org\/{rel}","templated":true}]}}