{"id":47917,"date":"2025-06-02T21:21:29","date_gmt":"2025-06-02T19:21:29","guid":{"rendered":"https:\/\/milin.pl\/?post_type=product&#038;p=47917"},"modified":"2025-11-10T21:58:41","modified_gmt":"2025-11-10T20:58:41","slug":"cornflower-wooden-flower-kopia","status":"publish","type":"product","link":"https:\/\/milin.pl\/fr\/produkt\/cornflower-wooden-flower-kopia\/","title":{"rendered":"Tulip &#8211; Wooden Flower"},"content":{"rendered":"","protected":false},"excerpt":{"rendered":"<p>Fleurs et feuilles en contreplaqu\u00e9 de bouleau aux couleurs \u00e9clatantes !<\/p>\n<p>Nos fleurs et feuilles en bois de bouleau sont une alternative durable et esth\u00e9tique aux fleurs fra\u00eeches. Elles apportent de d\u00e9licats accents qui transforment l\u2019espace \u2013 elles diffusent une sensation de joie, d\u2019\u00e9nergie et une touche artistique. Fabriqu\u00e9es \u00e0 la main \u00e0 partir de bois naturel, elles constituent une d\u00e9coration id\u00e9ale pour la maison, le bureau, ou peuvent faire un magnifique cadeau. Elles ne n\u00e9cessitent aucun entretien et restent toujours superbes.<\/p>\n<p>Dans notre collection, vous trouverez 9 types de fleurs aux couleurs vives et 3 feuilles de formes vari\u00e9es et de diff\u00e9rentes teintes de vert \u2013 toutes inspir\u00e9es par la nature !<\/p>\n<p>Nos fleurs et feuilles d\u00e9coratives en bois naturel allient la pr\u00e9cision artisanale \u00e0 un design moderne. Chaque \u00e9l\u00e9ment est soigneusement d\u00e9coup\u00e9, travaill\u00e9 \u00e0 la main, puis peint avec des peintures durables et non toxiques. Les fleurs et les feuilles sont disponibles en plusieurs formes et couleurs, permettant de cr\u00e9er des arrangements uniques adapt\u00e9s \u00e0 chaque int\u00e9rieur. Elles peuvent \u00eatre combin\u00e9es librement. Elles sont du plus bel effet dans de grandes compositions, associ\u00e9es \u00e0 des fleurs fra\u00eeches ou \u00e0 des branches. Elles sont \u00e9galement magnifiques en d\u00e9coration murale.<\/p>\n<p>Dimensions : 20 x 33 cm<\/p>\n<p>Les produits sont l\u00e9gers, stables et r\u00e9sistants aux dommages, ce qui en fait une excellente alternative aux plantes fra\u00eeches.<\/p>\n<p>Ces d\u00e9corations sont destin\u00e9es \u00e0 un usage int\u00e9rieur uniquement. Vous pouvez les nettoyer avec un chiffon sec ou l\u00e9g\u00e8rement humide.<br \/>\nLes fleurs sont emball\u00e9es individuellement ou en sets \u2013 dans des emballages \u00e9cologiques en carton.<br \/>\nLes produits sont fabriqu\u00e9s localement en Pologne, avec un soin particulier port\u00e9 \u00e0\u00a0chaque\u00a0d\u00e9tail.<\/p>\n","protected":false},"featured_media":47666,"template":"","meta":{"_acf_changed":false},"product_brand":[],"product_cat":[248,267],"product_tag":[],"class_list":{"0":"post-47917","1":"product","2":"type-product","3":"status-publish","4":"has-post-thumbnail","6":"product_cat-decorations","7":"product_cat-fleurs","9":"first","10":"instock","11":"taxable","12":"shipping-taxable","13":"purchasable","14":"product-type-simple"},"acf":[],"_links":{"self":[{"href":"https:\/\/milin.pl\/fr\/wp-json\/wp\/v2\/product\/47917","targetHints":{"allow":["GET"]}}],"collection":[{"href":"https:\/\/milin.pl\/fr\/wp-json\/wp\/v2\/product"}],"about":[{"href":"https:\/\/milin.pl\/fr\/wp-json\/wp\/v2\/types\/product"}],"wp:featuredmedia":[{"embeddable":true,"href":"https:\/\/milin.pl\/fr\/wp-json\/wp\/v2\/media\/47666"}],"wp:attachment":[{"href":"https:\/\/milin.pl\/fr\/wp-json\/wp\/v2\/media?parent=47917"}],"wp:term":[{"taxonomy":"product_brand","embeddable":true,"href":"https:\/\/milin.pl\/fr\/wp-json\/wp\/v2\/product_brand?post=47917"},{"taxonomy":"product_cat","embeddable":true,"href":"https:\/\/milin.pl\/fr\/wp-json\/wp\/v2\/product_cat?post=47917"},{"taxonomy":"product_tag","embeddable":true,"href":"https:\/\/milin.pl\/fr\/wp-json\/wp\/v2\/product_tag?post=47917"}],"curies":[{"name":"wp","href":"https:\/\/api.w.org\/{rel}","templated":true}]}}