{"id":48542,"date":"2025-10-20T18:40:18","date_gmt":"2025-10-20T16:40:18","guid":{"rendered":"https:\/\/milin.pl\/?post_type=product&#038;p=48542"},"modified":"2025-10-20T18:47:09","modified_gmt":"2025-10-20T16:47:09","slug":"patineur-sur-glace-decoration-de-sapin-de-noel","status":"publish","type":"product","link":"https:\/\/milin.pl\/fr\/produkt\/patineur-sur-glace-decoration-de-sapin-de-noel\/","title":{"rendered":"Patineur sur glace &#8211; D\u00e9coration de sapin de No\u00ebl"},"content":{"rendered":"<p>Cette d\u00e9coration de No\u00ebl est r\u00e9alis\u00e9e en contreplaqu\u00e9 de bouleau imprim\u00e9. L&rsquo;ensemble comprend \u00e9galement de la ficelle dor\u00e9e et une \u00e9tiquette en papier en forme de c\u0153ur, qui peut \u00e9galement servir d&rsquo;\u00e9l\u00e9ment d\u00e9coratif.<\/p>\n<p>Fabriqu\u00e9e avec passion et amour dans un atelier de Petite-Pologne.<\/p>\n<p>Mesure environ 15 x 15 cm\u00a0; les dimensions peuvent varier l\u00e9g\u00e8rement selon le mod\u00e8le. Les couleurs des photos peuvent diff\u00e9rer l\u00e9g\u00e8rement des couleurs r\u00e9elles, car le bois pr\u00e9sente des variations naturelles de teinte et de couleur, ce qui affecte l&rsquo;effet final.<\/p>\n","protected":false},"excerpt":{"rendered":"<p>Il \u00e9tait une fois, au Pays de No\u00ebl, sous la lune couchante, Triste Champignon. Le soleil brillait \u00e0 ses c\u00f4t\u00e9s, mais lui aussi avait l&rsquo;air d\u00e9courag\u00e9.<\/p>\n<p>\u00ab Je n&rsquo;aime pas No\u00ebl \u00bb, soupira Champignon. \u00ab Personne n&rsquo;a besoin d&rsquo;un champignon comme moi. \u00bb<\/p>\n<p>\u00ab Et moi \u00bb, ajouta Ensoleill\u00e9, \u00ab je ne brille pas autant en d\u00e9cembre, alors je me sens inutile. \u00bb<\/p>\n<p>Soudain, Toutou d\u00e9vala la colline sur un tra\u00eeneau, si violemment qu&rsquo;il tomba dans les cong\u00e8res, ne laissant d\u00e9passer que sa queue ! Champignon ricana.<\/p>\n<p>\u00ab \u00c0 No\u00ebl, on rit, m\u00eame quand les choses tournent mal ! \u00bb aboya Toutou.<\/p>\n<p>Derri\u00e8re lui, un Teckel transportant des cadeaux tr\u00e9bucha sur le tra\u00eeneau et s&#8217;emm\u00eala dans son propre arc \u2013 on aurait dit un cadeau ambulant ! Les chatons, en pull, pouss\u00e8rent des cris de rire. L&rsquo;un faisait un salto, un autre tra\u00eenait une couronne plus grande que lui, et le troisi\u00e8me grignotait des biscuits au pain d&rsquo;\u00e9pices en chemin.<\/p>\n<p>Puis une voiture avec un sapin de No\u00ebl sur le toit passa, et les chatons saut\u00e8rent sur le toit en chantant des chants de No\u00ebl. Sunny sourit plus largement, et Toadstool sauta joyeusement.<\/p>\n<p>\u00c0 c\u00f4t\u00e9 d&rsquo;eux, la patineuse filait sur la pente enneig\u00e9e, ex\u00e9cutant de dr\u00f4les de pirouettes et chutant dans de l\u00e9g\u00e8res cong\u00e8res. Derri\u00e8re elle, la skieuse glissait en lan\u00e7ant des boules de neige, et la snowboardeuse chutait encore et encore, provoquant des \u00e9clats de rire.<\/p>\n<p>Enfin, la poule et le coq sortirent du poulailler, menant une procession avec le roi Pierogi, qui sentait bon No\u00ebl.<\/p>\n<p>Les f\u00eates ne sont pas une p\u00e9riode de joie pour tout le monde\u00a0; parfois, on se sent seul comme Toadstool. C&rsquo;est pourquoi il est important de regarder autour de soi, de tendre la main, de sourire et d&rsquo;\u00eatre l\u00e0 pour quelqu&rsquo;un. Car le plus beau cadeau que l&rsquo;on puisse offrir aux autres, c&rsquo;est notre gentillesse et notre pr\u00e9sence. Toadstool regarda autour de lui et sourit. \u00ab Tu as raison ! Les f\u00eates sont plus belles quand tout le monde est r\u00e9uni ! \u00bb<\/p>\n","protected":false},"featured_media":48437,"template":"","meta":{"_acf_changed":false},"product_brand":[85],"product_cat":[255],"product_tag":[],"class_list":{"0":"post-48542","1":"product","2":"type-product","3":"status-publish","4":"has-post-thumbnail","6":"product_brand-milin-toys","7":"product_cat-decorations-de-noel","9":"first","10":"instock","11":"taxable","12":"shipping-taxable","13":"purchasable","14":"product-type-simple"},"acf":[],"_links":{"self":[{"href":"https:\/\/milin.pl\/fr\/wp-json\/wp\/v2\/product\/48542","targetHints":{"allow":["GET"]}}],"collection":[{"href":"https:\/\/milin.pl\/fr\/wp-json\/wp\/v2\/product"}],"about":[{"href":"https:\/\/milin.pl\/fr\/wp-json\/wp\/v2\/types\/product"}],"wp:featuredmedia":[{"embeddable":true,"href":"https:\/\/milin.pl\/fr\/wp-json\/wp\/v2\/media\/48437"}],"wp:attachment":[{"href":"https:\/\/milin.pl\/fr\/wp-json\/wp\/v2\/media?parent=48542"}],"wp:term":[{"taxonomy":"product_brand","embeddable":true,"href":"https:\/\/milin.pl\/fr\/wp-json\/wp\/v2\/product_brand?post=48542"},{"taxonomy":"product_cat","embeddable":true,"href":"https:\/\/milin.pl\/fr\/wp-json\/wp\/v2\/product_cat?post=48542"},{"taxonomy":"product_tag","embeddable":true,"href":"https:\/\/milin.pl\/fr\/wp-json\/wp\/v2\/product_tag?post=48542"}],"curies":[{"name":"wp","href":"https:\/\/api.w.org\/{rel}","templated":true}]}}