{"id":48668,"date":"2025-09-11T16:39:30","date_gmt":"2025-09-11T14:39:30","guid":{"rendered":"https:\/\/milin.pl\/?post_type=product&#038;p=48668"},"modified":"2026-04-18T11:55:31","modified_gmt":"2026-04-18T09:55:31","slug":"module-2-en-1-toboggan-pikler-et-mur-descalade","status":"publish","type":"product","link":"https:\/\/milin.pl\/fr\/produkt\/module-2-en-1-toboggan-pikler-et-mur-descalade\/","title":{"rendered":"Module 2 en 1: toboggan  et mur d&rsquo;escalade"},"content":{"rendered":"","protected":false},"excerpt":{"rendered":"<div>\n<div>\n<p>Module 2 en 1 : Toboggan et mur d&rsquo;escalade &#8211; Encore plus de plaisir et d&rsquo;exercice \u00e0 la maison !<\/p>\n<\/div>\n<div>\n<p>Cet \u00e9l\u00e9ment suppl\u00e9mentaire, une planche double face (toboggan et mur d&rsquo;escalade), enrichira les jeux et permettra \u00e0 votre enfant de d\u00e9velopper diverses comp\u00e9tences dans un environnement familial et s\u00e9curis\u00e9.<\/p>\n<\/div>\n<div>\n<p>Principaux avantages :<\/p>\n<\/div>\n<ul>\n<li>Module deux en 1 suppl\u00e9mentaire : un c\u00f4t\u00e9 est un toboggan fluide, l&rsquo;autre une \u00e9chelle d&rsquo;escalade.<\/li>\n<li>D\u00e9veloppement de la motricit\u00e9 globale : L&rsquo;escalade et la glissade favorisent l&rsquo;\u00e9quilibre, la coordination et la ma\u00eetrise des mouvements.<\/li>\n<li>D\u00e9veloppement cognitif : Am\u00e9liore le sens de l&rsquo;orientation spatiale et corporelle de l&rsquo;enfant. Cela d\u00e9veloppe \u00e9galement la confiance en soi et le courage.<\/li>\n<li>Ajustabilit\u00e9 : La planche peut \u00eatre suspendue \u00e0 diff\u00e9rents \u00e9chelons, ce qui permet de modifier l&rsquo;angle et le niveau de difficult\u00e9.<\/li>\n<li>Jeu cr\u00e9atif : Le toboggan peut se transformer en pont, en rampe pour voitures ou en sc\u00e8ne. L&rsquo;imagination de l&rsquo;enfant est la seule limite. L&rsquo;\u00e9chelle classique, recouverte d&rsquo;une couverture, peut se transformer en maison ou en base. Construction s\u00fbre \u2013 un module solidement fix\u00e9 assure confort et s\u00e9curit\u00e9 pendant le jeu.<\/li>\n<\/ul>\n<div>\n<p>Dimensions\u00a0:<\/p>\n<\/div>\n<ul>\n<li>Hauteur du toboggan\u00a0: 110\u00a0cm<\/li>\n<li>Largeur\u00a0: 42,5\u00a0cm<\/li>\n<\/ul>\n<div>\n<p>Adapt\u00e9 aux\u00a0:<\/p>\n<\/div>\n<ul>\n<li>Convient aux enfants \u00e0 partir de 3\u00a0ans.<\/li>\n<li>Charge maximale\u00a0: environ 60\u00a0kg.<\/li>\n<\/ul>\n<div>\n<p>S\u00e9curit\u00e9\u00a0:<\/p>\n<\/div>\n<ul>\n<li>Contreplaqu\u00e9 et bois naturels, certifi\u00e9s et non toxiques.<\/li>\n<li>Ar\u00eates soigneusement arrondies.<\/li>\n<li>Peint avec des vernis non toxiques et sans danger pour les enfants.<\/li>\n<\/ul>\n<div>\n<p>L\u2019\u00e9chelle n\u2019est pas seulement un jouet, c\u2019est aussi un outil de d\u00e9veloppement psychomoteur. , les enfants apprennent \u00e0 devenir autonomes, \u00e0 surmonter les obstacles et \u00e0 d\u00e9velopper leur confiance en eux dans un environnement s\u00e9curis\u00e9.<\/p>\n<\/div>\n<\/div>\n","protected":false},"featured_media":48145,"template":"","meta":{"_acf_changed":false},"product_brand":[],"product_cat":[199],"product_tag":[],"class_list":{"0":"post-48668","1":"product","2":"type-product","3":"status-publish","4":"has-post-thumbnail","6":"product_cat-nouveau","8":"first","9":"instock","10":"taxable","11":"shipping-taxable","12":"purchasable","13":"product-type-simple"},"acf":[],"_links":{"self":[{"href":"https:\/\/milin.pl\/fr\/wp-json\/wp\/v2\/product\/48668","targetHints":{"allow":["GET"]}}],"collection":[{"href":"https:\/\/milin.pl\/fr\/wp-json\/wp\/v2\/product"}],"about":[{"href":"https:\/\/milin.pl\/fr\/wp-json\/wp\/v2\/types\/product"}],"wp:featuredmedia":[{"embeddable":true,"href":"https:\/\/milin.pl\/fr\/wp-json\/wp\/v2\/media\/48145"}],"wp:attachment":[{"href":"https:\/\/milin.pl\/fr\/wp-json\/wp\/v2\/media?parent=48668"}],"wp:term":[{"taxonomy":"product_brand","embeddable":true,"href":"https:\/\/milin.pl\/fr\/wp-json\/wp\/v2\/product_brand?post=48668"},{"taxonomy":"product_cat","embeddable":true,"href":"https:\/\/milin.pl\/fr\/wp-json\/wp\/v2\/product_cat?post=48668"},{"taxonomy":"product_tag","embeddable":true,"href":"https:\/\/milin.pl\/fr\/wp-json\/wp\/v2\/product_tag?post=48668"}],"curies":[{"name":"wp","href":"https:\/\/api.w.org\/{rel}","templated":true}]}}