{"id":48717,"date":"2025-10-23T19:23:55","date_gmt":"2025-10-23T17:23:55","guid":{"rendered":"https:\/\/milin.pl\/?post_type=product&#038;p=48717"},"modified":"2025-10-23T19:26:55","modified_gmt":"2025-10-23T17:26:55","slug":"nuddle-the-cat-decoration-murale-kopia","status":"publish","type":"product","link":"https:\/\/milin.pl\/fr\/produkt\/nuddle-the-cat-decoration-murale-kopia\/","title":{"rendered":"Ramen the cat &#8211; d\u00e9coration murale"},"content":{"rendered":"<p>Une charmante d\u00e9coration murale en contreplaqu\u00e9 de bouleau avec un imprim\u00e9 durable. Le ruban adh\u00e9sif inclus facilite la fixation murale. Id\u00e9ale pour cr\u00e9er une galerie unique de vos \u0153uvres ou comme marqueur ludique pour les gamelles de votre chat. Son design chaleureux et accueillant apportera une touche de gaiet\u00e9 \u00e0 votre int\u00e9rieur.<\/p>\n","protected":false},"excerpt":{"rendered":"<p>Un ma\u00eetre du yoga, de la m\u00e9ditation et du pliage en bretzel.<br \/>\nQuand il dort, le monde entier a h\u00e2te de le voir se r\u00e9veiller.<\/p>\n","protected":false},"featured_media":48732,"template":"","meta":{"_acf_changed":false},"product_brand":[],"product_cat":[264],"product_tag":[],"class_list":{"0":"post-48717","1":"product","2":"type-product","3":"status-publish","4":"has-post-thumbnail","6":"product_cat-decorations-murales","8":"first","9":"instock","10":"taxable","11":"shipping-taxable","12":"purchasable","13":"product-type-simple"},"acf":[],"_links":{"self":[{"href":"https:\/\/milin.pl\/fr\/wp-json\/wp\/v2\/product\/48717","targetHints":{"allow":["GET"]}}],"collection":[{"href":"https:\/\/milin.pl\/fr\/wp-json\/wp\/v2\/product"}],"about":[{"href":"https:\/\/milin.pl\/fr\/wp-json\/wp\/v2\/types\/product"}],"wp:featuredmedia":[{"embeddable":true,"href":"https:\/\/milin.pl\/fr\/wp-json\/wp\/v2\/media\/48732"}],"wp:attachment":[{"href":"https:\/\/milin.pl\/fr\/wp-json\/wp\/v2\/media?parent=48717"}],"wp:term":[{"taxonomy":"product_brand","embeddable":true,"href":"https:\/\/milin.pl\/fr\/wp-json\/wp\/v2\/product_brand?post=48717"},{"taxonomy":"product_cat","embeddable":true,"href":"https:\/\/milin.pl\/fr\/wp-json\/wp\/v2\/product_cat?post=48717"},{"taxonomy":"product_tag","embeddable":true,"href":"https:\/\/milin.pl\/fr\/wp-json\/wp\/v2\/product_tag?post=48717"}],"curies":[{"name":"wp","href":"https:\/\/api.w.org\/{rel}","templated":true}]}}