{"id":49065,"date":"2025-12-06T09:46:35","date_gmt":"2025-12-06T08:46:35","guid":{"rendered":"https:\/\/milin.pl\/?post_type=product&#038;p=49065"},"modified":"2025-12-07T09:43:56","modified_gmt":"2025-12-07T08:43:56","slug":"lotus-the-french-bulldog-decoration-murale-kopia","status":"publish","type":"product","link":"https:\/\/milin.pl\/fr\/produkt\/lotus-the-french-bulldog-decoration-murale-kopia\/","title":{"rendered":"Winston the Dachshund &#8211; d\u00e9coration murale"},"content":{"rendered":"<p>Une charmante d\u00e9coration murale en contreplaqu\u00e9 de bouleau avec un imprim\u00e9 durable. Le ruban adh\u00e9sif inclus facilite la fixation murale. Id\u00e9ale pour cr\u00e9er une galerie unique de vos \u0153uvres ou comme marqueur ludique pour les gamelles de votre chien. Son design chaleureux et accueillant apportera une touche de gaiet\u00e9 \u00e0 votre int\u00e9rieur.<\/p>\n","protected":false},"excerpt":{"rendered":"<p>He truly hates stairs and waiting for more than 2 seconds for satisfying his needs.<\/p>\n<p>Growls at the carpet, later at his own tail.<\/p>\n<p>Once he sees you and a warm blanket, he forgets about everything.<\/p>\n","protected":false},"featured_media":49461,"template":"","meta":{"_acf_changed":false},"product_brand":[],"product_cat":[264],"product_tag":[],"class_list":{"0":"post-49065","1":"product","2":"type-product","3":"status-publish","4":"has-post-thumbnail","6":"product_cat-decorations-murales","8":"first","9":"instock","10":"taxable","11":"shipping-taxable","12":"purchasable","13":"product-type-simple"},"acf":[],"_links":{"self":[{"href":"https:\/\/milin.pl\/fr\/wp-json\/wp\/v2\/product\/49065","targetHints":{"allow":["GET"]}}],"collection":[{"href":"https:\/\/milin.pl\/fr\/wp-json\/wp\/v2\/product"}],"about":[{"href":"https:\/\/milin.pl\/fr\/wp-json\/wp\/v2\/types\/product"}],"wp:featuredmedia":[{"embeddable":true,"href":"https:\/\/milin.pl\/fr\/wp-json\/wp\/v2\/media\/49461"}],"wp:attachment":[{"href":"https:\/\/milin.pl\/fr\/wp-json\/wp\/v2\/media?parent=49065"}],"wp:term":[{"taxonomy":"product_brand","embeddable":true,"href":"https:\/\/milin.pl\/fr\/wp-json\/wp\/v2\/product_brand?post=49065"},{"taxonomy":"product_cat","embeddable":true,"href":"https:\/\/milin.pl\/fr\/wp-json\/wp\/v2\/product_cat?post=49065"},{"taxonomy":"product_tag","embeddable":true,"href":"https:\/\/milin.pl\/fr\/wp-json\/wp\/v2\/product_tag?post=49065"}],"curies":[{"name":"wp","href":"https:\/\/api.w.org\/{rel}","templated":true}]}}